{"id":8234,"date":"2018-05-31T18:30:10","date_gmt":"2018-05-31T18:30:10","guid":{"rendered":"http:\/\/www.baghouse.com\/?post_type=product&#038;p=8234"},"modified":"2023-10-05T22:50:35","modified_gmt":"2023-10-05T22:50:35","slug":"leak-testing-kit","status":"publish","type":"product","link":"https:\/\/baghouse.com\/es\/product\/leak-testing-kit\/","title":{"rendered":"Equipo para detecci\u00f3n de fugas"},"content":{"rendered":"","protected":false},"excerpt":{"rendered":"<p>Baghouse.com ofrece una variedad de luces UV monocrom\u00e1ticas para usar con nuestro polvo de detecci\u00f3n de fugas. Adem\u00e1s de las luces negras est\u00e1ndar con cable y sin cable, Baghouse.com tambi\u00e9n es el distribuidor exclusivo de una l\u00ednea de linternas de luz negra port\u00e1tiles dise\u00f1adas espec\u00edficamente para su uso en sistemas de recolecci\u00f3n de polvo. Estas herramientas son \u00fatiles para identificar fugas cuando se utilizan con el polvo de detecci\u00f3n. <a href=\"http:\/\/www.baghouse.com\/wp-content\/uploads\/2011\/01\/Baby-Blue-Plus-Leak-Test-Kit.pdf\">APRENDE M\u00c1S<\/a><\/p>","protected":false},"featured_media":6654,"comment_status":"open","ping_status":"closed","template":"","meta":{"_acf_changed":false},"product_brand":[],"product_cat":[93],"product_tag":[88,87],"class_list":{"0":"post-8234","1":"product","2":"type-product","3":"status-publish","4":"has-post-thumbnail","6":"product_cat-leak-testing-supplies","7":"product_tag-leak-testing","8":"product_tag-leak-testing-supplies","9":"product_shipping_class-flat-rate","11":"first","12":"instock","13":"taxable","14":"shipping-taxable","15":"purchasable","16":"product-type-simple"},"acf":[],"_links":{"self":[{"href":"https:\/\/baghouse.com\/es\/wp-json\/wp\/v2\/product\/8234","targetHints":{"allow":["GET"]}}],"collection":[{"href":"https:\/\/baghouse.com\/es\/wp-json\/wp\/v2\/product"}],"about":[{"href":"https:\/\/baghouse.com\/es\/wp-json\/wp\/v2\/types\/product"}],"replies":[{"embeddable":true,"href":"https:\/\/baghouse.com\/es\/wp-json\/wp\/v2\/comments?post=8234"}],"wp:featuredmedia":[{"embeddable":true,"href":"https:\/\/baghouse.com\/es\/wp-json\/wp\/v2\/media\/6654"}],"wp:attachment":[{"href":"https:\/\/baghouse.com\/es\/wp-json\/wp\/v2\/media?parent=8234"}],"wp:term":[{"taxonomy":"product_brand","embeddable":true,"href":"https:\/\/baghouse.com\/es\/wp-json\/wp\/v2\/product_brand?post=8234"},{"taxonomy":"product_cat","embeddable":true,"href":"https:\/\/baghouse.com\/es\/wp-json\/wp\/v2\/product_cat?post=8234"},{"taxonomy":"product_tag","embeddable":true,"href":"https:\/\/baghouse.com\/es\/wp-json\/wp\/v2\/product_tag?post=8234"}],"curies":[{"name":"wp","href":"https:\/\/api.w.org\/{rel}","templated":true}]}}