{"id":3933,"date":"2018-02-14T00:28:39","date_gmt":"2018-02-14T00:28:39","guid":{"rendered":"http:\/\/www.baghouse.com\/?post_type=product&#038;p=3933"},"modified":"2025-05-16T15:17:39","modified_gmt":"2025-05-16T15:17:39","slug":"leak-test-powder","status":"publish","type":"product","link":"https:\/\/baghouse.com\/es\/product\/leak-test-powder\/","title":{"rendered":"Polvo para detecci\u00f3n de fugas"},"content":{"rendered":"","protected":false},"excerpt":{"rendered":"<p>UV leak detection powder, 20-lb lot (4 5-lb pails packed in a box for shipping). Our leak detection powder comes in several different colors to facilitate its use in many different types of environments. Depending on the type of material that your Baghouse processes, it is vital that you choose the appropriate color powder:<\/p>\n<ul>\n<li><strong>Rosa:<\/strong> para todas las industrias.<\/li>\n<li><strong>Naranja:<\/strong> para todas las industrias excepto aquellas donde est\u00e1 presente \u00f3xido de hierro.<\/li>\n<li><strong>Verde:<\/strong> para industrias de aluminio, cemento y servicios p\u00fablicos.<\/li>\n<li><strong>Amarillo:<\/strong> para todas las industrias excepto cemento, cal, asfalto, servicios p\u00fablicos y plantas de cogeneraci\u00f3n con presencia de azufre en el polvo.<\/li>\n<li>Otros colores son \u00fatiles para plantas que realizan m\u00faltiples pruebas al a\u00f1o.<\/li>\n<\/ul>\n<p><strong>NOTA PARA LOS ENV\u00cdOS:<\/strong>: Leak test powder comes in 20 lbs. (4 buckets) increments. All shipping rates are for UPS Ground service. Standard lead time is 1-2 weeks. If you are <strong>outside of the continental U.S. or Canada<\/strong>, o <strong>o necesita un servicio urgente,<\/strong> please call (702) 848-3990 or<a href=\"https:\/\/baghouse.com\/es\/contact\/\"> aqu\u00ed,<\/a> llame al (702) 291-7427 o env\u00edenos un correo para obtener una tarifa de env\u00edo personalizada.<\/p>\n<div class=\"clear\">For large orders over 100 lb of powder or more than 5 light kits please <a href=\"https:\/\/baghouse.com\/es\/contact\/\">contact us here<\/a>\u00a0to request a custom price quote.<\/div>","protected":false},"featured_media":3934,"comment_status":"closed","ping_status":"closed","template":"","meta":{"_acf_changed":false},"product_brand":[],"product_cat":[93],"product_tag":[88,89,87],"class_list":{"0":"post-3933","1":"product","2":"type-product","3":"status-publish","4":"has-post-thumbnail","6":"product_cat-leak-testing-supplies","7":"product_tag-leak-testing","8":"product_tag-leak-testing-powder","9":"product_tag-leak-testing-supplies","10":"product_shipping_class-shipping-and-handling","12":"first","13":"instock","14":"taxable","15":"shipping-taxable","16":"purchasable","17":"product-type-variable"},"acf":[],"_links":{"self":[{"href":"https:\/\/baghouse.com\/es\/wp-json\/wp\/v2\/product\/3933","targetHints":{"allow":["GET"]}}],"collection":[{"href":"https:\/\/baghouse.com\/es\/wp-json\/wp\/v2\/product"}],"about":[{"href":"https:\/\/baghouse.com\/es\/wp-json\/wp\/v2\/types\/product"}],"replies":[{"embeddable":true,"href":"https:\/\/baghouse.com\/es\/wp-json\/wp\/v2\/comments?post=3933"}],"wp:featuredmedia":[{"embeddable":true,"href":"https:\/\/baghouse.com\/es\/wp-json\/wp\/v2\/media\/3934"}],"wp:attachment":[{"href":"https:\/\/baghouse.com\/es\/wp-json\/wp\/v2\/media?parent=3933"}],"wp:term":[{"taxonomy":"product_brand","embeddable":true,"href":"https:\/\/baghouse.com\/es\/wp-json\/wp\/v2\/product_brand?post=3933"},{"taxonomy":"product_cat","embeddable":true,"href":"https:\/\/baghouse.com\/es\/wp-json\/wp\/v2\/product_cat?post=3933"},{"taxonomy":"product_tag","embeddable":true,"href":"https:\/\/baghouse.com\/es\/wp-json\/wp\/v2\/product_tag?post=3933"}],"curies":[{"name":"wp","href":"https:\/\/api.w.org\/{rel}","templated":true}]}}