{"id":33606,"date":"2026-03-05T13:38:40","date_gmt":"2026-03-05T13:38:40","guid":{"rendered":"https:\/\/baghouse.com\/?page_id=33606"},"modified":"2026-03-25T19:14:35","modified_gmt":"2026-03-25T19:14:35","slug":"dust-collection-design-for-woodworking-webinar-2026","status":"publish","type":"page","link":"https:\/\/baghouse.com\/es\/dust-collection-design-for-woodworking-webinar-2026\/","title":{"rendered":"Designing Dust Collection Systems for Woodworking\u00a0\u2013 Webinar 2026"},"content":{"rendered":"<div data-elementor-type=\"wp-page\" data-elementor-id=\"33606\" class=\"elementor elementor-33606\" data-elementor-post-type=\"page\">\n\t\t\t\t<div class=\"elementor-element elementor-element-34c6241 e-flex e-con-boxed e-con e-parent\" data-id=\"34c6241\" data-element_type=\"container\">\n\t\t\t\t\t<div class=\"e-con-inner\">\n\t\t\t\t<div class=\"elementor-element elementor-element-bef209e elementor-widget elementor-widget-image\" data-id=\"bef209e\" data-element_type=\"widget\" data-widget_type=\"image.default\">\n\t\t\t\t<div class=\"elementor-widget-container\">\n\t\t\t\t\t\t\t\t\t\t\t\t\t\t\t\t<a href=\"https:\/\/baghouse.com\/es\/webinars\/\">\n\t\t\t\t\t\t\t<img fetchpriority=\"high\" decoding=\"async\" width=\"1030\" height=\"579\" src=\"https:\/\/baghouse.com\/wp-content\/uploads\/2026\/03\/Webinar_S-1.png\" class=\"attachment-large size-large wp-image-33619\" alt=\"Designing Dust Collection Systems for Woodworking\" srcset=\"https:\/\/baghouse.com\/wp-content\/uploads\/2026\/03\/Webinar_S-1.png 1920w, https:\/\/baghouse.com\/wp-content\/uploads\/2026\/03\/Webinar_S-1-300x169.png 300w, https:\/\/baghouse.com\/wp-content\/uploads\/2026\/03\/Webinar_S-1-1030x579.png 1030w, https:\/\/baghouse.com\/wp-content\/uploads\/2026\/03\/Webinar_S-1-768x432.png 768w, https:\/\/baghouse.com\/wp-content\/uploads\/2026\/03\/Webinar_S-1-1536x864.png 1536w, https:\/\/baghouse.com\/wp-content\/uploads\/2026\/03\/Webinar_S-1-18x10.png 18w, https:\/\/baghouse.com\/wp-content\/uploads\/2026\/03\/Webinar_S-1-1500x844.png 1500w, https:\/\/baghouse.com\/wp-content\/uploads\/2026\/03\/Webinar_S-1-705x397.png 705w, https:\/\/baghouse.com\/wp-content\/uploads\/2026\/03\/Webinar_S-1-450x253.png 450w\" sizes=\"(max-width: 1030px) 100vw, 1030px\" \/>\t\t\t\t\t\t\t\t<\/a>\n\t\t\t\t\t\t\t\t\t\t\t\t\t\t\t<\/div>\n\t\t\t\t<\/div>\n\t\t\t\t\t<\/div>\n\t\t\t\t<\/div>\n\t\t<div class=\"elementor-element elementor-element-a320b0f e-flex e-con-boxed e-con e-parent\" data-id=\"a320b0f\" data-element_type=\"container\">\n\t\t\t\t\t<div class=\"e-con-inner\">\n\t\t\t\t<div class=\"elementor-element elementor-element-718f01e elementor-widget elementor-widget-spacer\" data-id=\"718f01e\" data-element_type=\"widget\" data-widget_type=\"spacer.default\">\n\t\t\t\t<div class=\"elementor-widget-container\">\n\t\t\t\t\t\t\t<div class=\"elementor-spacer\">\n\t\t\t<div class=\"elementor-spacer-inner\"><\/div>\n\t\t<\/div>\n\t\t\t\t\t\t<\/div>\n\t\t\t\t<\/div>\n\t\t\t\t<div class=\"elementor-element elementor-element-a4affea elementor-widget elementor-widget-text-editor\" data-id=\"a4affea\" data-element_type=\"widget\" data-widget_type=\"text-editor.default\">\n\t\t\t\t<div class=\"elementor-widget-container\">\n\t\t\t\t\t\t\t\t\t<p><strong>Asistir a este webinar te dar\u00e1 una comprensi\u00f3n pr\u00e1ctica de c\u00f3mo funcionan los sistemas de control de polvo en entornos reales de carpinter\u00eda, desde peque\u00f1os talleres hasta grandes instalaciones industriales. Aprender\u00e1s c\u00f3mo se genera el polvo de madera en diferentes procesos, por qu\u00e9 el dise\u00f1o adecuado del sistema es fundamental para la salud de los trabajadores, la calidad del aire, el rendimiento de las m\u00e1quinas y la prevenci\u00f3n de incendios y explosiones, y c\u00f3mo cada componente \u2014campanas, ductos, colectores y ventiladores\u2014 influye en el rendimiento general del sistema. <\/strong><\/p>\n<p><strong>Ya sea que operes, mantengas o dise\u00f1es instalaciones de carpinter\u00eda, este webinar te ayudar\u00e1 a entender mejor c\u00f3mo construir sistemas de control de polvo m\u00e1s seguros, m\u00e1s limpios y m\u00e1s confiables.<\/strong><\/p>\t\t\t\t\t\t\t\t<\/div>\n\t\t\t\t<\/div>\n\t\t\t\t<div class=\"elementor-element elementor-element-43b065e elementor-widget elementor-widget-text-editor\" data-id=\"43b065e\" data-element_type=\"widget\" data-widget_type=\"text-editor.default\">\n\t\t\t\t<div class=\"elementor-widget-container\">\n\t\t\t\t\t\t\t\t\t<h1>CONTENIDO DEL WEBINAR<\/h1>\n<p>DURACI\u00d3N DEL EVENTO: 1 hora<\/p>\n<ul>\n<li>\n<h3>Por qu\u00e9 el control de polvo es importante en la carpinter\u00eda<\/h3>\n<\/li>\n<li>\n<h3>Industrias y procesos de carpinter\u00eda<\/h3>\n<\/li>\n<li>\n<h3>Procesos comunes de carpinter\u00eda que generan polvo<\/h3>\n<\/li>\n<li>\n<h3>Comprender las caracter\u00edsticas del polvo de madera<\/h3>\n<\/li>\n<li>\n<h3>Los cuatro componentes principales de un sistema de control de polvo<\/h3>\n<\/li>\n<li>\n<h3>Selecci\u00f3n de colectores de polvo para carpinter\u00eda<\/h3>\n<\/li>\n<li>\n<h3>Seguridad frente al polvo combustible en la carpinter\u00eda<\/h3>\n<\/li>\n<\/ul>\n<p><\/p>\n<p><\/p>\t\t\t\t\t\t\t\t<\/div>\n\t\t\t\t<\/div>\n\t\t\t\t<div class=\"elementor-element elementor-element-b84fc64 elementor-align-center elementor-widget elementor-widget-button\" data-id=\"b84fc64\" data-element_type=\"widget\" data-widget_type=\"button.default\">\n\t\t\t\t<div class=\"elementor-widget-container\">\n\t\t\t\t\t\t\t\t\t<div class=\"elementor-button-wrapper\">\n\t\t\t\t\t<a class=\"elementor-button elementor-button-link elementor-size-sm\" href=\"https:\/\/baghouse.com\/es\/new-free-webinar-designing-dust-collection-systems-for-woodworking\/\" target=\"_blank\">\n\t\t\t\t\t\t<span class=\"elementor-button-content-wrapper\">\n\t\t\t\t\t\t\t\t\t<span class=\"elementor-button-text\">Aprend\u00e9 m\u00e1s sobre este webinar<\/span>\n\t\t\t\t\t<\/span>\n\t\t\t\t\t<\/a>\n\t\t\t\t<\/div>\n\t\t\t\t\t\t\t\t<\/div>\n\t\t\t\t<\/div>\n\t\t\t\t\t<\/div>\n\t\t\t\t<\/div>\n\t\t<div class=\"elementor-element elementor-element-e245a26 e-flex e-con-boxed e-con e-parent\" data-id=\"e245a26\" data-element_type=\"container\">\n\t\t\t\t\t<div class=\"e-con-inner\">\n\t\t\t\t<div class=\"elementor-element elementor-element-d9108a1 elementor-widget-divider--view-line elementor-widget elementor-widget-divider\" data-id=\"d9108a1\" data-element_type=\"widget\" data-widget_type=\"divider.default\">\n\t\t\t\t<div class=\"elementor-widget-container\">\n\t\t\t\t\t\t\t<div class=\"elementor-divider\">\n\t\t\t<span class=\"elementor-divider-separator\">\n\t\t\t\t\t\t<\/span>\n\t\t<\/div>\n\t\t\t\t\t\t<\/div>\n\t\t\t\t<\/div>\n\t\t\t\t\t<\/div>\n\t\t\t\t<\/div>\n\t\t<div class=\"elementor-element elementor-element-044f490 e-flex e-con-boxed e-con e-parent\" data-id=\"044f490\" data-element_type=\"container\">\n\t\t\t\t\t<div class=\"e-con-inner\">\n\t\t\t\t<div class=\"elementor-element elementor-element-2da87aa elementor-align-center elementor-widget elementor-widget-button\" data-id=\"2da87aa\" data-element_type=\"widget\" data-widget_type=\"button.default\">\n\t\t\t\t<div class=\"elementor-widget-container\">\n\t\t\t\t\t\t\t\t\t<div class=\"elementor-button-wrapper\">\n\t\t\t\t\t<a class=\"elementor-button elementor-button-link elementor-size-sm\" href=\"https:\/\/baghouse.com\/es\/webinars\/\" target=\"_blank\">\n\t\t\t\t\t\t<span class=\"elementor-button-content-wrapper\">\n\t\t\t\t\t\t\t\t\t<span class=\"elementor-button-text\">WATCH ON DEMAND<\/span>\n\t\t\t\t\t<\/span>\n\t\t\t\t\t<\/a>\n\t\t\t\t<\/div>\n\t\t\t\t\t\t\t\t<\/div>\n\t\t\t\t<\/div>\n\t\t\t\t\t<\/div>\n\t\t\t\t<\/div>\n\t\t\t\t<\/div>","protected":false},"excerpt":{"rendered":"<p>Attending this webinar will give you a practical understanding of how dust collection systems work in real woodworking environments\u2014from small shops to large industrial facilities. You\u2019ll learn how wood dust is generated across different processes, why proper system design is critical for employee health, air quality, machine performance, and fire and explosion prevention, and how [&hellip;]<\/p>\n","protected":false},"author":12,"featured_media":0,"parent":0,"menu_order":0,"comment_status":"closed","ping_status":"closed","template":"","meta":{"_acf_changed":false,"footnotes":""},"class_list":["post-33606","page","type-page","status-publish","hentry"],"acf":[],"_links":{"self":[{"href":"https:\/\/baghouse.com\/es\/wp-json\/wp\/v2\/pages\/33606","targetHints":{"allow":["GET"]}}],"collection":[{"href":"https:\/\/baghouse.com\/es\/wp-json\/wp\/v2\/pages"}],"about":[{"href":"https:\/\/baghouse.com\/es\/wp-json\/wp\/v2\/types\/page"}],"author":[{"embeddable":true,"href":"https:\/\/baghouse.com\/es\/wp-json\/wp\/v2\/users\/12"}],"replies":[{"embeddable":true,"href":"https:\/\/baghouse.com\/es\/wp-json\/wp\/v2\/comments?post=33606"}],"version-history":[{"count":33,"href":"https:\/\/baghouse.com\/es\/wp-json\/wp\/v2\/pages\/33606\/revisions"}],"predecessor-version":[{"id":34125,"href":"https:\/\/baghouse.com\/es\/wp-json\/wp\/v2\/pages\/33606\/revisions\/34125"}],"wp:attachment":[{"href":"https:\/\/baghouse.com\/es\/wp-json\/wp\/v2\/media?parent=33606"}],"curies":[{"name":"wp","href":"https:\/\/api.w.org\/{rel}","templated":true}]}}