{"id":31261,"date":"2025-11-24T17:15:16","date_gmt":"2025-11-24T17:15:16","guid":{"rendered":"https:\/\/baghouse.com\/?page_id=31261"},"modified":"2025-12-21T01:16:40","modified_gmt":"2025-12-21T01:16:40","slug":"compliant-facility-combustible-dust-hazards-free-webinar-2025","status":"publish","type":"page","link":"https:\/\/baghouse.com\/es\/compliant-facility-combustible-dust-hazards-free-webinar-2025\/","title":{"rendered":"Combustible Dust\u00a0\u2013 Webinar 2025"},"content":{"rendered":"<div data-elementor-type=\"wp-page\" data-elementor-id=\"31261\" class=\"elementor elementor-31261\" data-elementor-post-type=\"page\">\n\t\t\t\t<div class=\"elementor-element elementor-element-c6bd34c e-flex e-con-boxed e-con e-parent\" data-id=\"c6bd34c\" data-element_type=\"container\">\n\t\t\t\t\t<div class=\"e-con-inner\">\n\t\t\t\t<div class=\"elementor-element elementor-element-ab277dc elementor-widget elementor-widget-image\" data-id=\"ab277dc\" data-element_type=\"widget\" data-widget_type=\"image.default\">\n\t\t\t\t<div class=\"elementor-widget-container\">\n\t\t\t\t\t\t\t\t\t\t\t\t\t\t\t<img fetchpriority=\"high\" decoding=\"async\" width=\"1030\" height=\"579\" src=\"https:\/\/baghouse.com\/wp-content\/uploads\/2025\/11\/Combustible-Dust-Webinar_S.png\" class=\"attachment-large size-large wp-image-31252\" alt=\"Combustible Dust Webinar: Is My Facility Compliant with Combustible Hazards?\" srcset=\"https:\/\/baghouse.com\/wp-content\/uploads\/2025\/11\/Combustible-Dust-Webinar_S.png 1920w, https:\/\/baghouse.com\/wp-content\/uploads\/2025\/11\/Combustible-Dust-Webinar_S-300x169.png 300w, https:\/\/baghouse.com\/wp-content\/uploads\/2025\/11\/Combustible-Dust-Webinar_S-1030x579.png 1030w, https:\/\/baghouse.com\/wp-content\/uploads\/2025\/11\/Combustible-Dust-Webinar_S-768x432.png 768w, https:\/\/baghouse.com\/wp-content\/uploads\/2025\/11\/Combustible-Dust-Webinar_S-1536x864.png 1536w, https:\/\/baghouse.com\/wp-content\/uploads\/2025\/11\/Combustible-Dust-Webinar_S-18x10.png 18w, https:\/\/baghouse.com\/wp-content\/uploads\/2025\/11\/Combustible-Dust-Webinar_S-1500x844.png 1500w, https:\/\/baghouse.com\/wp-content\/uploads\/2025\/11\/Combustible-Dust-Webinar_S-705x397.png 705w, https:\/\/baghouse.com\/wp-content\/uploads\/2025\/11\/Combustible-Dust-Webinar_S-450x253.png 450w\" sizes=\"(max-width: 1030px) 100vw, 1030px\" \/>\t\t\t\t\t\t\t\t\t\t\t\t\t\t\t<\/div>\n\t\t\t\t<\/div>\n\t\t\t\t\t<\/div>\n\t\t\t\t<\/div>\n\t\t<div class=\"elementor-element elementor-element-265dfc0 e-flex e-con-boxed e-con e-parent\" data-id=\"265dfc0\" data-element_type=\"container\">\n\t\t\t\t\t<div class=\"e-con-inner\">\n\t\t\t\t<div class=\"elementor-element elementor-element-4fb5215 elementor-widget elementor-widget-spacer\" data-id=\"4fb5215\" data-element_type=\"widget\" data-widget_type=\"spacer.default\">\n\t\t\t\t<div class=\"elementor-widget-container\">\n\t\t\t\t\t\t\t<div class=\"elementor-spacer\">\n\t\t\t<div class=\"elementor-spacer-inner\"><\/div>\n\t\t<\/div>\n\t\t\t\t\t\t<\/div>\n\t\t\t\t<\/div>\n\t\t\t\t<div class=\"elementor-element elementor-element-5530a84 elementor-widget elementor-widget-text-editor\" data-id=\"5530a84\" data-element_type=\"widget\" data-widget_type=\"text-editor.default\">\n\t\t\t\t<div class=\"elementor-widget-container\">\n\t\t\t\t\t\t\t\t\t<div id=\"attachment_31271\" style=\"width: 283px\" class=\"wp-caption alignright\"><img decoding=\"async\" aria-describedby=\"caption-attachment-31271\" class=\"size-medium wp-image-31271\" src=\"https:\/\/baghouse.com\/wp-content\/uploads\/2025\/11\/Screenshot-2025-11-24-at-12.52.22-PM-273x300.png\" alt=\"Special Guest for our Webinar - Joe Kastigar, Regional Sales Manager of Boss Products\" width=\"273\" height=\"300\" srcset=\"https:\/\/baghouse.com\/wp-content\/uploads\/2025\/11\/Screenshot-2025-11-24-at-12.52.22-PM-273x300.png 273w, https:\/\/baghouse.com\/wp-content\/uploads\/2025\/11\/Screenshot-2025-11-24-at-12.52.22-PM-11x12.png 11w, https:\/\/baghouse.com\/wp-content\/uploads\/2025\/11\/Screenshot-2025-11-24-at-12.52.22-PM-642x705.png 642w, https:\/\/baghouse.com\/wp-content\/uploads\/2025\/11\/Screenshot-2025-11-24-at-12.52.22-PM-450x494.png 450w, https:\/\/baghouse.com\/wp-content\/uploads\/2025\/11\/Screenshot-2025-11-24-at-12.52.22-PM.png 676w\" sizes=\"(max-width: 273px) 100vw, 273px\" \/><p id=\"caption-attachment-31271\" class=\"wp-caption-text\">Invitado especial: Joe Kastigar, Gerente Regional de Boss Products<\/p><\/div><h1>CONTENIDO DEL WEBINAR<\/h1><p>DURACI\u00d3N DEL EVENTO: 1 hora<\/p><ul><li><h3><strong>\u00bfC\u00f3mo evaluar si mi polvo es combustible? (10 min) <\/strong><\/h3><\/li><li><h3><strong>\u00bfCu\u00e1les son algunas tecnolog\u00edas de prevenci\u00f3n de incendios? (10 min)<\/strong><\/h3><\/li><li><h3><strong>\u00daltimas herramientas de protecci\u00f3n contra explosiones (10 min) <\/strong><\/h3><\/li><li><h3><strong>Aplicaciones espec\u00edficas por industria (10 min) <\/strong><strong>(10 min)<\/strong><\/h3><ul><li>Carpinter\u00eda<\/li><li>Procesamiento de alimentos<\/li><li>Metal\u00fargica<\/li><li>Agricultura<\/li><li>Industria del papel<\/li><li>Muchas m\u00e1s...<\/li><\/ul><\/li><li><h3><strong>\u00bfC\u00f3mo implementarlo en mi planta? &amp; Mejores pr\u00e1cticas de mantenimiento (10 min) <\/strong><\/h3><\/li><li><h3><strong>Sesi\u00f3n de preguntas y respuestas (10 min)<\/strong><\/h3><\/li><\/ul><p>Lee m\u00e1s sobre este webinar en el art\u00edculo:\u00a0 <a href=\"https:\/\/baghouse.com\/es\/is-my-facility-compliant-with-combustible-dust-hazards-free-webinar\/\" target=\"_blank\" rel=\"noopener\"><strong>NUEVO WEBINAR GRATUITO: \u00bfCu\u00e1n segura es mi planta frente a los riesgos del polvo combustible?<\/strong><\/a><\/p>\t\t\t\t\t\t\t\t<\/div>\n\t\t\t\t<\/div>\n\t\t\t\t<div class=\"elementor-element elementor-element-b87e1f9 elementor-widget__width-initial elementor-widget elementor-widget-video\" data-id=\"b87e1f9\" data-element_type=\"widget\" data-settings=\"{&quot;youtube_url&quot;:&quot;https:\\\/\\\/youtu.be\\\/deAtmXkPqbw&quot;,&quot;show_image_overlay&quot;:&quot;yes&quot;,&quot;image_overlay&quot;:{&quot;url&quot;:&quot;https:\\\/\\\/baghouse.com\\\/wp-content\\\/uploads\\\/2025\\\/12\\\/Screenshot-2025-12-03-at-11.52.50-AM.png&quot;,&quot;id&quot;:31623,&quot;size&quot;:&quot;&quot;,&quot;alt&quot;:&quot;Combustible Dust Webinar&quot;,&quot;source&quot;:&quot;library&quot;},&quot;video_type&quot;:&quot;youtube&quot;,&quot;controls&quot;:&quot;yes&quot;}\" data-widget_type=\"video.default\">\n\t\t\t\t<div class=\"elementor-widget-container\">\n\t\t\t\t\t\t\t<div class=\"elementor-wrapper elementor-open-inline\">\n\t\t\t<div class=\"elementor-video\"><\/div>\t\t\t\t<div class=\"elementor-custom-embed-image-overlay\" style=\"background-image: url(https:\/\/baghouse.com\/wp-content\/uploads\/2025\/12\/Screenshot-2025-12-03-at-11.52.50-AM.png);\">\n\t\t\t\t\t\t\t\t\t\t\t\t\t\t\t\t<div class=\"elementor-custom-embed-play\" role=\"button\" aria-label=\"Reproducir video acerca de Combustible Dust Webinar\" tabindex=\"0\" data-no-translation-aria-label=\"\">\n\t\t\t\t\t\t\t<i aria-hidden=\"true\" class=\"eicon-play\"><\/i>\t\t\t\t\t\t<\/div>\n\t\t\t\t\t\t\t\t\t<\/div>\n\t\t\t\t\t<\/div>\n\t\t\t\t\t\t<\/div>\n\t\t\t\t<\/div>\n\t\t\t\t<div class=\"elementor-element elementor-element-37e8851 elementor-widget-divider--view-line elementor-widget elementor-widget-divider\" data-id=\"37e8851\" data-element_type=\"widget\" data-widget_type=\"divider.default\">\n\t\t\t\t<div class=\"elementor-widget-container\">\n\t\t\t\t\t\t\t<div class=\"elementor-divider\">\n\t\t\t<span class=\"elementor-divider-separator\">\n\t\t\t\t\t\t<\/span>\n\t\t<\/div>\n\t\t\t\t\t\t<\/div>\n\t\t\t\t<\/div>\n\t\t\t\t\t<\/div>\n\t\t\t\t<\/div>\n\t\t<div class=\"elementor-element elementor-element-5aa359e e-flex e-con-boxed e-con e-parent\" data-id=\"5aa359e\" data-element_type=\"container\">\n\t\t\t\t\t<div class=\"e-con-inner\">\n\t\t\t\t<div class=\"elementor-element elementor-element-b2fac57 elementor-align-center elementor-widget elementor-widget-button\" data-id=\"b2fac57\" data-element_type=\"widget\" data-widget_type=\"button.default\">\n\t\t\t\t<div class=\"elementor-widget-container\">\n\t\t\t\t\t\t\t\t\t<div class=\"elementor-button-wrapper\">\n\t\t\t\t\t<a class=\"elementor-button elementor-button-link elementor-size-sm\" href=\"https:\/\/youtu.be\/ZM0r0vuIiuY\" target=\"_blank\">\n\t\t\t\t\t\t<span class=\"elementor-button-content-wrapper\">\n\t\t\t\t\t\t\t\t\t<span class=\"elementor-button-text\">WATCH RECORDING NOW<\/span>\n\t\t\t\t\t<\/span>\n\t\t\t\t\t<\/a>\n\t\t\t\t<\/div>\n\t\t\t\t\t\t\t\t<\/div>\n\t\t\t\t<\/div>\n\t\t\t\t\t<\/div>\n\t\t\t\t<\/div>\n\t\t\t\t<\/div>","protected":false},"excerpt":{"rendered":"<p>WEBINAR CONTENTS TOTAL DURATION: 1:00 hour How To Evaluate If My Dust is Combustible? (10 min) What Are Some Fire Prevention Technologies? (10 min) Latest Explosion Protection Tools (10 min) Industry-Specific Applications (10 min) Woodworking Food Processing Metal Working Agriculture Paper Industry Many more&#8230; How to Implement in my Facility? &amp; Best Maintenance Practices (10 [&hellip;]<\/p>\n","protected":false},"author":12,"featured_media":0,"parent":0,"menu_order":0,"comment_status":"closed","ping_status":"closed","template":"","meta":{"_acf_changed":false,"footnotes":""},"class_list":["post-31261","page","type-page","status-publish","hentry"],"acf":[],"_links":{"self":[{"href":"https:\/\/baghouse.com\/es\/wp-json\/wp\/v2\/pages\/31261","targetHints":{"allow":["GET"]}}],"collection":[{"href":"https:\/\/baghouse.com\/es\/wp-json\/wp\/v2\/pages"}],"about":[{"href":"https:\/\/baghouse.com\/es\/wp-json\/wp\/v2\/types\/page"}],"author":[{"embeddable":true,"href":"https:\/\/baghouse.com\/es\/wp-json\/wp\/v2\/users\/12"}],"replies":[{"embeddable":true,"href":"https:\/\/baghouse.com\/es\/wp-json\/wp\/v2\/comments?post=31261"}],"version-history":[{"count":31,"href":"https:\/\/baghouse.com\/es\/wp-json\/wp\/v2\/pages\/31261\/revisions"}],"predecessor-version":[{"id":32070,"href":"https:\/\/baghouse.com\/es\/wp-json\/wp\/v2\/pages\/31261\/revisions\/32070"}],"wp:attachment":[{"href":"https:\/\/baghouse.com\/es\/wp-json\/wp\/v2\/media?parent=31261"}],"curies":[{"name":"wp","href":"https:\/\/api.w.org\/{rel}","templated":true}]}}