{"id":29483,"date":"2025-09-09T12:12:43","date_gmt":"2025-09-09T12:12:43","guid":{"rendered":"https:\/\/baghouse.com\/?page_id=29483"},"modified":"2025-11-24T15:17:51","modified_gmt":"2025-11-24T15:17:51","slug":"boosting-roi-with-smart-sensors-and-industrial-iot-free-webinar-2025","status":"publish","type":"page","link":"https:\/\/baghouse.com\/es\/boosting-roi-with-smart-sensors-and-industrial-iot-free-webinar-2025\/","title":{"rendered":"Boosting ROI with Smart Sensors &amp; Industrial IoT\u00a0\u2013 Webinar 2025"},"content":{"rendered":"<div data-elementor-type=\"wp-page\" data-elementor-id=\"29483\" class=\"elementor elementor-29483\" data-elementor-post-type=\"page\">\n\t\t\t\t<div class=\"elementor-element elementor-element-6178a077 e-flex e-con-boxed e-con e-parent\" data-id=\"6178a077\" data-element_type=\"container\" data-e-type=\"container\">\n\t\t\t\t\t<div class=\"e-con-inner\">\n\t\t\t\t<div class=\"elementor-element elementor-element-21c0cc3 elementor-widget elementor-widget-video\" data-id=\"21c0cc3\" data-element_type=\"widget\" data-e-type=\"widget\" data-settings=\"{&quot;youtube_url&quot;:&quot;https:\\\/\\\/youtu.be\\\/t8YPKALmG3s&quot;,&quot;video_type&quot;:&quot;youtube&quot;,&quot;controls&quot;:&quot;yes&quot;}\" data-widget_type=\"video.default\">\n\t\t\t\t<div class=\"elementor-widget-container\">\n\t\t\t\t\t\t\t<div class=\"elementor-wrapper elementor-open-inline\">\n\t\t\t<div class=\"elementor-video\"><\/div>\t\t<\/div>\n\t\t\t\t\t\t<\/div>\n\t\t\t\t<\/div>\n\t\t\t\t<div class=\"elementor-element elementor-element-7c1bfbe elementor-widget elementor-widget-spacer\" data-id=\"7c1bfbe\" data-element_type=\"widget\" data-e-type=\"widget\" data-widget_type=\"spacer.default\">\n\t\t\t\t<div class=\"elementor-widget-container\">\n\t\t\t\t\t\t\t<div class=\"elementor-spacer\">\n\t\t\t<div class=\"elementor-spacer-inner\"><\/div>\n\t\t<\/div>\n\t\t\t\t\t\t<\/div>\n\t\t\t\t<\/div>\n\t\t\t\t<div class=\"elementor-element elementor-element-4a82798e elementor-widget elementor-widget-text-editor\" data-id=\"4a82798e\" data-element_type=\"widget\" data-e-type=\"widget\" data-widget_type=\"text-editor.default\">\n\t\t\t\t<div class=\"elementor-widget-container\">\n\t\t\t\t\t\t\t\t\t<h1>CONTENIDO DEL WEBINAR<\/h1><p>DURACI\u00d3N: 75 minutos<\/p><ul><li><div id=\"attachment_29528\" style=\"width: 310px\" class=\"wp-caption alignright\"><img fetchpriority=\"high\" decoding=\"async\" aria-describedby=\"caption-attachment-29528\" class=\"wp-image-29528 size-medium\" src=\"https:\/\/baghouse.com\/wp-content\/uploads\/2025\/09\/Screenshot-2025-09-06-at-2.15.06-PM-300x254.png\" alt=\"Webinar Special Guest - Eric Schummer, CEO of Senzary\" width=\"300\" height=\"254\" srcset=\"https:\/\/baghouse.com\/wp-content\/uploads\/2025\/09\/Screenshot-2025-09-06-at-2.15.06-PM-300x254.png 300w, https:\/\/baghouse.com\/wp-content\/uploads\/2025\/09\/Screenshot-2025-09-06-at-2.15.06-PM-1030x873.png 1030w, https:\/\/baghouse.com\/wp-content\/uploads\/2025\/09\/Screenshot-2025-09-06-at-2.15.06-PM-768x651.png 768w, https:\/\/baghouse.com\/wp-content\/uploads\/2025\/09\/Screenshot-2025-09-06-at-2.15.06-PM-14x12.png 14w, https:\/\/baghouse.com\/wp-content\/uploads\/2025\/09\/Screenshot-2025-09-06-at-2.15.06-PM-705x598.png 705w, https:\/\/baghouse.com\/wp-content\/uploads\/2025\/09\/Screenshot-2025-09-06-at-2.15.06-PM-450x382.png 450w, https:\/\/baghouse.com\/wp-content\/uploads\/2025\/09\/Screenshot-2025-09-06-at-2.15.06-PM.png 1196w\" sizes=\"(max-width: 300px) 100vw, 300px\" \/><p id=\"caption-attachment-29528\" class=\"wp-caption-text\">Invitado especial del webinar \u2013 Eric Schummer, CEO de Senzary<\/p><\/div><h3>\u00bfQu\u00e9 es el IoT y c\u00f3mo se aplica a tu planta?\u00a0<\/h3><\/li><li><h3>\ud83d\udd39 Tecnolog\u00eda IoT explicada en detalle \u2013 Entrevista con Eric Schummer<\/h3><ul><li><h3>\u00bfCu\u00e1les son los componentes b\u00e1sicos de una plataforma IoT?<\/h3><\/li><li><h3>\u27a1\ufe0f \u00bfC\u00f3mo se recolectan, transmiten y visualizan los datos? \u00bfCu\u00e1les son los pasos b\u00e1sicos para implementar herramientas inal\u00e1mbricas?<\/h3><\/li><li><h3>\u00bfQu\u00e9 tipos de sensores IoT son relevantes para los colectores de polvo y otros equipos industriales?<\/h3><\/li><li><h3>\u00bfC\u00f3mo se conectan las plataformas IoT con los sistemas empresariales ya existentes?<\/h3><\/li><li><h3>Revisi\u00f3n de casos de ROI en distintos tipos de plantas e historias reales.<\/h3><\/li><\/ul><\/li><li><h3>\ud83d\udd39 \u00bfC\u00f3mo implementar esta tecnolog\u00eda en tu planta?<\/h3><\/li><li><h3>\ud83d\udd39 Sesi\u00f3n de preguntas y respuestas con nuestros expertos\u00a0<\/h3><\/li><\/ul>\t\t\t\t\t\t\t\t<\/div>\n\t\t\t\t<\/div>\n\t\t\t\t<div class=\"elementor-element elementor-element-0d1155c elementor-widget elementor-widget-spacer\" data-id=\"0d1155c\" data-element_type=\"widget\" data-e-type=\"widget\" data-widget_type=\"spacer.default\">\n\t\t\t\t<div class=\"elementor-widget-container\">\n\t\t\t\t\t\t\t<div class=\"elementor-spacer\">\n\t\t\t<div class=\"elementor-spacer-inner\"><\/div>\n\t\t<\/div>\n\t\t\t\t\t\t<\/div>\n\t\t\t\t<\/div>\n\t\t\t\t\t<\/div>\n\t\t\t\t<\/div>\n\t\t<div class=\"elementor-element elementor-element-2dd649d e-flex e-con-boxed e-con e-parent\" data-id=\"2dd649d\" data-element_type=\"container\" data-e-type=\"container\">\n\t\t\t\t\t<div class=\"e-con-inner\">\n\t\t\t\t<div class=\"elementor-element elementor-element-b2decea elementor-align-center elementor-widget elementor-widget-button\" data-id=\"b2decea\" data-element_type=\"widget\" data-e-type=\"widget\" data-widget_type=\"button.default\">\n\t\t\t\t<div class=\"elementor-widget-container\">\n\t\t\t\t\t\t\t\t\t<div class=\"elementor-button-wrapper\">\n\t\t\t\t\t<a class=\"elementor-button elementor-button-link elementor-size-sm\" href=\"https:\/\/baghouse.com\/es\/webinars\/\">\n\t\t\t\t\t\t<span class=\"elementor-button-content-wrapper\">\n\t\t\t\t\t\t\t\t\t<span class=\"elementor-button-text\">WATCH NOW!<\/span>\n\t\t\t\t\t<\/span>\n\t\t\t\t\t<\/a>\n\t\t\t\t<\/div>\n\t\t\t\t\t\t\t\t<\/div>\n\t\t\t\t<\/div>\n\t\t\t\t\t<\/div>\n\t\t\t\t<\/div>\n\t\t\t\t<\/div>","protected":false},"excerpt":{"rendered":"<p>WEBINAR CONTENTS TOTAL DURATION 1:15 hours What is IoT, and how does it apply to your facility?\u00a0 IoT Technology Explained In Depth \u2013 Interview with Eric Schummer What are the building blocks of an IoT platform? How data gets collected, transmitted and visualized? What are the basic steps for implementing IoT tools? What are some [&hellip;]<\/p>\n","protected":false},"author":12,"featured_media":0,"parent":0,"menu_order":0,"comment_status":"closed","ping_status":"closed","template":"","meta":{"_acf_changed":false,"footnotes":""},"class_list":["post-29483","page","type-page","status-publish","hentry"],"acf":[],"_links":{"self":[{"href":"https:\/\/baghouse.com\/es\/wp-json\/wp\/v2\/pages\/29483","targetHints":{"allow":["GET"]}}],"collection":[{"href":"https:\/\/baghouse.com\/es\/wp-json\/wp\/v2\/pages"}],"about":[{"href":"https:\/\/baghouse.com\/es\/wp-json\/wp\/v2\/types\/page"}],"author":[{"embeddable":true,"href":"https:\/\/baghouse.com\/es\/wp-json\/wp\/v2\/users\/12"}],"replies":[{"embeddable":true,"href":"https:\/\/baghouse.com\/es\/wp-json\/wp\/v2\/comments?post=29483"}],"version-history":[{"count":6,"href":"https:\/\/baghouse.com\/es\/wp-json\/wp\/v2\/pages\/29483\/revisions"}],"predecessor-version":[{"id":30160,"href":"https:\/\/baghouse.com\/es\/wp-json\/wp\/v2\/pages\/29483\/revisions\/30160"}],"wp:attachment":[{"href":"https:\/\/baghouse.com\/es\/wp-json\/wp\/v2\/media?parent=29483"}],"curies":[{"name":"wp","href":"https:\/\/api.w.org\/{rel}","templated":true}]}}