{"id":28611,"date":"2025-06-19T17:52:36","date_gmt":"2025-06-19T17:52:36","guid":{"rendered":"https:\/\/baghouse.com\/?page_id=28611"},"modified":"2025-06-28T17:43:48","modified_gmt":"2025-06-28T17:43:48","slug":"duct-size-calculator","status":"publish","type":"page","link":"https:\/\/baghouse.com\/es\/duct-size-calculator\/","title":{"rendered":"Calculadora de Tama\u00f1o del Ducto"},"content":{"rendered":"<div data-elementor-type=\"wp-page\" data-elementor-id=\"28611\" class=\"elementor elementor-28611\" data-elementor-post-type=\"page\">\n\t\t\t\t<div class=\"elementor-element elementor-element-42eab16 e-flex e-con-boxed e-con e-parent\" data-id=\"42eab16\" data-element_type=\"container\">\n\t\t\t\t\t<div class=\"e-con-inner\">\n\t\t\t\t<div class=\"elementor-element elementor-element-4f0c73f elementor-widget elementor-widget-image\" data-id=\"4f0c73f\" data-element_type=\"widget\" data-widget_type=\"image.default\">\n\t\t\t\t<div class=\"elementor-widget-container\">\n\t\t\t\t\t\t\t\t\t\t\t\t\t\t\t<img fetchpriority=\"high\" decoding=\"async\" width=\"1536\" height=\"864\" src=\"https:\/\/baghouse.com\/wp-content\/uploads\/2025\/05\/Baghouse-Design-Calculator-1536x864.png\" class=\"attachment-1536x1536 size-1536x1536 wp-image-28673\" alt=\"Designing a baghouse system requires careful calculation and optimization of multiple design variables to ensure reliable performance, regulatory compliance, and long-term durability.\" srcset=\"https:\/\/baghouse.com\/wp-content\/uploads\/2025\/05\/Baghouse-Design-Calculator-1536x864.png 1536w, https:\/\/baghouse.com\/wp-content\/uploads\/2025\/05\/Baghouse-Design-Calculator-300x169.png 300w, https:\/\/baghouse.com\/wp-content\/uploads\/2025\/05\/Baghouse-Design-Calculator-1030x579.png 1030w, https:\/\/baghouse.com\/wp-content\/uploads\/2025\/05\/Baghouse-Design-Calculator-768x432.png 768w, https:\/\/baghouse.com\/wp-content\/uploads\/2025\/05\/Baghouse-Design-Calculator-18x10.png 18w, https:\/\/baghouse.com\/wp-content\/uploads\/2025\/05\/Baghouse-Design-Calculator-1500x844.png 1500w, https:\/\/baghouse.com\/wp-content\/uploads\/2025\/05\/Baghouse-Design-Calculator-705x397.png 705w, https:\/\/baghouse.com\/wp-content\/uploads\/2025\/05\/Baghouse-Design-Calculator-450x253.png 450w, https:\/\/baghouse.com\/wp-content\/uploads\/2025\/05\/Baghouse-Design-Calculator.png 1920w\" sizes=\"(max-width: 1536px) 100vw, 1536px\" \/>\t\t\t\t\t\t\t\t\t\t\t\t\t\t\t<\/div>\n\t\t\t\t<\/div>\n\t\t\t\t\t<\/div>\n\t\t\t\t<\/div>\n\t\t<div class=\"elementor-element elementor-element-b4017cf e-flex e-con-boxed e-con e-parent\" data-id=\"b4017cf\" data-element_type=\"container\">\n\t\t\t\t\t<div class=\"e-con-inner\">\n\t\t\t\t<div class=\"elementor-element elementor-element-9e67761 elementor-position-inline-start elementor-view-default elementor-mobile-position-block-start elementor-widget elementor-widget-icon-box\" data-id=\"9e67761\" data-element_type=\"widget\" data-widget_type=\"icon-box.default\">\n\t\t\t\t<div class=\"elementor-widget-container\">\n\t\t\t\t\t\t\t<div class=\"elementor-icon-box-wrapper\">\n\n\t\t\t\t\t\t<div class=\"elementor-icon-box-icon\">\n\t\t\t\t<a href=\"https:\/\/baghouse.com\/es\/baghouse-design-calculations-free-online-tools-for-system-design\/\" class=\"elementor-icon\" tabindex=\"-1\" aria-label=\"Volver a las calculadoras\">\n\t\t\t\t<i aria-hidden=\"true\" class=\"far fa-arrow-alt-circle-left\"><\/i>\t\t\t\t<\/a>\n\t\t\t<\/div>\n\t\t\t\n\t\t\t\t\t\t<div class=\"elementor-icon-box-content\">\n\n\t\t\t\t\t\t\t\t\t<h3 class=\"elementor-icon-box-title\">\n\t\t\t\t\t\t<a href=\"https:\/\/baghouse.com\/es\/baghouse-design-calculations-free-online-tools-for-system-design\/\" >\n\t\t\t\t\t\t\tVolver a las calculadoras\t\t\t\t\t\t<\/a>\n\t\t\t\t\t<\/h3>\n\t\t\t\t\n\t\t\t\t\n\t\t\t<\/div>\n\t\t\t\n\t\t<\/div>\n\t\t\t\t\t\t<\/div>\n\t\t\t\t<\/div>\n\t\t\t\t\t<\/div>\n\t\t\t\t<\/div>\n\t\t<div class=\"elementor-element elementor-element-a39387b e-flex e-con-boxed e-con e-parent\" data-id=\"a39387b\" data-element_type=\"container\">\n\t\t\t\t\t<div class=\"e-con-inner\">\n\t\t\t\t<div class=\"elementor-element elementor-element-d93542f elementor-widget-divider--separator-type-pattern elementor-widget-divider--no-spacing elementor-widget-divider--view-line elementor-widget elementor-widget-divider\" data-id=\"d93542f\" data-element_type=\"widget\" data-widget_type=\"divider.default\">\n\t\t\t\t<div class=\"elementor-widget-container\">\n\t\t\t\t\t\t\t<div class=\"elementor-divider\" style=\"--divider-pattern-url: url(&quot;data:image\/svg+xml,%3Csvg xmlns=&#039;http:\/\/www.w3.org\/2000\/svg&#039; preserveAspectRatio=&#039;none&#039; overflow=&#039;visible&#039; height=&#039;100%&#039; viewBox=&#039;0 0 24 24&#039; fill=&#039;black&#039; stroke=&#039;none&#039;%3E%3Cpath d=&#039;M24,8v12H0V8H24z M24,4v1H0V4H24z&#039;\/%3E%3C\/svg%3E&quot;);\">\n\t\t\t<span class=\"elementor-divider-separator\">\n\t\t\t\t\t\t<\/span>\n\t\t<\/div>\n\t\t\t\t\t\t<\/div>\n\t\t\t\t<\/div>\n\t\t\t\t\t<\/div>\n\t\t\t\t<\/div>\n\t\t<div class=\"elementor-element elementor-element-2fc6bc6 e-flex e-con-boxed e-con e-parent\" data-id=\"2fc6bc6\" data-element_type=\"container\">\n\t\t\t\t\t<div class=\"e-con-inner\">\n\t\t<div class=\"elementor-element elementor-element-89720a7 e-con-full e-flex e-con e-child\" data-id=\"89720a7\" data-element_type=\"container\">\n\t\t<div class=\"elementor-element elementor-element-cc93fed e-con-full e-flex e-con e-child\" data-id=\"cc93fed\" data-element_type=\"container\">\n\t\t\t\t<div class=\"elementor-element elementor-element-801540b elementor-widget elementor-widget-heading\" data-id=\"801540b\" data-element_type=\"widget\" data-widget_type=\"heading.default\">\n\t\t\t\t<div class=\"elementor-widget-container\">\n\t\t\t\t\t<h2 class=\"elementor-heading-title elementor-size-default\">\u00bfQu\u00e9 es el tama\u00f1o del ducto?\n<\/h2>\t\t\t\t<\/div>\n\t\t\t\t<\/div>\n\t\t\t\t<div class=\"elementor-element elementor-element-6558b0f elementor-widget elementor-widget-text-editor\" data-id=\"6558b0f\" data-element_type=\"widget\" data-widget_type=\"text-editor.default\">\n\t\t\t\t<div class=\"elementor-widget-container\">\n\t\t\t\t\t\t\t\t\t<div id=\"attachment_24732\" style=\"width: 310px\" class=\"wp-caption alignnone\"><img decoding=\"async\" aria-describedby=\"caption-attachment-24732\" class=\"size-medium wp-image-24732\" src=\"https:\/\/baghouse.com\/wp-content\/uploads\/2024\/10\/Hood-300x206.png\" alt=\"Well-designed hoods should minimize turbulence, maintain smooth airflow, and include air locks to prevent blowback into the system.\" width=\"300\" height=\"206\" srcset=\"https:\/\/baghouse.com\/wp-content\/uploads\/2024\/10\/Hood-300x206.png 300w, https:\/\/baghouse.com\/wp-content\/uploads\/2024\/10\/Hood-1030x708.png 1030w, https:\/\/baghouse.com\/wp-content\/uploads\/2024\/10\/Hood-768x528.png 768w, https:\/\/baghouse.com\/wp-content\/uploads\/2024\/10\/Hood-705x484.png 705w, https:\/\/baghouse.com\/wp-content\/uploads\/2024\/10\/Hood-450x309.png 450w, https:\/\/baghouse.com\/wp-content\/uploads\/2024\/10\/Hood.png 1157w\" sizes=\"(max-width: 300px) 100vw, 300px\" \/><p id=\"caption-attachment-24732\" class=\"wp-caption-text\">Las campanas bien dise\u00f1adas deben minimizar la turbulencia, mantener un flujo de aire uniforme e incluir compuertas de aire para evitar el retroceso hacia el sistema.<br \/>prevent blowback into the system.<\/p><\/div><p>El tama\u00f1o del ducto se refiere al c\u00e1lculo del di\u00e1metro adecuado para los ductos del sistema, seg\u00fan la cantidad de aire (medida en CFM) que debe transportarse y a qu\u00e9 velocidad (medida en pies por minuto, o FPM). El objetivo es seleccionar un tama\u00f1o de ducto que permita un transporte adecuado del polvo sin p\u00e9rdida excesiva de velocidad por fricci\u00f3n ni que el polvo se asiente en la parte inferior del ducto.<\/p>\t\t\t\t\t\t\t\t<\/div>\n\t\t\t\t<\/div>\n\t\t\t\t<\/div>\n\t\t<div class=\"elementor-element elementor-element-919aacd e-con-full e-flex e-con e-child\" data-id=\"919aacd\" data-element_type=\"container\">\n\t\t\t\t<div class=\"elementor-element elementor-element-81a505c elementor-widget elementor-widget-html\" data-id=\"81a505c\" data-element_type=\"widget\" data-widget_type=\"html.default\">\n\t\t\t\t<div class=\"elementor-widget-container\">\n\t\t\t\t\t<!DOCTYPE html>\r\n<html lang=\"en\">\r\n<head>\r\n  <meta charset=\"UTF-8\" \/>\r\n  <meta name=\"viewport\" content=\"width=device-width, initial-scale=1\" \/>\r\n  <title>Duct Size Calculator<\/title>\r\n  <style>\r\n    .can-velocity-calculator,\r\n    .can-velocity-calculator * {\r\n      box-sizing: border-box !important;\r\n      font-family: Verdana, sans-serif !important;\r\n      line-height: 1.2 !important;\r\n    }\r\n\r\n    .can-velocity-calculator {\r\n      width: 100% !important;\r\n      padding: 30px 20px !important;\r\n    }\r\n\r\n    .can-velocity-calculator .calculator-container {\r\n      max-width: 1100px !important;\r\n      margin: 0 auto !important;\r\n      padding: 20px !important;\r\n      background-color: #fff !important;\r\n      border: 1px solid #ccc !important;\r\n      box-shadow: 0 4px 15px rgba(0, 0, 0, 0.1) !important;\r\n      color: #1c3b75 !important;\r\n    }\r\n\r\n    .can-velocity-calculator h1 {\r\n      font-size: 30px !important;\r\n      margin-bottom: 5px !important;\r\n      text-align: center !important;\r\n      font-weight: bold !important;\r\n    }\r\n\r\n    .can-velocity-calculator .formula-container {\r\n      text-align: center !important;\r\n      margin: 15px 0 !important;\r\n      padding: 10px !important;\r\n      background-color: #f0f4fa !important;\r\n      border-radius: 6px !important;\r\n    }\r\n\r\n    .can-velocity-calculator .formula-label {\r\n      font-size: 14px !important;\r\n      font-weight: bold !important;\r\n      margin-bottom: 5px !important;\r\n      color: #1c3b75 !important;\r\n    }\r\n\r\n    .can-velocity-calculator .formula {\r\n      font-size: 16px !important;\r\n      font-weight: bold !important;\r\n      color: #1c3b75 !important;\r\n    }\r\n\r\n    .can-velocity-calculator .input-row {\r\n      display: flex !important;\r\n      flex-wrap: wrap !important;\r\n      gap: 10px !important;\r\n      margin: 20px 0 !important;\r\n      justify-content: center !important;\r\n    }\r\n\r\n    .can-velocity-calculator .input-group {\r\n      flex: 1 1 30% !important;\r\n      min-width: 220px !important;\r\n    }\r\n\r\n    .can-velocity-calculator .input-group label {\r\n      display: block !important;\r\n      font-size: 12px !important;\r\n      margin-bottom: 2px !important;\r\n      color: #333 !important;\r\n    }\r\n\r\n    .can-velocity-calculator .input-group input {\r\n      width: 100% !important;\r\n      padding: 12px !important;\r\n      font-size: 13px !important;\r\n      border: 1px solid #ccc !important;\r\n      border-radius: 4px !important;\r\n    }\r\n\r\n    .can-velocity-calculator .button-wrapper {\r\n      margin: 20px 0 !important;\r\n      text-align: center !important;\r\n    }\r\n\r\n    .can-velocity-calculator button {\r\n      padding: 12px 30px !important;\r\n      background-color: #466bb0 !important;\r\n      color: white !important;\r\n      font-size: 16px !important;\r\n      font-weight: bold !important;\r\n      border: none !important;\r\n      border-radius: 4px !important;\r\n      cursor: pointer !important;\r\n      box-shadow: 0 4px 8px rgba(0, 0, 0, 0.2) !important;\r\n    }\r\n\r\n    .can-velocity-calculator button:hover {\r\n      background-color: #355a9c !important;\r\n    }\r\n\r\n    .can-velocity-calculator .result-container {\r\n      margin-top: 15px !important;\r\n      text-align: center !important;\r\n      font-size: 22px !important;\r\n      font-weight: bold !important;\r\n    }\r\n\r\n    .can-velocity-calculator .result-label,\r\n    .can-velocity-calculator .result-value {\r\n      color: #466bb0 !important;\r\n    }\r\n\r\n    .can-velocity-calculator .result-units {\r\n      color: black !important;\r\n    }\r\n\r\n    .can-velocity-calculator .error {\r\n      color: #ff6666 !important;\r\n      margin-top: 10px !important;\r\n      font-size: 13px !important;\r\n      text-align: center !important;\r\n    }\r\n  <\/style>\r\n<\/head>\r\n<body>\r\n  <div class=\"can-velocity-calculator\">\r\n    <div class=\"calculator-container\">\r\n      <h1>CALCULADORA DE TAMA\u00d1O DEL DUCTO<\/h1>\r\n\r\n      <div class=\"formula-container\">\r\n        <div class=\"formula-label\">F\u00f3rmula:<\/div>\r\n        <div class=\"formula\">\r\n          Di\u00e1metro del ducto = \u221a(Flujo del aire \/ Velocidad \/ \u03c0) \u00d7 24\r\n        <\/div>\r\n      <\/div>\r\n\r\n      <div class=\"input-row\">\r\n        <div class=\"input-group\">\r\n          <label for=\"airFlow\">Flujo de aire (CFM):<\/label>\r\n          <input type=\"number\" id=\"airFlow\" placeholder=\"Ingrese flujo de aire\" step=\"any\" required \/>\r\n        <\/div>\r\n        <div class=\"input-group\">\r\n          <label for=\"velocity\">Velocidad (FPM):<\/label>\r\n          <input type=\"number\" id=\"velocity\" placeholder=\"Ingrese velocidad\" step=\"any\" required \/>\r\n        <\/div>\r\n      <\/div>\r\n\r\n      <div class=\"button-wrapper\">\r\n        <button onclick=\"calculateDuctSize()\">CALCULAR<\/button>\r\n      <\/div>\r\n\r\n      <div class=\"result-container\">\r\n        <span class=\"result-label\">Di\u00e1metro del ducto = <\/span>\r\n        <span id=\"resultValue\" class=\"result-value\"><\/span>\r\n        <span class=\"result-units\"> pulgadas<\/span>\r\n      <\/div>\r\n\r\n      <div id=\"error\" class=\"error\"><\/div>\r\n    <\/div>\r\n  <\/div>\r\n\r\n  <script>\r\n    function calculateDuctSize() {\r\n      const airFlow = parseFloat(document.getElementById('airFlow').value);\r\n      const velocity = parseFloat(document.getElementById('velocity').value);\r\n      const resultSpan = document.getElementById('resultValue');\r\n      const errorDiv = document.getElementById('error');\r\n\r\n      resultSpan.innerText = '';\r\n      errorDiv.innerText = '';\r\n\r\n      if (isNaN(airFlow) || isNaN(velocity)) {\r\n        errorDiv.innerText = 'Please enter valid numbers for all fields.';\r\n        return;\r\n      }\r\n\r\n      if (airFlow <= 0) {\r\n        errorDiv.innerText = 'Air Flow must be greater than 0.';\r\n        return;\r\n      }\r\n\r\n      if (velocity <= 0) {\r\n        errorDiv.innerText = 'Velocity must be greater than 0.';\r\n        return;\r\n      }\r\n\r\n      const pi = 3.14159;\r\n      const ductDiameter = Math.sqrt(airFlow \/ velocity \/ pi) * 24;\r\n      resultSpan.innerText = ductDiameter.toFixed(2);\r\n    }\r\n  <\/script>\r\n<\/body>\r\n<\/html>\r\n\t\t\t\t<\/div>\n\t\t\t\t<\/div>\n\t\t\t\t<\/div>\n\t\t\t\t<\/div>\n\t\t\t\t<div class=\"elementor-element elementor-element-8319972 elementor-widget-divider--view-line elementor-widget elementor-widget-divider\" data-id=\"8319972\" data-element_type=\"widget\" data-widget_type=\"divider.default\">\n\t\t\t\t<div class=\"elementor-widget-container\">\n\t\t\t\t\t\t\t<div class=\"elementor-divider\">\n\t\t\t<span class=\"elementor-divider-separator\">\n\t\t\t\t\t\t<\/span>\n\t\t<\/div>\n\t\t\t\t\t\t<\/div>\n\t\t\t\t<\/div>\n\t\t\t\t<div class=\"elementor-element elementor-element-8135cdd elementor-widget elementor-widget-heading\" data-id=\"8135cdd\" data-element_type=\"widget\" data-widget_type=\"heading.default\">\n\t\t\t\t<div class=\"elementor-widget-container\">\n\t\t\t\t\t<h2 class=\"elementor-heading-title elementor-size-default\">\u00bfPorqu\u00e9 es importante del tama\u00f1o del ducto en el dise\u00f1o de un colector?<\/h2>\t\t\t\t<\/div>\n\t\t\t\t<\/div>\n\t\t\t\t<div class=\"elementor-element elementor-element-d7f5892 elementor-widget elementor-widget-text-editor\" data-id=\"d7f5892\" data-element_type=\"widget\" data-widget_type=\"text-editor.default\">\n\t\t\t\t<div class=\"elementor-widget-container\">\n\t\t\t\t\t\t\t\t\t<p data-start=\"963\" data-end=\"1263\">Un tama\u00f1o incorrecto del ducto puede provocar varios problemas. Si el ducto es demasiado peque\u00f1o, puede generar una presi\u00f3n est\u00e1tica excesiva, sobrecargando al ventilador y reduciendo el rendimiento del sistema. Si es demasiado grande, la velocidad del aire puede caer por debajo del m\u00ednimo necesario para el transporte, lo que provoca que el polvo se asiente y obstruya los ductos.<\/p><p data-start=\"1265\" data-end=\"1291\">Un tama\u00f1o de ducto correcto ayuda a mantener la velocidad de transporte por encima de los valores m\u00ednimos (t\u00edpicamente entre 3,500 y 4,500 FPM, dependiendo del polvo). Esto previene la acumulaci\u00f3n de polvo y obstrucciones, y adem\u00e1s reduce el consumo de energ\u00eda al evitar la necesidad de ventiladores demasiado potentes.<\/p>\t\t\t\t\t\t\t\t<\/div>\n\t\t\t\t<\/div>\n\t\t\t\t<div class=\"elementor-element elementor-element-490e153 elementor-widget-divider--view-line elementor-widget elementor-widget-divider\" data-id=\"490e153\" data-element_type=\"widget\" data-widget_type=\"divider.default\">\n\t\t\t\t<div class=\"elementor-widget-container\">\n\t\t\t\t\t\t\t<div class=\"elementor-divider\">\n\t\t\t<span class=\"elementor-divider-separator\">\n\t\t\t\t\t\t<\/span>\n\t\t<\/div>\n\t\t\t\t\t\t<\/div>\n\t\t\t\t<\/div>\n\t\t\t\t<div class=\"elementor-element elementor-element-f38fb0f elementor-widget elementor-widget-text-editor\" data-id=\"f38fb0f\" data-element_type=\"widget\" data-widget_type=\"text-editor.default\">\n\t\t\t\t<div class=\"elementor-widget-container\">\n\t\t\t\t\t\t\t\t\t<p><strong data-start=\"6485\" data-end=\"6493\">Nota<\/strong>: Aunque esta f\u00f3rmula proporciona un buen punto de partida para calcular el tama\u00f1o del ducto, <strong data-start=\"2011\" data-end=\"2075\">no debe utilizarse como el \u00fanico factor para tomar decisiones de dise\u00f1o<\/strong>. Existen muchos otros factores que un experto en control de polvo debe considerar, como la longitud y distribuci\u00f3n del ducto, el n\u00famero de ramales y codos, las caracter\u00edsticas del material (abrasivo, pegajoso, etc.), la capacidad del ventilador y la presi\u00f3n est\u00e1tica del sistema.\u00a0<\/p><p>Recomendamos consultar con un experto en colectores de polvo, como el equipo de <strong data-start=\"2390\" data-end=\"2406\">Baghouse.com<\/strong>, antes de definir el dise\u00f1o final de tus ductos. Podemos ayudarte a adaptar el sistema a las necesidades espec\u00edficas de tu planta y evitar p\u00e9rdida de tiempo en errores de dise\u00f1o costosos.<\/p>\t\t\t\t\t\t\t\t<\/div>\n\t\t\t\t<\/div>\n\t\t\t\t<div class=\"elementor-element elementor-element-f6c9f55 elementor-align-center elementor-widget elementor-widget-button\" data-id=\"f6c9f55\" data-element_type=\"widget\" data-widget_type=\"button.default\">\n\t\t\t\t<div class=\"elementor-widget-container\">\n\t\t\t\t\t\t\t\t\t<div class=\"elementor-button-wrapper\">\n\t\t\t\t\t<a class=\"elementor-button elementor-button-link elementor-size-sm\" href=\"https:\/\/baghouse.com\/es\/contact\/\">\n\t\t\t\t\t\t<span class=\"elementor-button-content-wrapper\">\n\t\t\t\t\t\t\t\t\t<span class=\"elementor-button-text\">Habla con un experto<\/span>\n\t\t\t\t\t<\/span>\n\t\t\t\t\t<\/a>\n\t\t\t\t<\/div>\n\t\t\t\t\t\t\t\t<\/div>\n\t\t\t\t<\/div>\n\t\t\t\t\t<\/div>\n\t\t\t\t<\/div>\n\t\t<div class=\"elementor-element elementor-element-04b8a09 e-flex e-con-boxed e-con e-parent\" data-id=\"04b8a09\" data-element_type=\"container\">\n\t\t\t\t\t<div class=\"e-con-inner\">\n\t\t\t\t<div class=\"elementor-element elementor-element-0733857 elementor-position-inline-start elementor-view-default elementor-mobile-position-block-start elementor-widget elementor-widget-icon-box\" data-id=\"0733857\" data-element_type=\"widget\" data-widget_type=\"icon-box.default\">\n\t\t\t\t<div class=\"elementor-widget-container\">\n\t\t\t\t\t\t\t<div class=\"elementor-icon-box-wrapper\">\n\n\t\t\t\t\t\t<div class=\"elementor-icon-box-icon\">\n\t\t\t\t<a href=\"https:\/\/baghouse.com\/es\/baghouse-design-calculations-free-online-tools-for-system-design\/\" class=\"elementor-icon\" tabindex=\"-1\" aria-label=\"Volver a las calculadoras\">\n\t\t\t\t<i aria-hidden=\"true\" class=\"far fa-arrow-alt-circle-left\"><\/i>\t\t\t\t<\/a>\n\t\t\t<\/div>\n\t\t\t\n\t\t\t\t\t\t<div class=\"elementor-icon-box-content\">\n\n\t\t\t\t\t\t\t\t\t<h3 class=\"elementor-icon-box-title\">\n\t\t\t\t\t\t<a href=\"https:\/\/baghouse.com\/es\/baghouse-design-calculations-free-online-tools-for-system-design\/\" >\n\t\t\t\t\t\t\tVolver a las calculadoras\t\t\t\t\t\t<\/a>\n\t\t\t\t\t<\/h3>\n\t\t\t\t\n\t\t\t\t\n\t\t\t<\/div>\n\t\t\t\n\t\t<\/div>\n\t\t\t\t\t\t<\/div>\n\t\t\t\t<\/div>\n\t\t\t\t\t<\/div>\n\t\t\t\t<\/div>\n\t\t\t\t<\/div>","protected":false},"excerpt":{"rendered":"<p>Back to Baghouse Design Calculations What Is the Duct Size? Duct sizing refers to the calculation of the appropriate diameter for your system\u2019s ductwork based on how much air (measured in CFM) needs to be transported and at what velocity (measured in feet per minute, or FPM). The goal is to select a duct size [&hellip;]<\/p>\n","protected":false},"author":12,"featured_media":0,"parent":0,"menu_order":0,"comment_status":"closed","ping_status":"closed","template":"","meta":{"_acf_changed":false,"footnotes":""},"class_list":["post-28611","page","type-page","status-publish","hentry"],"acf":[],"_links":{"self":[{"href":"https:\/\/baghouse.com\/es\/wp-json\/wp\/v2\/pages\/28611","targetHints":{"allow":["GET"]}}],"collection":[{"href":"https:\/\/baghouse.com\/es\/wp-json\/wp\/v2\/pages"}],"about":[{"href":"https:\/\/baghouse.com\/es\/wp-json\/wp\/v2\/types\/page"}],"author":[{"embeddable":true,"href":"https:\/\/baghouse.com\/es\/wp-json\/wp\/v2\/users\/12"}],"replies":[{"embeddable":true,"href":"https:\/\/baghouse.com\/es\/wp-json\/wp\/v2\/comments?post=28611"}],"version-history":[{"count":0,"href":"https:\/\/baghouse.com\/es\/wp-json\/wp\/v2\/pages\/28611\/revisions"}],"wp:attachment":[{"href":"https:\/\/baghouse.com\/es\/wp-json\/wp\/v2\/media?parent=28611"}],"curies":[{"name":"wp","href":"https:\/\/api.w.org\/{rel}","templated":true}]}}