{"id":28603,"date":"2025-06-19T18:17:15","date_gmt":"2025-06-19T18:17:15","guid":{"rendered":"https:\/\/baghouse.com\/?page_id=28603"},"modified":"2025-06-28T17:35:31","modified_gmt":"2025-06-28T17:35:31","slug":"leak-testing-powder-calculator","status":"publish","type":"page","link":"https:\/\/baghouse.com\/es\/leak-testing-powder-calculator\/","title":{"rendered":"Calculadora de Polvo para Detecci\u00f3n de Fugas"},"content":{"rendered":"<div data-elementor-type=\"wp-page\" data-elementor-id=\"28603\" class=\"elementor elementor-28603\" data-elementor-post-type=\"page\">\n\t\t\t\t<div class=\"elementor-element elementor-element-dd093d6 e-flex e-con-boxed e-con e-parent\" data-id=\"dd093d6\" data-element_type=\"container\" data-e-type=\"container\">\n\t\t\t\t\t<div class=\"e-con-inner\">\n\t\t\t\t<div class=\"elementor-element elementor-element-6c8e88d elementor-widget elementor-widget-image\" data-id=\"6c8e88d\" data-element_type=\"widget\" data-e-type=\"widget\" data-widget_type=\"image.default\">\n\t\t\t\t<div class=\"elementor-widget-container\">\n\t\t\t\t\t\t\t\t\t\t\t\t\t\t\t<img fetchpriority=\"high\" decoding=\"async\" width=\"1536\" height=\"864\" src=\"https:\/\/baghouse.com\/wp-content\/uploads\/2025\/05\/Baghouse-Design-Calculator-1536x864.png\" class=\"attachment-1536x1536 size-1536x1536 wp-image-28673\" alt=\"Designing a baghouse system requires careful calculation and optimization of multiple design variables to ensure reliable performance, regulatory compliance, and long-term durability.\" srcset=\"https:\/\/baghouse.com\/wp-content\/uploads\/2025\/05\/Baghouse-Design-Calculator-1536x864.png 1536w, https:\/\/baghouse.com\/wp-content\/uploads\/2025\/05\/Baghouse-Design-Calculator-300x169.png 300w, https:\/\/baghouse.com\/wp-content\/uploads\/2025\/05\/Baghouse-Design-Calculator-1030x579.png 1030w, https:\/\/baghouse.com\/wp-content\/uploads\/2025\/05\/Baghouse-Design-Calculator-768x432.png 768w, https:\/\/baghouse.com\/wp-content\/uploads\/2025\/05\/Baghouse-Design-Calculator-18x10.png 18w, https:\/\/baghouse.com\/wp-content\/uploads\/2025\/05\/Baghouse-Design-Calculator-1500x844.png 1500w, https:\/\/baghouse.com\/wp-content\/uploads\/2025\/05\/Baghouse-Design-Calculator-705x397.png 705w, https:\/\/baghouse.com\/wp-content\/uploads\/2025\/05\/Baghouse-Design-Calculator-450x253.png 450w, https:\/\/baghouse.com\/wp-content\/uploads\/2025\/05\/Baghouse-Design-Calculator.png 1920w\" sizes=\"(max-width: 1536px) 100vw, 1536px\" \/>\t\t\t\t\t\t\t\t\t\t\t\t\t\t\t<\/div>\n\t\t\t\t<\/div>\n\t\t\t\t\t<\/div>\n\t\t\t\t<\/div>\n\t\t<div class=\"elementor-element elementor-element-e9b54ef e-flex e-con-boxed e-con e-parent\" data-id=\"e9b54ef\" data-element_type=\"container\" data-e-type=\"container\">\n\t\t\t\t\t<div class=\"e-con-inner\">\n\t\t\t\t<div class=\"elementor-element elementor-element-65463a1 elementor-position-inline-start elementor-view-default elementor-mobile-position-block-start elementor-widget elementor-widget-icon-box\" data-id=\"65463a1\" data-element_type=\"widget\" data-e-type=\"widget\" data-widget_type=\"icon-box.default\">\n\t\t\t\t<div class=\"elementor-widget-container\">\n\t\t\t\t\t\t\t<div class=\"elementor-icon-box-wrapper\">\n\n\t\t\t\t\t\t<div class=\"elementor-icon-box-icon\">\n\t\t\t\t<a href=\"https:\/\/baghouse.com\/es\/baghouse-design-calculations-free-online-tools-for-system-design\/\" class=\"elementor-icon\" tabindex=\"-1\" aria-label=\"Volver a las calculadoras\">\n\t\t\t\t<i aria-hidden=\"true\" class=\"far fa-arrow-alt-circle-left\"><\/i>\t\t\t\t<\/a>\n\t\t\t<\/div>\n\t\t\t\n\t\t\t\t\t\t<div class=\"elementor-icon-box-content\">\n\n\t\t\t\t\t\t\t\t\t<h3 class=\"elementor-icon-box-title\">\n\t\t\t\t\t\t<a href=\"https:\/\/baghouse.com\/es\/baghouse-design-calculations-free-online-tools-for-system-design\/\" >\n\t\t\t\t\t\t\tVolver a las calculadoras\t\t\t\t\t\t<\/a>\n\t\t\t\t\t<\/h3>\n\t\t\t\t\n\t\t\t\t\n\t\t\t<\/div>\n\t\t\t\n\t\t<\/div>\n\t\t\t\t\t\t<\/div>\n\t\t\t\t<\/div>\n\t\t\t\t\t<\/div>\n\t\t\t\t<\/div>\n\t\t<div class=\"elementor-element elementor-element-8067fb2 e-flex e-con-boxed e-con e-parent\" data-id=\"8067fb2\" data-element_type=\"container\" data-e-type=\"container\">\n\t\t\t\t\t<div class=\"e-con-inner\">\n\t\t\t\t<div class=\"elementor-element elementor-element-9312f47 elementor-widget-divider--separator-type-pattern elementor-widget-divider--no-spacing elementor-widget-divider--view-line elementor-widget elementor-widget-divider\" data-id=\"9312f47\" data-element_type=\"widget\" data-e-type=\"widget\" data-widget_type=\"divider.default\">\n\t\t\t\t<div class=\"elementor-widget-container\">\n\t\t\t\t\t\t\t<div class=\"elementor-divider\" style=\"--divider-pattern-url: url(&quot;data:image\/svg+xml,%3Csvg xmlns=&#039;http:\/\/www.w3.org\/2000\/svg&#039; preserveAspectRatio=&#039;none&#039; overflow=&#039;visible&#039; height=&#039;100%&#039; viewBox=&#039;0 0 24 24&#039; fill=&#039;black&#039; stroke=&#039;none&#039;%3E%3Cpath d=&#039;M24,8v12H0V8H24z M24,4v1H0V4H24z&#039;\/%3E%3C\/svg%3E&quot;);\">\n\t\t\t<span class=\"elementor-divider-separator\">\n\t\t\t\t\t\t<\/span>\n\t\t<\/div>\n\t\t\t\t\t\t<\/div>\n\t\t\t\t<\/div>\n\t\t\t\t\t<\/div>\n\t\t\t\t<\/div>\n\t\t<div class=\"elementor-element elementor-element-31ef2b5 e-flex e-con-boxed e-con e-parent\" data-id=\"31ef2b5\" data-element_type=\"container\" data-e-type=\"container\">\n\t\t\t\t\t<div class=\"e-con-inner\">\n\t\t<div class=\"elementor-element elementor-element-e3f9f17 e-con-full e-flex e-con e-child\" data-id=\"e3f9f17\" data-element_type=\"container\" data-e-type=\"container\">\n\t\t<div class=\"elementor-element elementor-element-8856e0b e-con-full e-flex e-con e-child\" data-id=\"8856e0b\" data-element_type=\"container\" data-e-type=\"container\">\n\t\t\t\t<div class=\"elementor-element elementor-element-ec2212d elementor-widget elementor-widget-heading\" data-id=\"ec2212d\" data-element_type=\"widget\" data-e-type=\"widget\" data-widget_type=\"heading.default\">\n\t\t\t\t<div class=\"elementor-widget-container\">\n\t\t\t\t\t<h2 class=\"elementor-heading-title elementor-size-default\">\u00bfQu\u00e9 es el polvo para detecci\u00f3n de fugas?\n<\/h2>\t\t\t\t<\/div>\n\t\t\t\t<\/div>\n\t\t\t\t<div class=\"elementor-element elementor-element-cc64268 elementor-widget elementor-widget-text-editor\" data-id=\"cc64268\" data-element_type=\"widget\" data-e-type=\"widget\" data-widget_type=\"text-editor.default\">\n\t\t\t\t<div class=\"elementor-widget-container\">\n\t\t\t\t\t\t\t\t\t<p><img decoding=\"async\" class=\"size-medium wp-image-21980 alignnone\" src=\"https:\/\/baghouse.com\/wp-content\/uploads\/2024\/05\/post36-300x156.png\" alt=\"Green and Pink Leak Testing Powder\" width=\"300\" height=\"156\" srcset=\"https:\/\/baghouse.com\/wp-content\/uploads\/2024\/05\/post36-300x156.png 300w, https:\/\/baghouse.com\/wp-content\/uploads\/2024\/05\/post36-1030x535.png 1030w, https:\/\/baghouse.com\/wp-content\/uploads\/2024\/05\/post36-768x399.png 768w, https:\/\/baghouse.com\/wp-content\/uploads\/2024\/05\/post36-705x366.png 705w, https:\/\/baghouse.com\/wp-content\/uploads\/2024\/05\/post36-450x234.png 450w, https:\/\/baghouse.com\/wp-content\/uploads\/2024\/05\/post36.png 1237w\" sizes=\"(max-width: 300px) 100vw, 300px\" \/><\/p><p>Realizar pruebas de fugas puede prevenir considerables gastos y tiempo desperdiciado de operaciones.<\/p><p>Este es un polvo fino fluorescente y de color que se utiliza para detectar fugas en los filtros, en la uni\u00f3n del filtro con la placa tubular, o en la estructura del colector. Este polvo se introduce en el sistema y cualquier filtraci\u00f3n que se escape puede rastrearse visualmente hasta su origen.<\/p>\t\t\t\t\t\t\t\t<\/div>\n\t\t\t\t<\/div>\n\t\t\t\t<div class=\"elementor-element elementor-element-18437a1 elementor-align-left elementor-widget elementor-widget-button\" data-id=\"18437a1\" data-element_type=\"widget\" data-e-type=\"widget\" data-widget_type=\"button.default\">\n\t\t\t\t<div class=\"elementor-widget-container\">\n\t\t\t\t\t\t\t\t\t<div class=\"elementor-button-wrapper\">\n\t\t\t\t\t<a class=\"elementor-button elementor-button-link elementor-size-sm\" href=\"https:\/\/baghouse.com\/es\/total-filter-cloth-area-calculator\/\">\n\t\t\t\t\t\t<span class=\"elementor-button-content-wrapper\">\n\t\t\t\t\t\t\t\t\t<span class=\"elementor-button-text\">\u00bfNo sabes cu\u00e1l es el \u00e1rea total de tus filtros? Calculalo aqu\u00ed<\/span>\n\t\t\t\t\t<\/span>\n\t\t\t\t\t<\/a>\n\t\t\t\t<\/div>\n\t\t\t\t\t\t\t\t<\/div>\n\t\t\t\t<\/div>\n\t\t\t\t<\/div>\n\t\t<div class=\"elementor-element elementor-element-284c768 e-con-full e-flex e-con e-child\" data-id=\"284c768\" data-element_type=\"container\" data-e-type=\"container\">\n\t\t\t\t<div class=\"elementor-element elementor-element-9b1a6ef elementor-widget elementor-widget-html\" data-id=\"9b1a6ef\" data-element_type=\"widget\" data-e-type=\"widget\" data-widget_type=\"html.default\">\n\t\t\t\t<div class=\"elementor-widget-container\">\n\t\t\t\t\t<!DOCTYPE html>\r\n<html lang=\"en\">\r\n<head>\r\n  <meta charset=\"UTF-8\" \/>\r\n  <meta name=\"viewport\" content=\"width=device-width, initial-scale=1.0\"\/>\r\n  <title>Leak Testing Powder Calculator<\/title>\r\n  <style>\r\n    .leak-testing-calculator,\r\n    .leak-testing-calculator * {\r\n      box-sizing: border-box !important;\r\n      font-family: Verdana, sans-serif !important;\r\n      line-height: 1.2 !important;\r\n    }\r\n\r\n    .leak-testing-calculator {\r\n      width: 100% !important;\r\n      padding: 30px 20px !important;\r\n    }\r\n\r\n    .leak-testing-calculator .calculator-container {\r\n      max-width: 1100px !important;\r\n      margin: 0 auto !important;\r\n      padding: 20px !important;\r\n      background-color: #fff !important;\r\n      border: 1px solid #ccc !important;\r\n      box-shadow: 0 4px 15px rgba(0, 0, 0, 0.1) !important;\r\n      color: #1c3b75 !important;\r\n    }\r\n\r\n    .leak-testing-calculator h1 {\r\n      font-size: 30px !important;\r\n      margin-bottom: 5px !important;\r\n      text-align: center !important;\r\n      font-weight: bold !important;\r\n    }\r\n\r\n    .leak-testing-calculator .formula-container {\r\n      text-align: center !important;\r\n      margin: 15px 0 !important;\r\n      padding: 10px !important;\r\n      background-color: #f0f4fa !important;\r\n      border-radius: 6px !important;\r\n    }\r\n\r\n    .leak-testing-calculator .formula-label {\r\n      font-size: 14px !important;\r\n      font-weight: bold !important;\r\n      margin-bottom: 5px !important;\r\n      color: #1c3b75 !important;\r\n    }\r\n\r\n    .leak-testing-calculator .formula {\r\n      font-size: 16px !important;\r\n      font-weight: bold !important;\r\n      color: #1c3b75 !important;\r\n    }\r\n\r\n    .leak-testing-calculator .input-row {\r\n      display: flex !important;\r\n      flex-wrap: wrap !important;\r\n      gap: 10px !important;\r\n      margin: 20px 0 !important;\r\n      justify-content: space-between !important;\r\n    }\r\n\r\n    .leak-testing-calculator .input-group {\r\n      flex: 1 1 15% !important;\r\n      min-width: 180px !important;\r\n    }\r\n\r\n    .leak-testing-calculator .input-group label {\r\n      display: block !important;\r\n      font-size: 12px !important;\r\n      margin-bottom: 2px !important;\r\n      color: #333 !important;\r\n    }\r\n\r\n    .leak-testing-calculator .input-group input {\r\n      width: 100% !important;\r\n      padding: 12px !important;\r\n      font-size: 13px !important;\r\n      border: 1px solid #ccc !important;\r\n      border-radius: 4px !important;\r\n    }\r\n\r\n    .leak-testing-calculator .button-wrapper {\r\n      margin: 20px 0 !important;\r\n      text-align: center !important;\r\n    }\r\n\r\n    .leak-testing-calculator button {\r\n      padding: 12px 30px !important;\r\n      background-color: #466bb0 !important;\r\n      color: white !important;\r\n      font-size: 16px !important;\r\n      font-weight: bold !important;\r\n      border: none !important;\r\n      border-radius: 4px !important;\r\n      cursor: pointer !important;\r\n      box-shadow: 0 4px 8px rgba(0, 0, 0, 0.2) !important;\r\n    }\r\n\r\n    .leak-testing-calculator button:hover {\r\n      background-color: #355a9c !important;\r\n    }\r\n\r\n    .leak-testing-calculator .result-container {\r\n      margin-top: 15px !important;\r\n      text-align: center !important;\r\n      font-size: 22px !important;\r\n      font-weight: bold !important;\r\n    }\r\n\r\n    .leak-testing-calculator .result-label,\r\n    .leak-testing-calculator .result-value {\r\n      color: #466bb0 !important;\r\n    }\r\n\r\n    .leak-testing-calculator .result-units {\r\n      color: black !important;\r\n    }\r\n\r\n    .leak-testing-calculator .error {\r\n      color: #ff6666 !important;\r\n      margin-top: 10px !important;\r\n      font-size: 13px !important;\r\n      text-align: center !important;\r\n    }\r\n  <\/style>\r\n<\/head>\r\n<body>\r\n  <div class=\"leak-testing-calculator\">\r\n    <div class=\"calculator-container\">\r\n      <h1>CALCULADORA DE POLVO PARA DETECCI\u00d3N DE FUGAS<\/h1>\r\n\r\n      <div class=\"formula-container\">\r\n        <div class=\"formula-label\">F\u00f3rmula:<\/div>\r\n        <div class=\"formula\">\r\n          Cantidad de polvo necesario (lb) = \u00c1rea total de filtros (pies cuadrados) \u00f7 1,000\r\n        <\/div>\r\n      <\/div>\r\n\r\n      <div class=\"input-row\">\r\n        <div class=\"input-group\">\r\n          <label for=\"fabricArea\">\u00c1rea total de filtros (en pies cuadrados):<\/label>\r\n          <input type=\"number\" id=\"fabricArea\" placeholder=\"Ingrese \u00e1rea total de tela en filtros\" step=\"any\" required \/>\r\n        <\/div>\r\n      <\/div>\r\n\r\n      <div class=\"button-wrapper\">\r\n        <button onclick=\"calculatePowder()\">CALCULAR<\/button>\r\n      <\/div>\r\n\r\n      <div class=\"result-container\">\r\n        <span class=\"result-label\">Polvo para detecci\u00f3n de fugas necesario = <\/span>\r\n        <span id=\"resultValue\" class=\"result-value\"><\/span>\r\n        <span class=\"result-units\"> lb<\/span>\r\n      <\/div>\r\n      <div id=\"error\" class=\"error\"><\/div>\r\n    <\/div>\r\n  <\/div>\r\n\r\n  <script>\r\n    function calculatePowder() {\r\n      const fabricArea = parseFloat(document.getElementById('fabricArea').value);\r\n      const resultSpan = document.getElementById('resultValue');\r\n      const errorDiv = document.getElementById('error');\r\n\r\n      resultSpan.innerText = '';\r\n      errorDiv.innerText = '';\r\n\r\n      if (isNaN(fabricArea) || fabricArea <= 0) {\r\n        errorDiv.innerText = 'Please enter a valid fabric area greater than 0.';\r\n        return;\r\n      }\r\n\r\n      const powderNeeded = fabricArea \/ 1000;\r\n      resultSpan.innerText = powderNeeded.toFixed(2);\r\n    }\r\n  <\/script>\r\n<\/body>\r\n<\/html>\r\n\t\t\t\t<\/div>\n\t\t\t\t<\/div>\n\t\t\t\t<\/div>\n\t\t\t\t<\/div>\n\t\t\t\t<div class=\"elementor-element elementor-element-61bd6ba elementor-widget-divider--view-line elementor-widget elementor-widget-divider\" data-id=\"61bd6ba\" data-element_type=\"widget\" data-e-type=\"widget\" data-widget_type=\"divider.default\">\n\t\t\t\t<div class=\"elementor-widget-container\">\n\t\t\t\t\t\t\t<div class=\"elementor-divider\">\n\t\t\t<span class=\"elementor-divider-separator\">\n\t\t\t\t\t\t<\/span>\n\t\t<\/div>\n\t\t\t\t\t\t<\/div>\n\t\t\t\t<\/div>\n\t\t\t\t<div class=\"elementor-element elementor-element-3b81218 elementor-widget elementor-widget-heading\" data-id=\"3b81218\" data-element_type=\"widget\" data-e-type=\"widget\" data-widget_type=\"heading.default\">\n\t\t\t\t<div class=\"elementor-widget-container\">\n\t\t\t\t\t<h2 class=\"elementor-heading-title elementor-size-default\">\u00bfPorqu\u00e9 es importante hacer pruebas de fugas en tu colector?<\/h2>\t\t\t\t<\/div>\n\t\t\t\t<\/div>\n\t\t\t\t<div class=\"elementor-element elementor-element-e760197 elementor-widget elementor-widget-text-editor\" data-id=\"e760197\" data-element_type=\"widget\" data-e-type=\"widget\" data-widget_type=\"text-editor.default\">\n\t\t\t\t<div class=\"elementor-widget-container\">\n\t\t\t\t\t\t\t\t\t<p data-start=\"3485\" data-end=\"3745\">Realizar pruebas de fugas regularmente ayuda a evitar p\u00e9rdidas y garantiza emisiones limpias. Las fugas permiten que el polvo sin filtrar se escape del sistema, lo que genera problemas ambientales y de seguridad. Es una manera r\u00e1pida y econ\u00f3mica de verificar la integridad de los filtros.<\/p>\t\t\t\t\t\t\t\t<\/div>\n\t\t\t\t<\/div>\n\t\t\t\t<div class=\"elementor-element elementor-element-507429b elementor-widget-divider--view-line elementor-widget elementor-widget-divider\" data-id=\"507429b\" data-element_type=\"widget\" data-e-type=\"widget\" data-widget_type=\"divider.default\">\n\t\t\t\t<div class=\"elementor-widget-container\">\n\t\t\t\t\t\t\t<div class=\"elementor-divider\">\n\t\t\t<span class=\"elementor-divider-separator\">\n\t\t\t\t\t\t<\/span>\n\t\t<\/div>\n\t\t\t\t\t\t<\/div>\n\t\t\t\t<\/div>\n\t\t\t\t<div class=\"elementor-element elementor-element-4384724 elementor-widget elementor-widget-text-editor\" data-id=\"4384724\" data-element_type=\"widget\" data-e-type=\"widget\" data-widget_type=\"text-editor.default\">\n\t\t\t\t<div class=\"elementor-widget-container\">\n\t\t\t\t\t\t\t\t\t<p><strong data-start=\"3747\" data-end=\"3755\">Nota<\/strong>: Las pruebas de fugas deben formar parte de una estrategia de mantenimiento m\u00e1s amplia. Los resultados deben ser interpretados por personal capacitado, y las acciones correctivas deben planearse con la ayuda de profesionales en control de polvos.<\/p>\t\t\t\t\t\t\t\t<\/div>\n\t\t\t\t<\/div>\n\t\t<div class=\"elementor-element elementor-element-21edbc0 e-con-full e-flex e-con e-child\" data-id=\"21edbc0\" data-element_type=\"container\" data-e-type=\"container\">\n\t\t\t\t<div class=\"elementor-element elementor-element-4c897b2 elementor-align-center elementor-widget elementor-widget-button\" data-id=\"4c897b2\" data-element_type=\"widget\" data-e-type=\"widget\" data-widget_type=\"button.default\">\n\t\t\t\t<div class=\"elementor-widget-container\">\n\t\t\t\t\t\t\t\t\t<div class=\"elementor-button-wrapper\">\n\t\t\t\t\t<a class=\"elementor-button elementor-button-link elementor-size-sm\" href=\"https:\/\/baghouse.com\/es\/shop\/leak-test-products\/\">\n\t\t\t\t\t\t<span class=\"elementor-button-content-wrapper\">\n\t\t\t\t\t\t\t\t\t<span class=\"elementor-button-text\">Encarga polvo para detecci\u00f3n de fugas aqu\u00ed<\/span>\n\t\t\t\t\t<\/span>\n\t\t\t\t\t<\/a>\n\t\t\t\t<\/div>\n\t\t\t\t\t\t\t\t<\/div>\n\t\t\t\t<\/div>\n\t\t\t\t<\/div>\n\t\t\t\t\t<\/div>\n\t\t\t\t<\/div>\n\t\t<div class=\"elementor-element elementor-element-d2845c3 e-flex e-con-boxed e-con e-parent\" data-id=\"d2845c3\" data-element_type=\"container\" data-e-type=\"container\">\n\t\t\t\t\t<div class=\"e-con-inner\">\n\t\t\t\t<div class=\"elementor-element elementor-element-27a4dae elementor-position-inline-start elementor-view-default elementor-mobile-position-block-start elementor-widget elementor-widget-icon-box\" data-id=\"27a4dae\" data-element_type=\"widget\" data-e-type=\"widget\" data-widget_type=\"icon-box.default\">\n\t\t\t\t<div class=\"elementor-widget-container\">\n\t\t\t\t\t\t\t<div class=\"elementor-icon-box-wrapper\">\n\n\t\t\t\t\t\t<div class=\"elementor-icon-box-icon\">\n\t\t\t\t<a href=\"https:\/\/baghouse.com\/es\/baghouse-design-calculations-free-online-tools-for-system-design\/\" class=\"elementor-icon\" tabindex=\"-1\" aria-label=\"Volver a las calculadoras\">\n\t\t\t\t<i aria-hidden=\"true\" class=\"far fa-arrow-alt-circle-left\"><\/i>\t\t\t\t<\/a>\n\t\t\t<\/div>\n\t\t\t\n\t\t\t\t\t\t<div class=\"elementor-icon-box-content\">\n\n\t\t\t\t\t\t\t\t\t<h3 class=\"elementor-icon-box-title\">\n\t\t\t\t\t\t<a href=\"https:\/\/baghouse.com\/es\/baghouse-design-calculations-free-online-tools-for-system-design\/\" >\n\t\t\t\t\t\t\tVolver a las calculadoras\t\t\t\t\t\t<\/a>\n\t\t\t\t\t<\/h3>\n\t\t\t\t\n\t\t\t\t\n\t\t\t<\/div>\n\t\t\t\n\t\t<\/div>\n\t\t\t\t\t\t<\/div>\n\t\t\t\t<\/div>\n\t\t\t\t\t<\/div>\n\t\t\t\t<\/div>\n\t\t\t\t<\/div>","protected":false},"excerpt":{"rendered":"<p>Back to Baghouse Design Calculations What Is the Leak Testing Powder? The benefits of leak testing far outweigh the risks associated with system failures. Leak testing powder is a fine, colored dust used to test for leaks in filter bags, seals, or the baghouse itself. It\u2019s introduced into the system, and any dust escaping is [&hellip;]<\/p>\n","protected":false},"author":12,"featured_media":0,"parent":0,"menu_order":0,"comment_status":"closed","ping_status":"closed","template":"","meta":{"_acf_changed":false,"footnotes":""},"class_list":["post-28603","page","type-page","status-publish","hentry"],"acf":[],"_links":{"self":[{"href":"https:\/\/baghouse.com\/es\/wp-json\/wp\/v2\/pages\/28603","targetHints":{"allow":["GET"]}}],"collection":[{"href":"https:\/\/baghouse.com\/es\/wp-json\/wp\/v2\/pages"}],"about":[{"href":"https:\/\/baghouse.com\/es\/wp-json\/wp\/v2\/types\/page"}],"author":[{"embeddable":true,"href":"https:\/\/baghouse.com\/es\/wp-json\/wp\/v2\/users\/12"}],"replies":[{"embeddable":true,"href":"https:\/\/baghouse.com\/es\/wp-json\/wp\/v2\/comments?post=28603"}],"version-history":[{"count":0,"href":"https:\/\/baghouse.com\/es\/wp-json\/wp\/v2\/pages\/28603\/revisions"}],"wp:attachment":[{"href":"https:\/\/baghouse.com\/es\/wp-json\/wp\/v2\/media?parent=28603"}],"curies":[{"name":"wp","href":"https:\/\/api.w.org\/{rel}","templated":true}]}}