{"id":28600,"date":"2025-06-19T18:18:28","date_gmt":"2025-06-19T18:18:28","guid":{"rendered":"https:\/\/baghouse.com\/?page_id=28600"},"modified":"2025-06-28T17:41:15","modified_gmt":"2025-06-28T17:41:15","slug":"can-velocity-calculator","status":"publish","type":"page","link":"https:\/\/baghouse.com\/es\/can-velocity-calculator\/","title":{"rendered":"Calculadora de Velocidad de Levante"},"content":{"rendered":"<div data-elementor-type=\"wp-page\" data-elementor-id=\"28600\" class=\"elementor elementor-28600\" data-elementor-post-type=\"page\">\n\t\t\t\t<div class=\"elementor-element elementor-element-7bb51d1 e-flex e-con-boxed e-con e-parent\" data-id=\"7bb51d1\" data-element_type=\"container\">\n\t\t\t\t\t<div class=\"e-con-inner\">\n\t\t\t\t<div class=\"elementor-element elementor-element-12f2e21 elementor-widget elementor-widget-image\" data-id=\"12f2e21\" data-element_type=\"widget\" data-widget_type=\"image.default\">\n\t\t\t\t<div class=\"elementor-widget-container\">\n\t\t\t\t\t\t\t\t\t\t\t\t\t\t\t<img fetchpriority=\"high\" decoding=\"async\" width=\"1536\" height=\"864\" src=\"https:\/\/baghouse.com\/wp-content\/uploads\/2025\/05\/Baghouse-Design-Calculator-1536x864.png\" class=\"attachment-1536x1536 size-1536x1536 wp-image-28673\" alt=\"Designing a baghouse system requires careful calculation and optimization of multiple design variables to ensure reliable performance, regulatory compliance, and long-term durability.\" srcset=\"https:\/\/baghouse.com\/wp-content\/uploads\/2025\/05\/Baghouse-Design-Calculator-1536x864.png 1536w, https:\/\/baghouse.com\/wp-content\/uploads\/2025\/05\/Baghouse-Design-Calculator-300x169.png 300w, https:\/\/baghouse.com\/wp-content\/uploads\/2025\/05\/Baghouse-Design-Calculator-1030x579.png 1030w, https:\/\/baghouse.com\/wp-content\/uploads\/2025\/05\/Baghouse-Design-Calculator-768x432.png 768w, https:\/\/baghouse.com\/wp-content\/uploads\/2025\/05\/Baghouse-Design-Calculator-18x10.png 18w, https:\/\/baghouse.com\/wp-content\/uploads\/2025\/05\/Baghouse-Design-Calculator-1500x844.png 1500w, https:\/\/baghouse.com\/wp-content\/uploads\/2025\/05\/Baghouse-Design-Calculator-705x397.png 705w, https:\/\/baghouse.com\/wp-content\/uploads\/2025\/05\/Baghouse-Design-Calculator-450x253.png 450w, https:\/\/baghouse.com\/wp-content\/uploads\/2025\/05\/Baghouse-Design-Calculator.png 1920w\" sizes=\"(max-width: 1536px) 100vw, 1536px\" \/>\t\t\t\t\t\t\t\t\t\t\t\t\t\t\t<\/div>\n\t\t\t\t<\/div>\n\t\t\t\t\t<\/div>\n\t\t\t\t<\/div>\n\t\t<div class=\"elementor-element elementor-element-a948bfd e-flex e-con-boxed e-con e-parent\" data-id=\"a948bfd\" data-element_type=\"container\">\n\t\t\t\t\t<div class=\"e-con-inner\">\n\t\t\t\t<div class=\"elementor-element elementor-element-ccdb20a elementor-position-inline-start elementor-view-default elementor-mobile-position-block-start elementor-widget elementor-widget-icon-box\" data-id=\"ccdb20a\" data-element_type=\"widget\" data-widget_type=\"icon-box.default\">\n\t\t\t\t<div class=\"elementor-widget-container\">\n\t\t\t\t\t\t\t<div class=\"elementor-icon-box-wrapper\">\n\n\t\t\t\t\t\t<div class=\"elementor-icon-box-icon\">\n\t\t\t\t<a href=\"https:\/\/baghouse.com\/es\/baghouse-design-calculations-free-online-tools-for-system-design\/\" class=\"elementor-icon\" tabindex=\"-1\" aria-label=\"Volver a las calculadoras\">\n\t\t\t\t<i aria-hidden=\"true\" class=\"far fa-arrow-alt-circle-left\"><\/i>\t\t\t\t<\/a>\n\t\t\t<\/div>\n\t\t\t\n\t\t\t\t\t\t<div class=\"elementor-icon-box-content\">\n\n\t\t\t\t\t\t\t\t\t<h3 class=\"elementor-icon-box-title\">\n\t\t\t\t\t\t<a href=\"https:\/\/baghouse.com\/es\/baghouse-design-calculations-free-online-tools-for-system-design\/\" >\n\t\t\t\t\t\t\tVolver a las calculadoras\t\t\t\t\t\t<\/a>\n\t\t\t\t\t<\/h3>\n\t\t\t\t\n\t\t\t\t\n\t\t\t<\/div>\n\t\t\t\n\t\t<\/div>\n\t\t\t\t\t\t<\/div>\n\t\t\t\t<\/div>\n\t\t\t\t\t<\/div>\n\t\t\t\t<\/div>\n\t\t<div class=\"elementor-element elementor-element-3fcada6 e-flex e-con-boxed e-con e-parent\" data-id=\"3fcada6\" data-element_type=\"container\">\n\t\t\t\t\t<div class=\"e-con-inner\">\n\t\t\t\t<div class=\"elementor-element elementor-element-8ae8052 elementor-widget-divider--separator-type-pattern elementor-widget-divider--no-spacing elementor-widget-divider--view-line elementor-widget elementor-widget-divider\" data-id=\"8ae8052\" data-element_type=\"widget\" data-widget_type=\"divider.default\">\n\t\t\t\t<div class=\"elementor-widget-container\">\n\t\t\t\t\t\t\t<div class=\"elementor-divider\" style=\"--divider-pattern-url: url(&quot;data:image\/svg+xml,%3Csvg xmlns=&#039;http:\/\/www.w3.org\/2000\/svg&#039; preserveAspectRatio=&#039;none&#039; overflow=&#039;visible&#039; height=&#039;100%&#039; viewBox=&#039;0 0 24 24&#039; fill=&#039;black&#039; stroke=&#039;none&#039;%3E%3Cpath d=&#039;M24,8v12H0V8H24z M24,4v1H0V4H24z&#039;\/%3E%3C\/svg%3E&quot;);\">\n\t\t\t<span class=\"elementor-divider-separator\">\n\t\t\t\t\t\t<\/span>\n\t\t<\/div>\n\t\t\t\t\t\t<\/div>\n\t\t\t\t<\/div>\n\t\t\t\t\t<\/div>\n\t\t\t\t<\/div>\n\t\t<div class=\"elementor-element elementor-element-3ec0557 e-flex e-con-boxed e-con e-parent\" data-id=\"3ec0557\" data-element_type=\"container\">\n\t\t\t\t\t<div class=\"e-con-inner\">\n\t\t<div class=\"elementor-element elementor-element-431d9a0 e-con-full e-flex e-con e-child\" data-id=\"431d9a0\" data-element_type=\"container\">\n\t\t<div class=\"elementor-element elementor-element-99a79fc e-con-full e-flex e-con e-child\" data-id=\"99a79fc\" data-element_type=\"container\">\n\t\t\t\t<div class=\"elementor-element elementor-element-8c3d227 elementor-widget elementor-widget-heading\" data-id=\"8c3d227\" data-element_type=\"widget\" data-widget_type=\"heading.default\">\n\t\t\t\t<div class=\"elementor-widget-container\">\n\t\t\t\t\t<h2 class=\"elementor-heading-title elementor-size-default\">\u00bfQu\u00e9 es la velocidad de levante?\n<\/h2>\t\t\t\t<\/div>\n\t\t\t\t<\/div>\n\t\t\t\t<div class=\"elementor-element elementor-element-c46da35 elementor-widget elementor-widget-text-editor\" data-id=\"c46da35\" data-element_type=\"widget\" data-widget_type=\"text-editor.default\">\n\t\t\t\t<div class=\"elementor-widget-container\">\n\t\t\t\t\t\t\t\t\t<div id=\"attachment_24722\" style=\"width: 194px\" class=\"wp-caption alignright\"><img decoding=\"async\" aria-describedby=\"caption-attachment-24722\" class=\"wp-image-24722\" src=\"https:\/\/baghouse.com\/wp-content\/uploads\/2024\/02\/Can-Velocity-166x300.png\" alt=\"Can velocity is the vertical gas velocity throughout the housing, above the hopper level but before reaching the bottom of the bags.\" width=\"184\" height=\"332\" srcset=\"https:\/\/baghouse.com\/wp-content\/uploads\/2024\/02\/Can-Velocity-166x300.png 166w, https:\/\/baghouse.com\/wp-content\/uploads\/2024\/02\/Can-Velocity-570x1030.png 570w, https:\/\/baghouse.com\/wp-content\/uploads\/2024\/02\/Can-Velocity-390x705.png 390w, https:\/\/baghouse.com\/wp-content\/uploads\/2024\/02\/Can-Velocity-450x813.png 450w, https:\/\/baghouse.com\/wp-content\/uploads\/2024\/02\/Can-Velocity.png 672w\" sizes=\"(max-width: 184px) 100vw, 184px\" \/><p id=\"caption-attachment-24722\" class=\"wp-caption-text\">La velocidad de levante es la velocidad a la que el aire se mueve verticalmente por el espacio debajo de los filtros (la \u201cc\u00e1mara\u201d o plenum inferior del colector, justo encima de la tolva).<\/p><\/div><p>La velocidad de levante es la velocidad del aire en la c\u00e1mara inferior del colector, por encima del nivel de la tolva pero por debajo de los filtros. Este aire debe moverse lo suficientemente lento para permitir que el polvo caiga en la tolva pero lo suficientemente r\u00e1pido para evitar que el polvo vuelva a ser capturado por los filtros.<\/p>\t\t\t\t\t\t\t\t<\/div>\n\t\t\t\t<\/div>\n\t\t\t\t<\/div>\n\t\t<div class=\"elementor-element elementor-element-5ad6bb3 e-con-full e-flex e-con e-child\" data-id=\"5ad6bb3\" data-element_type=\"container\">\n\t\t\t\t<div class=\"elementor-element elementor-element-54c36f3 elementor-widget elementor-widget-html\" data-id=\"54c36f3\" data-element_type=\"widget\" data-widget_type=\"html.default\">\n\t\t\t\t<div class=\"elementor-widget-container\">\n\t\t\t\t\t<!DOCTYPE html>\r\n<html lang=\"en\">\r\n<head>\r\n  <meta charset=\"UTF-8\" \/>\r\n  <meta name=\"viewport\" content=\"width=device-width, initial-scale=1.0\"\/>\r\n  <title>Can Velocity Calculator<\/title>\r\n  <style>\r\n    .can-velocity-calculator,\r\n    .can-velocity-calculator * {\r\n      box-sizing: border-box !important;\r\n      font-family: Verdana, sans-serif !important;\r\n      line-height: 1.2 !important;\r\n    }\r\n\r\n    .can-velocity-calculator {\r\n      width: 100% !important;\r\n      padding: 30px 20px !important;\r\n    }\r\n\r\n    .can-velocity-calculator .calculator-container {\r\n      max-width: 1100px !important;\r\n      margin: 0 auto !important;\r\n      padding: 20px !important;\r\n      background-color: #fff !important;\r\n      border: 1px solid #ccc !important;\r\n      box-shadow: 0 4px 15px rgba(0, 0, 0, 0.1) !important;\r\n      color: #1c3b75 !important;\r\n    }\r\n\r\n    .can-velocity-calculator h1 {\r\n      font-size: 30px !important;\r\n      margin-bottom: 5px !important;\r\n      text-align: center !important;\r\n      font-weight: bold !important;\r\n    }\r\n\r\n    .can-velocity-calculator .formula-container {\r\n      text-align: center !important;\r\n      margin: 15px 0 !important;\r\n      padding: 10px !important;\r\n      background-color: #f0f4fa !important;\r\n      border-radius: 6px !important;\r\n    }\r\n\r\n    .can-velocity-calculator .formula-label {\r\n      font-size: 14px !important;\r\n      font-weight: bold !important;\r\n      margin-bottom: 5px !important;\r\n      color: #1c3b75 !important;\r\n    }\r\n\r\n    .can-velocity-calculator .formula {\r\n      font-size: 16px !important;\r\n      font-weight: bold !important;\r\n      color: #1c3b75 !important;\r\n    }\r\n\r\n    .can-velocity-calculator .input-row {\r\n      display: flex !important;\r\n      flex-wrap: wrap !important;\r\n      gap: 10px !important;\r\n      margin: 20px 0 !important;\r\n      justify-content: space-between !important;\r\n    }\r\n\r\n    .can-velocity-calculator .input-group {\r\n      flex: 1 1 30% !important;\r\n      min-width: 220px !important;\r\n    }\r\n\r\n    .can-velocity-calculator .input-group label {\r\n      display: block !important;\r\n      font-size: 12px !important;\r\n      margin-bottom: 2px !important;\r\n      color: #333 !important;\r\n    }\r\n\r\n    .can-velocity-calculator .input-group input {\r\n      width: 100% !important;\r\n      padding: 12px !important;\r\n      font-size: 13px !important;\r\n      border: 1px solid #ccc !important;\r\n      border-radius: 4px !important;\r\n    }\r\n\r\n    .can-velocity-calculator .button-wrapper {\r\n      margin: 20px 0 !important;\r\n      text-align: center !important;\r\n    }\r\n\r\n    .can-velocity-calculator button {\r\n      padding: 12px 30px !important;\r\n      background-color: #466bb0 !important;\r\n      color: white !important;\r\n      font-size: 16px !important;\r\n      font-weight: bold !important;\r\n      border: none !important;\r\n      border-radius: 4px !important;\r\n      cursor: pointer !important;\r\n      box-shadow: 0 4px 8px rgba(0, 0, 0, 0.2) !important;\r\n    }\r\n\r\n    .can-velocity-calculator button:hover {\r\n      background-color: #355a9c !important;\r\n    }\r\n\r\n    .can-velocity-calculator .result-container {\r\n      margin-top: 15px !important;\r\n      text-align: center !important;\r\n      font-size: 22px !important;\r\n      font-weight: bold !important;\r\n    }\r\n\r\n    .can-velocity-calculator .result-label,\r\n    .can-velocity-calculator .result-value {\r\n      color: #466bb0 !important;\r\n    }\r\n\r\n    .can-velocity-calculator .result-units {\r\n      color: black !important;\r\n    }\r\n\r\n    .can-velocity-calculator .note {\r\n      text-align: center !important;\r\n      font-size: 12px !important;\r\n      color: #333 !important;\r\n    }\r\n\r\n    .can-velocity-calculator .error {\r\n      color: #ff6666 !important;\r\n      margin-top: 10px !important;\r\n      font-size: 13px !important;\r\n      text-align: center !important;\r\n    }\r\n  <\/style>\r\n<\/head>\r\n<body>\r\n  <div class=\"can-velocity-calculator\">\r\n    <div class=\"calculator-container\">\r\n      <h1>CALCULADORA DE VELOCIDAD DE LEVANTE<\/h1>\r\n\r\n      <div class=\"formula-container\">\r\n        <div class=\"formula-label\">F\u00f3rmula:<\/div>\r\n        <div class=\"formula\">\r\n          Velocidad de levante = ACFM \u00f7 ((Largo \u00d7 Ancho) \u00f7 144)\r\n        <\/div>\r\n      <\/div>\r\n\r\n      <div class=\"input-row\">\r\n        <div class=\"input-group\">\r\n          <label for=\"acfm\">Pies c\u00fabicos de aire por minuto (ACFM):<\/label>\r\n          <input type=\"number\" id=\"acfm\" placeholder=\"Ingrese ACFM\" step=\"any\" required \/>\r\n        <\/div>\r\n        <div class=\"input-group\">\r\n          <label for=\"sideL\">Largo del colector (en pulgadas):<\/label>\r\n          <input type=\"number\" id=\"sideL\" placeholder=\"Ingrese largo lateral\" step=\"any\" required \/>\r\n        <\/div>\r\n        <div class=\"input-group\">\r\n          <label for=\"sideW\">Ancho del colector (en pulgadas):<\/label>\r\n          <input type=\"number\" id=\"sideW\" placeholder=\"Ingrese ancho lateral\" step=\"any\" required \/>\r\n        <\/div>\r\n      <\/div>\r\n\r\n      <div class=\"note\">Nota: 144 pulgadas = 1 pie cuadrado<\/div>\r\n\r\n      <div class=\"button-wrapper\">\r\n        <button onclick=\"calculateCanVelocity()\">CALCULAR<\/button>\r\n      <\/div>\r\n\r\n      <div class=\"result-container\">\r\n        <span class=\"result-label\">Velocidad de levante = <\/span>\r\n        <span id=\"resultValue\" class=\"result-value\"><\/span>\r\n        <span class=\"result-units\"> pies por minuto (FPM)<\/span>\r\n      <\/div>\r\n\r\n      <div id=\"error\" class=\"error\"><\/div>\r\n    <\/div>\r\n  <\/div>\r\n\r\n  <script>\r\n    function calculateCanVelocity() {\r\n      const acfm = parseFloat(document.getElementById('acfm').value);\r\n      const sideL = parseFloat(document.getElementById('sideL').value);\r\n      const sideW = parseFloat(document.getElementById('sideW').value);\r\n\r\n      const resultSpan = document.getElementById('resultValue');\r\n      const errorDiv = document.getElementById('error');\r\n\r\n      resultSpan.innerText = '';\r\n      errorDiv.innerText = '';\r\n\r\n      if (isNaN(acfm) || isNaN(sideL) || isNaN(sideW)) {\r\n        errorDiv.innerText = 'Please enter valid numbers in all fields.';\r\n        return;\r\n      }\r\n\r\n      if (sideL <= 0 || sideW <= 0) {\r\n        errorDiv.innerText = 'Side L and Side W must be greater than 0.';\r\n        return;\r\n      }\r\n\r\n      const areaSqFt = (sideL * sideW) \/ 144;\r\n      const velocity = acfm \/ areaSqFt;\r\n\r\n      resultSpan.innerText = velocity.toFixed(2);\r\n    }\r\n  <\/script>\r\n<\/body>\r\n<\/html>\r\n\t\t\t\t<\/div>\n\t\t\t\t<\/div>\n\t\t\t\t<\/div>\n\t\t\t\t<\/div>\n\t\t\t\t<div class=\"elementor-element elementor-element-9af7607 elementor-widget-divider--view-line elementor-widget elementor-widget-divider\" data-id=\"9af7607\" data-element_type=\"widget\" data-widget_type=\"divider.default\">\n\t\t\t\t<div class=\"elementor-widget-container\">\n\t\t\t\t\t\t\t<div class=\"elementor-divider\">\n\t\t\t<span class=\"elementor-divider-separator\">\n\t\t\t\t\t\t<\/span>\n\t\t<\/div>\n\t\t\t\t\t\t<\/div>\n\t\t\t\t<\/div>\n\t\t\t\t<div class=\"elementor-element elementor-element-c539530 elementor-widget elementor-widget-heading\" data-id=\"c539530\" data-element_type=\"widget\" data-widget_type=\"heading.default\">\n\t\t\t\t<div class=\"elementor-widget-container\">\n\t\t\t\t\t<h2 class=\"elementor-heading-title elementor-size-default\">\u00bfPorqu\u00e9 es importante la velocidad de levante en el dise\u00f1o de un colector?<\/h2>\t\t\t\t<\/div>\n\t\t\t\t<\/div>\n\t\t\t\t<div class=\"elementor-element elementor-element-91450df elementor-widget elementor-widget-text-editor\" data-id=\"91450df\" data-element_type=\"widget\" data-widget_type=\"text-editor.default\">\n\t\t\t\t<div class=\"elementor-widget-container\">\n\t\t\t\t\t\t\t\t\t<p data-start=\"2069\" data-end=\"2337\">Una velocidad de levante demasiado alta puede mantener el polvo suspendido y hacer que sea recapturado por los filtros, lo que reduce la eficiencia de recolecci\u00f3n y aumenta el desgaste de los filtros. Mantener una velocidad adecuada en esta \u00e1rea es esencial para una operaci\u00f3n limpia y una descarga efectiva del polvo.<\/p>\t\t\t\t\t\t\t\t<\/div>\n\t\t\t\t<\/div>\n\t\t\t\t<div class=\"elementor-element elementor-element-41fe56d elementor-widget-divider--view-line elementor-widget elementor-widget-divider\" data-id=\"41fe56d\" data-element_type=\"widget\" data-widget_type=\"divider.default\">\n\t\t\t\t<div class=\"elementor-widget-container\">\n\t\t\t\t\t\t\t<div class=\"elementor-divider\">\n\t\t\t<span class=\"elementor-divider-separator\">\n\t\t\t\t\t\t<\/span>\n\t\t<\/div>\n\t\t\t\t\t\t<\/div>\n\t\t\t\t<\/div>\n\t\t\t\t<div class=\"elementor-element elementor-element-fa2eb73 elementor-widget elementor-widget-text-editor\" data-id=\"fa2eb73\" data-element_type=\"widget\" data-widget_type=\"text-editor.default\">\n\t\t\t\t<div class=\"elementor-widget-container\">\n\t\t\t\t\t\t\t\t\t<p><strong data-start=\"769\" data-end=\"777\">Nota<\/strong>: La velocidad de levante es solo una parte del dise\u00f1o. El dise\u00f1o de la tolva, la presencia de ciclones en el sistema y el tipo de polvo tambi\u00e9n afectan el rendimiento. Consulta siempre con un experto en colectores de polvo antes de finalizar tu dise\u00f1o.<\/p>\t\t\t\t\t\t\t\t<\/div>\n\t\t\t\t<\/div>\n\t\t\t\t<div class=\"elementor-element elementor-element-7c128ec elementor-align-center elementor-widget elementor-widget-button\" data-id=\"7c128ec\" data-element_type=\"widget\" data-widget_type=\"button.default\">\n\t\t\t\t<div class=\"elementor-widget-container\">\n\t\t\t\t\t\t\t\t\t<div class=\"elementor-button-wrapper\">\n\t\t\t\t\t<a class=\"elementor-button elementor-button-link elementor-size-sm\" href=\"https:\/\/baghouse.com\/es\/contact\/\">\n\t\t\t\t\t\t<span class=\"elementor-button-content-wrapper\">\n\t\t\t\t\t\t\t\t\t<span class=\"elementor-button-text\">Habla con un experto ya mismo<\/span>\n\t\t\t\t\t<\/span>\n\t\t\t\t\t<\/a>\n\t\t\t\t<\/div>\n\t\t\t\t\t\t\t\t<\/div>\n\t\t\t\t<\/div>\n\t\t\t\t\t<\/div>\n\t\t\t\t<\/div>\n\t\t<div class=\"elementor-element elementor-element-3351d58 e-flex e-con-boxed e-con e-parent\" data-id=\"3351d58\" data-element_type=\"container\">\n\t\t\t\t\t<div class=\"e-con-inner\">\n\t\t\t\t<div class=\"elementor-element elementor-element-ea902fa elementor-position-inline-start elementor-view-default elementor-mobile-position-block-start elementor-widget elementor-widget-icon-box\" data-id=\"ea902fa\" data-element_type=\"widget\" data-widget_type=\"icon-box.default\">\n\t\t\t\t<div class=\"elementor-widget-container\">\n\t\t\t\t\t\t\t<div class=\"elementor-icon-box-wrapper\">\n\n\t\t\t\t\t\t<div class=\"elementor-icon-box-icon\">\n\t\t\t\t<a href=\"https:\/\/baghouse.com\/es\/baghouse-design-calculations-free-online-tools-for-system-design\/\" class=\"elementor-icon\" tabindex=\"-1\" aria-label=\"Volver a las calculadoras\">\n\t\t\t\t<i aria-hidden=\"true\" class=\"far fa-arrow-alt-circle-left\"><\/i>\t\t\t\t<\/a>\n\t\t\t<\/div>\n\t\t\t\n\t\t\t\t\t\t<div class=\"elementor-icon-box-content\">\n\n\t\t\t\t\t\t\t\t\t<h3 class=\"elementor-icon-box-title\">\n\t\t\t\t\t\t<a href=\"https:\/\/baghouse.com\/es\/baghouse-design-calculations-free-online-tools-for-system-design\/\" >\n\t\t\t\t\t\t\tVolver a las calculadoras\t\t\t\t\t\t<\/a>\n\t\t\t\t\t<\/h3>\n\t\t\t\t\n\t\t\t\t\n\t\t\t<\/div>\n\t\t\t\n\t\t<\/div>\n\t\t\t\t\t\t<\/div>\n\t\t\t\t<\/div>\n\t\t\t\t\t<\/div>\n\t\t\t\t<\/div>\n\t\t\t\t<\/div>","protected":false},"excerpt":{"rendered":"<p>Back to Baghouse Design Calculations What is Can Velocity? Can velocity is the speed at which air moves vertically through the space below the filters (the \u201ccan\u201d or lower plenum of the baghouse above the hopper). This air must move slowly enough to allow dust to fall into the hopper without being re-entrained. Can Velocity [&hellip;]<\/p>\n","protected":false},"author":12,"featured_media":0,"parent":0,"menu_order":0,"comment_status":"closed","ping_status":"closed","template":"","meta":{"_acf_changed":false,"footnotes":""},"class_list":["post-28600","page","type-page","status-publish","hentry"],"acf":[],"_links":{"self":[{"href":"https:\/\/baghouse.com\/es\/wp-json\/wp\/v2\/pages\/28600","targetHints":{"allow":["GET"]}}],"collection":[{"href":"https:\/\/baghouse.com\/es\/wp-json\/wp\/v2\/pages"}],"about":[{"href":"https:\/\/baghouse.com\/es\/wp-json\/wp\/v2\/types\/page"}],"author":[{"embeddable":true,"href":"https:\/\/baghouse.com\/es\/wp-json\/wp\/v2\/users\/12"}],"replies":[{"embeddable":true,"href":"https:\/\/baghouse.com\/es\/wp-json\/wp\/v2\/comments?post=28600"}],"version-history":[{"count":0,"href":"https:\/\/baghouse.com\/es\/wp-json\/wp\/v2\/pages\/28600\/revisions"}],"wp:attachment":[{"href":"https:\/\/baghouse.com\/es\/wp-json\/wp\/v2\/media?parent=28600"}],"curies":[{"name":"wp","href":"https:\/\/api.w.org\/{rel}","templated":true}]}}