{"id":28598,"date":"2025-06-19T18:19:04","date_gmt":"2025-06-19T18:19:04","guid":{"rendered":"https:\/\/baghouse.com\/?page_id=28598"},"modified":"2025-06-28T17:41:08","modified_gmt":"2025-06-28T17:41:08","slug":"interstitial-velocity-calculator","status":"publish","type":"page","link":"https:\/\/baghouse.com\/es\/interstitial-velocity-calculator\/","title":{"rendered":"Calculadora de Velocidad Intersticial"},"content":{"rendered":"<div data-elementor-type=\"wp-page\" data-elementor-id=\"28598\" class=\"elementor elementor-28598\" data-elementor-post-type=\"page\">\n\t\t\t\t<div class=\"elementor-element elementor-element-c8ce4b2 e-flex e-con-boxed e-con e-parent\" data-id=\"c8ce4b2\" data-element_type=\"container\">\n\t\t\t\t\t<div class=\"e-con-inner\">\n\t\t\t\t<div class=\"elementor-element elementor-element-3902dd2 elementor-widget elementor-widget-image\" data-id=\"3902dd2\" data-element_type=\"widget\" data-widget_type=\"image.default\">\n\t\t\t\t<div class=\"elementor-widget-container\">\n\t\t\t\t\t\t\t\t\t\t\t\t\t\t\t<img fetchpriority=\"high\" decoding=\"async\" width=\"1536\" height=\"864\" src=\"https:\/\/baghouse.com\/wp-content\/uploads\/2025\/05\/Baghouse-Design-Calculator-1536x864.png\" class=\"attachment-1536x1536 size-1536x1536 wp-image-28673\" alt=\"Designing a baghouse system requires careful calculation and optimization of multiple design variables to ensure reliable performance, regulatory compliance, and long-term durability.\" srcset=\"https:\/\/baghouse.com\/wp-content\/uploads\/2025\/05\/Baghouse-Design-Calculator-1536x864.png 1536w, https:\/\/baghouse.com\/wp-content\/uploads\/2025\/05\/Baghouse-Design-Calculator-300x169.png 300w, https:\/\/baghouse.com\/wp-content\/uploads\/2025\/05\/Baghouse-Design-Calculator-1030x579.png 1030w, https:\/\/baghouse.com\/wp-content\/uploads\/2025\/05\/Baghouse-Design-Calculator-768x432.png 768w, https:\/\/baghouse.com\/wp-content\/uploads\/2025\/05\/Baghouse-Design-Calculator-18x10.png 18w, https:\/\/baghouse.com\/wp-content\/uploads\/2025\/05\/Baghouse-Design-Calculator-1500x844.png 1500w, https:\/\/baghouse.com\/wp-content\/uploads\/2025\/05\/Baghouse-Design-Calculator-705x397.png 705w, https:\/\/baghouse.com\/wp-content\/uploads\/2025\/05\/Baghouse-Design-Calculator-450x253.png 450w, https:\/\/baghouse.com\/wp-content\/uploads\/2025\/05\/Baghouse-Design-Calculator.png 1920w\" sizes=\"(max-width: 1536px) 100vw, 1536px\" \/>\t\t\t\t\t\t\t\t\t\t\t\t\t\t\t<\/div>\n\t\t\t\t<\/div>\n\t\t\t\t\t<\/div>\n\t\t\t\t<\/div>\n\t\t<div class=\"elementor-element elementor-element-7deadd9 e-flex e-con-boxed e-con e-parent\" data-id=\"7deadd9\" data-element_type=\"container\">\n\t\t\t\t\t<div class=\"e-con-inner\">\n\t\t\t\t<div class=\"elementor-element elementor-element-10ba547 elementor-position-inline-start elementor-view-default elementor-mobile-position-block-start elementor-widget elementor-widget-icon-box\" data-id=\"10ba547\" data-element_type=\"widget\" data-widget_type=\"icon-box.default\">\n\t\t\t\t<div class=\"elementor-widget-container\">\n\t\t\t\t\t\t\t<div class=\"elementor-icon-box-wrapper\">\n\n\t\t\t\t\t\t<div class=\"elementor-icon-box-icon\">\n\t\t\t\t<a href=\"https:\/\/baghouse.com\/es\/baghouse-design-calculations-free-online-tools-for-system-design\/\" class=\"elementor-icon\" tabindex=\"-1\" aria-label=\"Volver a las calculadoras\">\n\t\t\t\t<i aria-hidden=\"true\" class=\"far fa-arrow-alt-circle-left\"><\/i>\t\t\t\t<\/a>\n\t\t\t<\/div>\n\t\t\t\n\t\t\t\t\t\t<div class=\"elementor-icon-box-content\">\n\n\t\t\t\t\t\t\t\t\t<h3 class=\"elementor-icon-box-title\">\n\t\t\t\t\t\t<a href=\"https:\/\/baghouse.com\/es\/baghouse-design-calculations-free-online-tools-for-system-design\/\" >\n\t\t\t\t\t\t\tVolver a las calculadoras\t\t\t\t\t\t<\/a>\n\t\t\t\t\t<\/h3>\n\t\t\t\t\n\t\t\t\t\n\t\t\t<\/div>\n\t\t\t\n\t\t<\/div>\n\t\t\t\t\t\t<\/div>\n\t\t\t\t<\/div>\n\t\t\t\t\t<\/div>\n\t\t\t\t<\/div>\n\t\t<div class=\"elementor-element elementor-element-490bf92 e-flex e-con-boxed e-con e-parent\" data-id=\"490bf92\" data-element_type=\"container\">\n\t\t\t\t\t<div class=\"e-con-inner\">\n\t\t\t\t<div class=\"elementor-element elementor-element-e9cb60c elementor-widget-divider--separator-type-pattern elementor-widget-divider--no-spacing elementor-widget-divider--view-line elementor-widget elementor-widget-divider\" data-id=\"e9cb60c\" data-element_type=\"widget\" data-widget_type=\"divider.default\">\n\t\t\t\t<div class=\"elementor-widget-container\">\n\t\t\t\t\t\t\t<div class=\"elementor-divider\" style=\"--divider-pattern-url: url(&quot;data:image\/svg+xml,%3Csvg xmlns=&#039;http:\/\/www.w3.org\/2000\/svg&#039; preserveAspectRatio=&#039;none&#039; overflow=&#039;visible&#039; height=&#039;100%&#039; viewBox=&#039;0 0 24 24&#039; fill=&#039;black&#039; stroke=&#039;none&#039;%3E%3Cpath d=&#039;M24,8v12H0V8H24z M24,4v1H0V4H24z&#039;\/%3E%3C\/svg%3E&quot;);\">\n\t\t\t<span class=\"elementor-divider-separator\">\n\t\t\t\t\t\t<\/span>\n\t\t<\/div>\n\t\t\t\t\t\t<\/div>\n\t\t\t\t<\/div>\n\t\t\t\t\t<\/div>\n\t\t\t\t<\/div>\n\t\t<div class=\"elementor-element elementor-element-e3120dd e-flex e-con-boxed e-con e-parent\" data-id=\"e3120dd\" data-element_type=\"container\">\n\t\t\t\t\t<div class=\"e-con-inner\">\n\t\t<div class=\"elementor-element elementor-element-fb9eac1 e-con-full e-flex e-con e-child\" data-id=\"fb9eac1\" data-element_type=\"container\">\n\t\t<div class=\"elementor-element elementor-element-81fdb20 e-con-full e-flex e-con e-child\" data-id=\"81fdb20\" data-element_type=\"container\">\n\t\t\t\t<div class=\"elementor-element elementor-element-11463ad elementor-widget elementor-widget-heading\" data-id=\"11463ad\" data-element_type=\"widget\" data-widget_type=\"heading.default\">\n\t\t\t\t<div class=\"elementor-widget-container\">\n\t\t\t\t\t<h2 class=\"elementor-heading-title elementor-size-default\">\u00bfQu\u00e9 es la  <br>Velocidad Intesticial?\n<\/h2>\t\t\t\t<\/div>\n\t\t\t\t<\/div>\n\t\t\t\t<div class=\"elementor-element elementor-element-87b9f22 elementor-widget elementor-widget-text-editor\" data-id=\"87b9f22\" data-element_type=\"widget\" data-widget_type=\"text-editor.default\">\n\t\t\t\t<div class=\"elementor-widget-container\">\n\t\t\t\t\t\t\t\t\t<p>\u00a0<\/p><p>La velocidad intersticial es la velocidad vertical del aire una vez que el flujo ha llegado a la parte inferior de los filtros. Se refiere a la velocidad con la que el aire se mueve entre los filtros dentro del colector. Esta velocidad es diferente al flujo principal de aire, ya que describe c\u00f3mo se desplaza el aire en los peque\u00f1os espacios entre los filtros.<\/p><p><img decoding=\"async\" class=\"wp-image-24723 alignleft\" src=\"https:\/\/baghouse.com\/wp-content\/uploads\/2024\/02\/Insterstitial-Velocity-190x300.png\" alt=\"Interstitial velocity is the vertical gas velocity once the flow is at the bottom of the filter bags.\" width=\"138\" height=\"218\" srcset=\"https:\/\/baghouse.com\/wp-content\/uploads\/2024\/02\/Insterstitial-Velocity-190x300.png 190w, https:\/\/baghouse.com\/wp-content\/uploads\/2024\/02\/Insterstitial-Velocity-652x1030.png 652w, https:\/\/baghouse.com\/wp-content\/uploads\/2024\/02\/Insterstitial-Velocity-446x705.png 446w, https:\/\/baghouse.com\/wp-content\/uploads\/2024\/02\/Insterstitial-Velocity-450x711.png 450w, https:\/\/baghouse.com\/wp-content\/uploads\/2024\/02\/Insterstitial-Velocity.png 744w\" sizes=\"(max-width: 138px) 100vw, 138px\" \/><\/p>\t\t\t\t\t\t\t\t<\/div>\n\t\t\t\t<\/div>\n\t\t\t\t<\/div>\n\t\t<div class=\"elementor-element elementor-element-14833f0 e-con-full e-flex e-con e-child\" data-id=\"14833f0\" data-element_type=\"container\">\n\t\t\t\t<div class=\"elementor-element elementor-element-6c2801f elementor-widget elementor-widget-html\" data-id=\"6c2801f\" data-element_type=\"widget\" data-widget_type=\"html.default\">\n\t\t\t\t<div class=\"elementor-widget-container\">\n\t\t\t\t\t<!DOCTYPE html>\r\n<html lang=\"en\">\r\n<head>\r\n  <meta charset=\"UTF-8\" \/>\r\n  <meta name=\"viewport\" content=\"width=device-width, initial-scale=1.0\"\/>\r\n  <title>Interstitial Velocity Calculator<\/title>\r\n  <style>\r\n    .interstitial-velocity-calculator-1,\r\n    .interstitial-velocity-calculator-1 * {\r\n      box-sizing: border-box !important;\r\n      font-family: Verdana, sans-serif !important;\r\n      line-height: 1.2 !important;\r\n    }\r\n\r\n    .interstitial-velocity-calculator-1 {\r\n      width: 100% !important;\r\n      padding: 30px 20px !important;\r\n    }\r\n\r\n    .interstitial-velocity-calculator-1 .calculator-container {\r\n      max-width: 1100px !important;\r\n      margin: 0 auto !important;\r\n      padding: 20px !important;\r\n      background-color: #fff !important;\r\n      border: 1px solid #ccc !important;\r\n      box-shadow: 0 4px 15px rgba(0, 0, 0, 0.1) !important;\r\n      color: #1c3b75 !important;\r\n    }\r\n\r\n    .interstitial-velocity-calculator-1 h1 {\r\n      font-size: 30px !important;\r\n      margin-bottom: 5px !important;\r\n      text-align: center !important;\r\n      font-weight: bold !important;\r\n    }\r\n\r\n    .interstitial-velocity-calculator-1 .formula-container {\r\n      text-align: center !important;\r\n      margin: 15px 0 !important;\r\n      padding: 10px !important;\r\n      background-color: #f0f4fa !important;\r\n      border-radius: 6px !important;\r\n    }\r\n\r\n    .interstitial-velocity-calculator-1 .formula-label {\r\n      font-size: 14px !important;\r\n      font-weight: bold !important;\r\n      margin-bottom: 5px !important;\r\n      color: #1c3b75 !important;\r\n    }\r\n\r\n    .interstitial-velocity-calculator-1 .formula {\r\n      font-size: 16px !important;\r\n      font-weight: bold !important;\r\n      color: #1c3b75 !important;\r\n    }\r\n\r\n    .interstitial-velocity-calculator-1 .input-row {\r\n      display: flex !important;\r\n      flex-wrap: wrap !important;\r\n      gap: 10px !important;\r\n      margin: 20px 0 !important;\r\n      justify-content: space-between !important;\r\n    }\r\n\r\n    .interstitial-velocity-calculator-1 .input-group {\r\n      flex: 1 1 15% !important;\r\n      min-width: 180px !important;\r\n    }\r\n\r\n    .interstitial-velocity-calculator-1 .input-group label {\r\n      display: block !important;\r\n      font-size: 12px !important;\r\n      margin-bottom: 2px !important;\r\n      color: #333 !important;\r\n    }\r\n\r\n    .interstitial-velocity-calculator-1 .input-group input {\r\n      width: 100% !important;\r\n      padding: 12px !important;\r\n      font-size: 13px !important;\r\n      border: 1px solid #ccc !important;\r\n      border-radius: 4px !important;\r\n    }\r\n\r\n    .interstitial-velocity-calculator-1 .button-wrapper {\r\n      margin: 20px 0 !important;\r\n      text-align: center !important;\r\n    }\r\n\r\n    .interstitial-velocity-calculator-1 button {\r\n      padding: 12px 30px !important;\r\n      background-color: #466bb0 !important;\r\n      color: white !important;\r\n      font-size: 16px !important;\r\n      font-weight: bold !important;\r\n      border: none !important;\r\n      border-radius: 4px !important;\r\n      cursor: pointer !important;\r\n      box-shadow: 0 4px 8px rgba(0, 0, 0, 0.2) !important;\r\n    }\r\n\r\n    .interstitial-velocity-calculator-1 button:hover {\r\n      background-color: #355a9c !important;\r\n    }\r\n\r\n    .interstitial-velocity-calculator-1 .result-container {\r\n      margin-top: 15px !important;\r\n      text-align: center !important;\r\n      font-size: 22px !important;\r\n      font-weight: bold !important;\r\n    }\r\n\r\n    .interstitial-velocity-calculator-1 .result-label,\r\n    .interstitial-velocity-calculator-1 .result-value {\r\n      color: #466bb0 !important;\r\n    }\r\n\r\n    .interstitial-velocity-calculator-1 .result-units {\r\n      color: black !important;\r\n    }\r\n\r\n    .interstitial-velocity-calculator-1 .error {\r\n      color: #ff6666 !important;\r\n      margin-top: 10px !important;\r\n      font-size: 13px !important;\r\n      text-align: center !important;\r\n      white-space: pre-line;\r\n    }\r\n\r\n    .interstitial-velocity-calculator-1 .warning {\r\n      color: #e67e22 !important;\r\n      margin-top: 8px !important;\r\n      font-size: 13px !important;\r\n      text-align: center !important;\r\n      white-space: pre-line;\r\n    }\r\n  <\/style>\r\n<\/head>\r\n<body>\r\n  <div class=\"interstitial-velocity-calculator-1\">\r\n    <div class=\"calculator-container\">\r\n      <h1>CALCULADORA DE VELOCIDAD INTERSTICIAL<\/h1>\r\n\r\n      <div class=\"formula-container\">\r\n        <div class=\"formula-label\">F\u00f3rmula:<\/div>\r\n        <div class=\"formula\">\r\n          Velocidad Intersticial = ACFM \u00f7 ((Largo \u00d7 Ancho \u2212 \u03c0 \u00d7 (Di\u00e1metro de filtro \u00f7 2)<sup>2<\/sup> \u00d7 n\u00famero de filtros) \u00f7 144)\r\n        <\/div>\r\n      <\/div>\r\n\r\n      <div class=\"input-row\">\r\n        <div class=\"input-group\">\r\n          <label for=\"acfm\">Pies c\u00fabicos de aire por minuto (ACFM):<\/label>\r\n          <input type=\"number\" id=\"acfm\" placeholder=\"Ingrese ACFM\" step=\"any\" required \/>\r\n        <\/div>\r\n        <div class=\"input-group\">\r\n          <label for=\"sideL\">Largo del colector (en pulgadas):<\/label>\r\n          <input type=\"number\" id=\"sideL\" placeholder=\"Ingrese largo\" step=\"any\" required \/>\r\n        <\/div>\r\n        <div class=\"input-group\">\r\n          <label for=\"sideW\">Ancho del colector (en pulgadas):<\/label>\r\n          <input type=\"number\" id=\"sideW\" placeholder=\"Ingrese ancho\" step=\"any\" required \/>\r\n        <\/div>\r\n        <div class=\"input-group\">\r\n          <label for=\"bagDia\">Di\u00e1metro del filtro (en pulgadas):<\/label>\r\n          <input type=\"number\" id=\"bagDia\" placeholder=\"Ingrese di\u00e1metro de filtros\" step=\"any\" required \/>\r\n        <\/div>\r\n        <div class=\"input-group\">\r\n          <label for=\"numBags\">N\u00famero de filtros:<\/label>\r\n          <input type=\"number\" id=\"numBags\" placeholder=\"Ingrese cantidad de filtros\" step=\"1\" required \/>\r\n        <\/div>\r\n      <\/div>\r\n\r\n      <div class=\"button-wrapper\">\r\n        <button onclick=\"calculateVelocity()\">CALCULAR<\/button>\r\n      <\/div>\r\n\r\n      <div class=\"result-container\">\r\n        <span class=\"result-label\">Velocidad Intersticial = <\/span>\r\n        <span id=\"resultValue\" class=\"result-value\"><\/span>\r\n        <span class=\"result-units\"> pies por minuto (FPM)<\/span>\r\n      <\/div>\r\n      <div id=\"error\" class=\"error\"><\/div>\r\n      <div id=\"warning\" class=\"warning\"><\/div>\r\n    <\/div>\r\n  <\/div>\r\n\r\n  <script>\r\n    function calculateVelocity() {\r\n      const acfm = parseFloat(document.getElementById('acfm').value);\r\n      const sideL = parseFloat(document.getElementById('sideL').value);\r\n      const sideW = parseFloat(document.getElementById('sideW').value);\r\n      const bagDia = parseFloat(document.getElementById('bagDia').value);\r\n      const numBags = parseInt(document.getElementById('numBags').value, 10);\r\n\r\n      const resultSpan = document.getElementById('resultValue');\r\n      const errorDiv = document.getElementById('error');\r\n      const warningDiv = document.getElementById('warning');\r\n\r\n      errorDiv.innerText = '';\r\n      warningDiv.innerText = '';\r\n      resultSpan.innerText = '';\r\n\r\n      if (\r\n        isNaN(acfm) || isNaN(sideL) || isNaN(sideW) ||\r\n        isNaN(bagDia) || isNaN(numBags)\r\n      ) {\r\n        errorDiv.innerText = 'Please enter valid numbers in all fields.';\r\n        return;\r\n      }\r\n\r\n      if (sideL <= 0 || sideW <= 0 || bagDia <= 0 || numBags <= 0) {\r\n        errorDiv.innerText = 'Please make sure all measurements are positive and valid.';\r\n        return;\r\n      }\r\n\r\n      const chamberArea = sideL * sideW;\r\n      const bagAreaEach = Math.PI * Math.pow(bagDia \/ 2, 2);\r\n      const totalBagArea = bagAreaEach * numBags;\r\n      const netAreaIn2 = chamberArea - totalBagArea;\r\n\r\n      if (netAreaIn2 <= 0) {\r\n        errorDiv.innerText =\r\n          `Invalid area calculated. Please check your dimensions.\\n\\n` +\r\n          `\u2022 Total chamber area: ${chamberArea.toFixed(2)} in\u00b2\\n` +\r\n          `\u2022 Total bag area: ${totalBagArea.toFixed(2)} in\u00b2\\n` +\r\n          `\u2022 Resulting net area: ${netAreaIn2.toFixed(2)} in\u00b2 (must be greater than 0)`;\r\n        return;\r\n      }\r\n\r\n      const bagAreaRatio = totalBagArea \/ chamberArea;\r\n\r\n      if (bagAreaRatio > 0.7) {\r\n        warningDiv.innerText =\r\n          `Warning: Bags cover ${(bagAreaRatio * 100).toFixed(1)}% of the chamber area.\\n` +\r\n          `This is high and may restrict airflow.\\n` +\r\n          `Consider increasing chamber size, reducing bag count, or using smaller bags.`;\r\n      }\r\n\r\n      const netAreaFt2 = netAreaIn2 \/ 144;\r\n      const velocity = acfm \/ netAreaFt2;\r\n\r\n      resultSpan.innerText = velocity.toFixed(2);\r\n    }\r\n  <\/script>\r\n<\/body>\r\n<\/html>\r\n\t\t\t\t<\/div>\n\t\t\t\t<\/div>\n\t\t\t\t<\/div>\n\t\t\t\t<\/div>\n\t\t\t\t<div class=\"elementor-element elementor-element-b53341c elementor-widget-divider--view-line elementor-widget elementor-widget-divider\" data-id=\"b53341c\" data-element_type=\"widget\" data-widget_type=\"divider.default\">\n\t\t\t\t<div class=\"elementor-widget-container\">\n\t\t\t\t\t\t\t<div class=\"elementor-divider\">\n\t\t\t<span class=\"elementor-divider-separator\">\n\t\t\t\t\t\t<\/span>\n\t\t<\/div>\n\t\t\t\t\t\t<\/div>\n\t\t\t\t<\/div>\n\t\t\t\t<div class=\"elementor-element elementor-element-baf385a elementor-widget elementor-widget-heading\" data-id=\"baf385a\" data-element_type=\"widget\" data-widget_type=\"heading.default\">\n\t\t\t\t<div class=\"elementor-widget-container\">\n\t\t\t\t\t<h2 class=\"elementor-heading-title elementor-size-default\">\u00bfPorqu\u00e9 es importante la velocidad intersticial en el dise\u00f1o un colector?<\/h2>\t\t\t\t<\/div>\n\t\t\t\t<\/div>\n\t\t\t\t<div class=\"elementor-element elementor-element-22ecacb elementor-widget elementor-widget-text-editor\" data-id=\"22ecacb\" data-element_type=\"widget\" data-widget_type=\"text-editor.default\">\n\t\t\t\t<div class=\"elementor-widget-container\">\n\t\t\t\t\t\t\t\t\t<p>Si se introduce demasiado aire en una unidad demasiado peque\u00f1a y los filtros est\u00e1n muy juntos, la velocidad intersticial puede ser demasiado alta porque hay muy poco espacio entre los filtros para que pase el aire. A velocidades altas, la ca\u00edda del polvo durante el ciclo de limpieza se vuelve dif\u00edcil. Cuando se activa el pulso, el polvo desprendido puede permanecer suspendido en el aire y volver a depositarse sobre los filtros.\n\nEste problema puede diagnosticarse observando si la unidad tiene dificultades para mantener una presi\u00f3n diferencial estable, o si el polvo no se descarga correctamente en la tolva. Si estos problemas desaparecen cuando se limpia la unidad sin flujo de aire cargado de polvo, generalmente la causa es una velocidad intersticial demasiado alta.<\/p>\t\t\t\t\t\t\t\t<\/div>\n\t\t\t\t<\/div>\n\t\t\t\t<div class=\"elementor-element elementor-element-9a1d921 elementor-widget-divider--view-line elementor-widget elementor-widget-divider\" data-id=\"9a1d921\" data-element_type=\"widget\" data-widget_type=\"divider.default\">\n\t\t\t\t<div class=\"elementor-widget-container\">\n\t\t\t\t\t\t\t<div class=\"elementor-divider\">\n\t\t\t<span class=\"elementor-divider-separator\">\n\t\t\t\t\t\t<\/span>\n\t\t<\/div>\n\t\t\t\t\t\t<\/div>\n\t\t\t\t<\/div>\n\t\t\t\t<div class=\"elementor-element elementor-element-838c05c elementor-widget elementor-widget-text-editor\" data-id=\"838c05c\" data-element_type=\"widget\" data-widget_type=\"text-editor.default\">\n\t\t\t\t<div class=\"elementor-widget-container\">\n\t\t\t\t\t\t\t\t\t<p><strong data-start=\"769\" data-end=\"777\">Nota<\/strong>: Usa este c\u00e1lculo como referencia, pero recuerda que el espaciado entre filtros, la carga de polvo y los patrones de movimiento del aire tambi\u00e9n influyen en el rendimiento del sistema. Consulta a un experto en colectores antes de realizar cambios.<\/p>\t\t\t\t\t\t\t\t<\/div>\n\t\t\t\t<\/div>\n\t\t\t\t<div class=\"elementor-element elementor-element-632915f elementor-align-center elementor-widget elementor-widget-button\" data-id=\"632915f\" data-element_type=\"widget\" data-widget_type=\"button.default\">\n\t\t\t\t<div class=\"elementor-widget-container\">\n\t\t\t\t\t\t\t\t\t<div class=\"elementor-button-wrapper\">\n\t\t\t\t\t<a class=\"elementor-button elementor-button-link elementor-size-sm\" href=\"https:\/\/baghouse.com\/es\/contact\/\">\n\t\t\t\t\t\t<span class=\"elementor-button-content-wrapper\">\n\t\t\t\t\t\t\t\t\t<span class=\"elementor-button-text\">Habla con un experto ya mismo<\/span>\n\t\t\t\t\t<\/span>\n\t\t\t\t\t<\/a>\n\t\t\t\t<\/div>\n\t\t\t\t\t\t\t\t<\/div>\n\t\t\t\t<\/div>\n\t\t\t\t\t<\/div>\n\t\t\t\t<\/div>\n\t\t<div class=\"elementor-element elementor-element-edf8f42 e-flex e-con-boxed e-con e-parent\" data-id=\"edf8f42\" data-element_type=\"container\">\n\t\t\t\t\t<div class=\"e-con-inner\">\n\t\t\t\t<div class=\"elementor-element elementor-element-620bf0b elementor-position-inline-start elementor-view-default elementor-mobile-position-block-start elementor-widget elementor-widget-icon-box\" data-id=\"620bf0b\" data-element_type=\"widget\" data-widget_type=\"icon-box.default\">\n\t\t\t\t<div class=\"elementor-widget-container\">\n\t\t\t\t\t\t\t<div class=\"elementor-icon-box-wrapper\">\n\n\t\t\t\t\t\t<div class=\"elementor-icon-box-icon\">\n\t\t\t\t<a href=\"https:\/\/baghouse.com\/es\/baghouse-design-calculations-free-online-tools-for-system-design\/\" class=\"elementor-icon\" tabindex=\"-1\" aria-label=\"Volver a las calculadoras\">\n\t\t\t\t<i aria-hidden=\"true\" class=\"far fa-arrow-alt-circle-left\"><\/i>\t\t\t\t<\/a>\n\t\t\t<\/div>\n\t\t\t\n\t\t\t\t\t\t<div class=\"elementor-icon-box-content\">\n\n\t\t\t\t\t\t\t\t\t<h3 class=\"elementor-icon-box-title\">\n\t\t\t\t\t\t<a href=\"https:\/\/baghouse.com\/es\/baghouse-design-calculations-free-online-tools-for-system-design\/\" >\n\t\t\t\t\t\t\tVolver a las calculadoras\t\t\t\t\t\t<\/a>\n\t\t\t\t\t<\/h3>\n\t\t\t\t\n\t\t\t\t\n\t\t\t<\/div>\n\t\t\t\n\t\t<\/div>\n\t\t\t\t\t\t<\/div>\n\t\t\t\t<\/div>\n\t\t\t\t\t<\/div>\n\t\t\t\t<\/div>\n\t\t\t\t<\/div>","protected":false},"excerpt":{"rendered":"<p>Back to Baghouse Design Calculators What is Interstitial Velocity? \u00a0 Interstitial velocity is the speed at which air moves between the filter bags inside the baghouse. This is different from the main airflow\u2014it refers to how air travels in the small spaces between filters. Interstitial Velocity Calculator INTERSTITIAL VELOCITY CALCULATOR Formula: Interstitial Velocity = ACFM [&hellip;]<\/p>\n","protected":false},"author":12,"featured_media":0,"parent":0,"menu_order":0,"comment_status":"closed","ping_status":"closed","template":"","meta":{"_acf_changed":false,"footnotes":""},"class_list":["post-28598","page","type-page","status-publish","hentry"],"acf":[],"_links":{"self":[{"href":"https:\/\/baghouse.com\/es\/wp-json\/wp\/v2\/pages\/28598","targetHints":{"allow":["GET"]}}],"collection":[{"href":"https:\/\/baghouse.com\/es\/wp-json\/wp\/v2\/pages"}],"about":[{"href":"https:\/\/baghouse.com\/es\/wp-json\/wp\/v2\/types\/page"}],"author":[{"embeddable":true,"href":"https:\/\/baghouse.com\/es\/wp-json\/wp\/v2\/users\/12"}],"replies":[{"embeddable":true,"href":"https:\/\/baghouse.com\/es\/wp-json\/wp\/v2\/comments?post=28598"}],"version-history":[{"count":0,"href":"https:\/\/baghouse.com\/es\/wp-json\/wp\/v2\/pages\/28598\/revisions"}],"wp:attachment":[{"href":"https:\/\/baghouse.com\/es\/wp-json\/wp\/v2\/media?parent=28598"}],"curies":[{"name":"wp","href":"https:\/\/api.w.org\/{rel}","templated":true}]}}