{"id":28596,"date":"2025-06-19T18:19:41","date_gmt":"2025-06-19T18:19:41","guid":{"rendered":"https:\/\/baghouse.com\/?page_id=28596"},"modified":"2025-06-28T17:38:51","modified_gmt":"2025-06-28T17:38:51","slug":"air-to-cloth-ratio-calculator","status":"publish","type":"page","link":"https:\/\/baghouse.com\/es\/air-to-cloth-ratio-calculator\/","title":{"rendered":"Calculadora de Relaci\u00f3n Aire-Tela"},"content":{"rendered":"<div data-elementor-type=\"wp-page\" data-elementor-id=\"28596\" class=\"elementor elementor-28596\" data-elementor-post-type=\"page\">\n\t\t\t\t<div class=\"elementor-element elementor-element-3ff9c42 e-flex e-con-boxed e-con e-parent\" data-id=\"3ff9c42\" data-element_type=\"container\">\n\t\t\t\t\t<div class=\"e-con-inner\">\n\t\t\t\t<div class=\"elementor-element elementor-element-14b281e elementor-widget elementor-widget-image\" data-id=\"14b281e\" data-element_type=\"widget\" data-widget_type=\"image.default\">\n\t\t\t\t<div class=\"elementor-widget-container\">\n\t\t\t\t\t\t\t\t\t\t\t\t\t\t\t<img fetchpriority=\"high\" decoding=\"async\" width=\"1536\" height=\"864\" src=\"https:\/\/baghouse.com\/wp-content\/uploads\/2025\/05\/Baghouse-Design-Calculator-1536x864.png\" class=\"attachment-1536x1536 size-1536x1536 wp-image-28673\" alt=\"Designing a baghouse system requires careful calculation and optimization of multiple design variables to ensure reliable performance, regulatory compliance, and long-term durability.\" srcset=\"https:\/\/baghouse.com\/wp-content\/uploads\/2025\/05\/Baghouse-Design-Calculator-1536x864.png 1536w, https:\/\/baghouse.com\/wp-content\/uploads\/2025\/05\/Baghouse-Design-Calculator-300x169.png 300w, https:\/\/baghouse.com\/wp-content\/uploads\/2025\/05\/Baghouse-Design-Calculator-1030x579.png 1030w, https:\/\/baghouse.com\/wp-content\/uploads\/2025\/05\/Baghouse-Design-Calculator-768x432.png 768w, https:\/\/baghouse.com\/wp-content\/uploads\/2025\/05\/Baghouse-Design-Calculator-18x10.png 18w, https:\/\/baghouse.com\/wp-content\/uploads\/2025\/05\/Baghouse-Design-Calculator-1500x844.png 1500w, https:\/\/baghouse.com\/wp-content\/uploads\/2025\/05\/Baghouse-Design-Calculator-705x397.png 705w, https:\/\/baghouse.com\/wp-content\/uploads\/2025\/05\/Baghouse-Design-Calculator-450x253.png 450w, https:\/\/baghouse.com\/wp-content\/uploads\/2025\/05\/Baghouse-Design-Calculator.png 1920w\" sizes=\"(max-width: 1536px) 100vw, 1536px\" \/>\t\t\t\t\t\t\t\t\t\t\t\t\t\t\t<\/div>\n\t\t\t\t<\/div>\n\t\t\t\t\t<\/div>\n\t\t\t\t<\/div>\n\t\t<div class=\"elementor-element elementor-element-b8181a8 e-flex e-con-boxed e-con e-parent\" data-id=\"b8181a8\" data-element_type=\"container\">\n\t\t\t\t\t<div class=\"e-con-inner\">\n\t\t\t\t<div class=\"elementor-element elementor-element-f44f3e1 elementor-position-inline-start elementor-view-default elementor-mobile-position-block-start elementor-widget elementor-widget-icon-box\" data-id=\"f44f3e1\" data-element_type=\"widget\" data-widget_type=\"icon-box.default\">\n\t\t\t\t<div class=\"elementor-widget-container\">\n\t\t\t\t\t\t\t<div class=\"elementor-icon-box-wrapper\">\n\n\t\t\t\t\t\t<div class=\"elementor-icon-box-icon\">\n\t\t\t\t<a href=\"https:\/\/baghouse.com\/es\/baghouse-design-calculations-free-online-tools-for-system-design\/\" class=\"elementor-icon\" tabindex=\"-1\" aria-label=\"Volver a las calculadoras\">\n\t\t\t\t<i aria-hidden=\"true\" class=\"far fa-arrow-alt-circle-left\"><\/i>\t\t\t\t<\/a>\n\t\t\t<\/div>\n\t\t\t\n\t\t\t\t\t\t<div class=\"elementor-icon-box-content\">\n\n\t\t\t\t\t\t\t\t\t<h3 class=\"elementor-icon-box-title\">\n\t\t\t\t\t\t<a href=\"https:\/\/baghouse.com\/es\/baghouse-design-calculations-free-online-tools-for-system-design\/\" >\n\t\t\t\t\t\t\tVolver a las calculadoras\t\t\t\t\t\t<\/a>\n\t\t\t\t\t<\/h3>\n\t\t\t\t\n\t\t\t\t\n\t\t\t<\/div>\n\t\t\t\n\t\t<\/div>\n\t\t\t\t\t\t<\/div>\n\t\t\t\t<\/div>\n\t\t\t\t\t<\/div>\n\t\t\t\t<\/div>\n\t\t<div class=\"elementor-element elementor-element-6e700a1 e-flex e-con-boxed e-con e-parent\" data-id=\"6e700a1\" data-element_type=\"container\">\n\t\t\t\t\t<div class=\"e-con-inner\">\n\t\t\t\t<div class=\"elementor-element elementor-element-361a74d elementor-widget-divider--separator-type-pattern elementor-widget-divider--no-spacing elementor-widget-divider--view-line elementor-widget elementor-widget-divider\" data-id=\"361a74d\" data-element_type=\"widget\" data-widget_type=\"divider.default\">\n\t\t\t\t<div class=\"elementor-widget-container\">\n\t\t\t\t\t\t\t<div class=\"elementor-divider\" style=\"--divider-pattern-url: url(&quot;data:image\/svg+xml,%3Csvg xmlns=&#039;http:\/\/www.w3.org\/2000\/svg&#039; preserveAspectRatio=&#039;none&#039; overflow=&#039;visible&#039; height=&#039;100%&#039; viewBox=&#039;0 0 24 24&#039; fill=&#039;black&#039; stroke=&#039;none&#039;%3E%3Cpath d=&#039;M24,8v12H0V8H24z M24,4v1H0V4H24z&#039;\/%3E%3C\/svg%3E&quot;);\">\n\t\t\t<span class=\"elementor-divider-separator\">\n\t\t\t\t\t\t<\/span>\n\t\t<\/div>\n\t\t\t\t\t\t<\/div>\n\t\t\t\t<\/div>\n\t\t\t\t\t<\/div>\n\t\t\t\t<\/div>\n\t\t<div class=\"elementor-element elementor-element-c03a9ad e-flex e-con-boxed e-con e-parent\" data-id=\"c03a9ad\" data-element_type=\"container\">\n\t\t\t\t\t<div class=\"e-con-inner\">\n\t\t<div class=\"elementor-element elementor-element-fd01418 e-con-full e-flex e-con e-child\" data-id=\"fd01418\" data-element_type=\"container\">\n\t\t<div class=\"elementor-element elementor-element-510620d e-con-full e-flex e-con e-child\" data-id=\"510620d\" data-element_type=\"container\">\n\t\t\t\t<div class=\"elementor-element elementor-element-7e3e75f elementor-widget elementor-widget-heading\" data-id=\"7e3e75f\" data-element_type=\"widget\" data-widget_type=\"heading.default\">\n\t\t\t\t<div class=\"elementor-widget-container\">\n\t\t\t\t\t<h2 class=\"elementor-heading-title elementor-size-default\">\u00bfQu\u00e9 es la relaci\u00f3n aire-tela?\n<\/h2>\t\t\t\t<\/div>\n\t\t\t\t<\/div>\n\t\t\t\t<div class=\"elementor-element elementor-element-e43fa2b elementor-widget elementor-widget-text-editor\" data-id=\"e43fa2b\" data-element_type=\"widget\" data-widget_type=\"text-editor.default\">\n\t\t\t\t<div class=\"elementor-widget-container\">\n\t\t\t\t\t\t\t\t\t<p>\u00a0<\/p><p><img decoding=\"async\" class=\"wp-image-24714\" src=\"https:\/\/baghouse.com\/wp-content\/uploads\/2024\/02\/Air-to-cloth-ratio-300x216.png\" alt=\"The air-to-cloth ratio, describes how much dirty gas passes through a given surface area of filter.\" width=\"353\" height=\"254\" srcset=\"https:\/\/baghouse.com\/wp-content\/uploads\/2024\/02\/Air-to-cloth-ratio-300x216.png 300w, https:\/\/baghouse.com\/wp-content\/uploads\/2024\/02\/Air-to-cloth-ratio-1030x742.png 1030w, https:\/\/baghouse.com\/wp-content\/uploads\/2024\/02\/Air-to-cloth-ratio-768x553.png 768w, https:\/\/baghouse.com\/wp-content\/uploads\/2024\/02\/Air-to-cloth-ratio-1536x1107.png 1536w, https:\/\/baghouse.com\/wp-content\/uploads\/2024\/02\/Air-to-cloth-ratio-2048x1476.png 2048w, https:\/\/baghouse.com\/wp-content\/uploads\/2024\/02\/Air-to-cloth-ratio-1500x1081.png 1500w, https:\/\/baghouse.com\/wp-content\/uploads\/2024\/02\/Air-to-cloth-ratio-705x508.png 705w, https:\/\/baghouse.com\/wp-content\/uploads\/2024\/02\/Air-to-cloth-ratio-450x324.png 450w\" sizes=\"(max-width: 353px) 100vw, 353px\" \/><\/p><div><p>La relaci\u00f3n aire-tela describe la cantidad de aire que pasa a trav\u00e9s de una determinada superficie de filtro (que se mide en pies cuadrados).<\/p><p>Es una medida que nos indica cu\u00e1nto tiene que trabajar el sistema para mover esa cantidad de aire a trav\u00e9s de los filtros.<\/p><\/div>\t\t\t\t\t\t\t\t<\/div>\n\t\t\t\t<\/div>\n\t\t\t\t<div class=\"elementor-element elementor-element-033c92e elementor-align-left elementor-widget elementor-widget-button\" data-id=\"033c92e\" data-element_type=\"widget\" data-widget_type=\"button.default\">\n\t\t\t\t<div class=\"elementor-widget-container\">\n\t\t\t\t\t\t\t\t\t<div class=\"elementor-button-wrapper\">\n\t\t\t\t\t<a class=\"elementor-button elementor-button-link elementor-size-sm\" href=\"https:\/\/baghouse.com\/es\/total-filter-cloth-area-calculator\/\">\n\t\t\t\t\t\t<span class=\"elementor-button-content-wrapper\">\n\t\t\t\t\t\t\t\t\t<span class=\"elementor-button-text\">\u00bfNo sabes cu\u00e1l es el \u00e1rea total de tus filtros? Calculalo aqu\u00ed<\/span>\n\t\t\t\t\t<\/span>\n\t\t\t\t\t<\/a>\n\t\t\t\t<\/div>\n\t\t\t\t\t\t\t\t<\/div>\n\t\t\t\t<\/div>\n\t\t\t\t<\/div>\n\t\t<div class=\"elementor-element elementor-element-4286e0c e-con-full e-flex e-con e-child\" data-id=\"4286e0c\" data-element_type=\"container\">\n\t\t\t\t<div class=\"elementor-element elementor-element-c1648a0 elementor-widget elementor-widget-html\" data-id=\"c1648a0\" data-element_type=\"widget\" data-widget_type=\"html.default\">\n\t\t\t\t<div class=\"elementor-widget-container\">\n\t\t\t\t\t<!DOCTYPE html>\r\n<html lang=\"en\">\r\n<head>\r\n  <meta charset=\"UTF-8\" \/>\r\n  <meta name=\"viewport\" content=\"width=device-width, initial-scale=1.0\"\/>\r\n  <title>Air to Cloth Ratio Calculator<\/title>\r\n  <style>\r\n    .air-to-cloth-calculator,\r\n    .air-to-cloth-calculator * {\r\n      box-sizing: border-box !important;\r\n      font-family: Verdana, sans-serif !important;\r\n      line-height: 1.2 !important;\r\n    }\r\n\r\n    .air-to-cloth-calculator {\r\n      width: 100% !important;\r\n      padding: 30px 20px !important;\r\n    }\r\n\r\n    .air-to-cloth-calculator .calculator-container {\r\n      max-width: 1100px !important;\r\n      margin: 0 auto !important;\r\n      padding: 20px !important;\r\n      background-color: #fff !important;\r\n      border: 1px solid #ccc !important;\r\n      box-shadow: 0 4px 15px rgba(0, 0, 0, 0.1) !important;\r\n      color: #1c3b75 !important;\r\n    }\r\n\r\n    .air-to-cloth-calculator h1 {\r\n      font-size: 30px !important;\r\n      margin-bottom: 5px !important;\r\n      text-align: center !important;\r\n      font-weight: bold !important;\r\n    }\r\n\r\n    .air-to-cloth-calculator .formula-container {\r\n      text-align: center !important;\r\n      margin: 15px 0 !important;\r\n      padding: 10px !important;\r\n      background-color: #f0f4fa !important;\r\n      border-radius: 6px !important;\r\n    }\r\n\r\n    .air-to-cloth-calculator .formula-label {\r\n      font-size: 14px !important;\r\n      font-weight: bold !important;\r\n      margin-bottom: 5px !important;\r\n      color: #1c3b75 !important;\r\n    }\r\n\r\n    .air-to-cloth-calculator .formula {\r\n      font-size: 16px !important;\r\n      font-weight: bold !important;\r\n      color: #1c3b75 !important;\r\n    }\r\n\r\n    .air-to-cloth-calculator .input-row {\r\n      display: flex !important;\r\n      flex-wrap: wrap !important;\r\n      gap: 10px !important;\r\n      margin: 20px 0 !important;\r\n      justify-content: space-between !important;\r\n    }\r\n\r\n    .air-to-cloth-calculator .input-group {\r\n      flex: 1 1 40% !important;\r\n      min-width: 220px !important;\r\n    }\r\n\r\n    .air-to-cloth-calculator .input-group label {\r\n      display: block !important;\r\n      font-size: 12px !important;\r\n      margin-bottom: 2px !important;\r\n      color: #333 !important;\r\n    }\r\n\r\n    .air-to-cloth-calculator .input-group input {\r\n      width: 100% !important;\r\n      padding: 12px !important;\r\n      font-size: 13px !important;\r\n      border: 1px solid #ccc !important;\r\n      border-radius: 4px !important;\r\n    }\r\n\r\n    .air-to-cloth-calculator .button-wrapper {\r\n      margin: 20px 0 !important;\r\n      text-align: center !important;\r\n    }\r\n\r\n    .air-to-cloth-calculator button {\r\n      padding: 12px 30px !important;\r\n      background-color: #466bb0 !important;\r\n      color: white !important;\r\n      font-size: 16px !important;\r\n      font-weight: bold !important;\r\n      border: none !important;\r\n      border-radius: 4px !important;\r\n      cursor: pointer !important;\r\n      box-shadow: 0 4px 8px rgba(0, 0, 0, 0.2) !important;\r\n    }\r\n\r\n    .air-to-cloth-calculator button:hover {\r\n      background-color: #355a9c !important;\r\n    }\r\n\r\n    .air-to-cloth-calculator .result-container {\r\n      margin-top: 15px !important;\r\n      text-align: center !important;\r\n      font-size: 22px !important;\r\n      font-weight: bold !important;\r\n    }\r\n\r\n    .air-to-cloth-calculator .result-label,\r\n    .air-to-cloth-calculator .result-value {\r\n      color: #466bb0 !important;\r\n    }\r\n\r\n    .air-to-cloth-calculator .result-units {\r\n      color: black !important;\r\n    }\r\n\r\n    .air-to-cloth-calculator .error {\r\n      color: #ff6666 !important;\r\n      margin-top: 10px !important;\r\n      font-size: 13px !important;\r\n      text-align: center !important;\r\n    }\r\n  <\/style>\r\n<\/head>\r\n<body>\r\n  <div class=\"air-to-cloth-calculator\">\r\n    <div class=\"calculator-container\">\r\n      <h1>CALCULADORA DE RELACI\u00d3N AIRE-TELA<\/h1>\r\n\r\n      <div class=\"formula-container\">\r\n        <div class=\"formula-label\">F\u00f3rmula:<\/div>\r\n        <div class=\"formula\">\r\n          Relaci\u00f3n Aire-Tela = ACFM \u00f7 Area de tela\r\n        <\/div>\r\n      <\/div>\r\n\r\n      <div class=\"input-row\">\r\n        <div class=\"input-group\">\r\n          <label for=\"acfm\">Pies c\u00fabicos de aire por minuto (ACFM):<\/label>\r\n          <input type=\"number\" id=\"acfm\" placeholder=\"Ingrese ACFM\" step=\"any\" required \/>\r\n        <\/div>\r\n        <div class=\"input-group\">\r\n          <label for=\"clothArea\">\u00c1rea total de tus filtros (en pies cuadrados)<\/label>\r\n          <input type=\"number\" id=\"clothArea\" placeholder=\"Ingrese \u00e1rea total de filtros\" step=\"any\" required \/>\r\n        <\/div>\r\n      <\/div>\r\n\r\n      <div class=\"button-wrapper\">\r\n        <button onclick=\"calculateRatio()\">CALCULAR<\/button>\r\n      <\/div>\r\n\r\n      <div class=\"result-container\">\r\n        <span class=\"result-label\">Relaci\u00f3n Aire-Tela = <\/span>\r\n        <span id=\"resultValue\" class=\"result-value\"><\/span>\r\n        <span class=\"result-units\"> a 1<\/span>\r\n      <\/div>\r\n\r\n      <div id=\"error\" class=\"error\"><\/div>\r\n    <\/div>\r\n  <\/div>\r\n\r\n  <script>\r\n    function calculateRatio() {\r\n      const acfm = parseFloat(document.getElementById('acfm').value);\r\n      const clothArea = parseFloat(document.getElementById('clothArea').value);\r\n\r\n      const resultSpan = document.getElementById('resultValue');\r\n      const errorDiv = document.getElementById('error');\r\n\r\n      resultSpan.innerText = '';\r\n      errorDiv.innerText = '';\r\n\r\n      if (isNaN(acfm) || isNaN(clothArea)) {\r\n        errorDiv.innerText = 'Please enter valid numbers in all fields.';\r\n        return;\r\n      }\r\n\r\n      if (clothArea <= 0) {\r\n        errorDiv.innerText = 'Cloth area must be greater than 0.';\r\n        return;\r\n      }\r\n\r\n      const ratio = acfm \/ clothArea;\r\n      resultSpan.innerText = ratio.toFixed(2);\r\n    }\r\n  <\/script>\r\n<\/body>\r\n<\/html>\r\n\t\t\t\t<\/div>\n\t\t\t\t<\/div>\n\t\t\t\t<\/div>\n\t\t\t\t<\/div>\n\t\t\t\t<div class=\"elementor-element elementor-element-61c199c elementor-widget-divider--view-line elementor-widget elementor-widget-divider\" data-id=\"61c199c\" data-element_type=\"widget\" data-widget_type=\"divider.default\">\n\t\t\t\t<div class=\"elementor-widget-container\">\n\t\t\t\t\t\t\t<div class=\"elementor-divider\">\n\t\t\t<span class=\"elementor-divider-separator\">\n\t\t\t\t\t\t<\/span>\n\t\t<\/div>\n\t\t\t\t\t\t<\/div>\n\t\t\t\t<\/div>\n\t\t\t\t\t<\/div>\n\t\t\t\t<\/div>\n\t\t<div class=\"elementor-element elementor-element-1716e8f e-flex e-con-boxed e-con e-parent\" data-id=\"1716e8f\" data-element_type=\"container\">\n\t\t\t\t\t<div class=\"e-con-inner\">\n\t\t\t\t<div class=\"elementor-element elementor-element-580b7c5 elementor-widget elementor-widget-heading\" data-id=\"580b7c5\" data-element_type=\"widget\" data-widget_type=\"heading.default\">\n\t\t\t\t<div class=\"elementor-widget-container\">\n\t\t\t\t\t<h2 class=\"elementor-heading-title elementor-size-default\">\u00bfPorqu\u00e9 es importante la relaci\u00f3n aire-tela en el dise\u00f1o de un colector?<\/h2>\t\t\t\t<\/div>\n\t\t\t\t<\/div>\n\t\t\t\t<div class=\"elementor-element elementor-element-9611720 elementor-widget elementor-widget-text-editor\" data-id=\"9611720\" data-element_type=\"widget\" data-widget_type=\"text-editor.default\">\n\t\t\t\t<div class=\"elementor-widget-container\">\n\t\t\t\t\t\t\t\t\t<p>Un <em>relaci\u00f3n aire-tela alta o agresiva<\/em> significa, esencialmente, que se est\u00e1 empujando demasiado aire y polvo a trav\u00e9s de muy pocos filtros o un colector de polvo demasiado peque\u00f1o. Flujos de aire m\u00e1s grandes y mayores cargas de polvo requieren una mayor superficie de filtraci\u00f3n para funcionar correctamente. Adem\u00e1s, otros factores como el tipo de polvo, la carga de polvo, la temperatura, la humedad y los productos qu\u00edmicos presentes en la corriente de aire pueden requerir una relaci\u00f3n aire-tela m\u00e1s conservadora para que el sistema funcione adecuadamente.<\/p>\t\t\t\t\t\t\t\t<\/div>\n\t\t\t\t<\/div>\n\t\t\t\t<div class=\"elementor-element elementor-element-aaff8a8 elementor-widget-divider--view-line elementor-widget elementor-widget-divider\" data-id=\"aaff8a8\" data-element_type=\"widget\" data-widget_type=\"divider.default\">\n\t\t\t\t<div class=\"elementor-widget-container\">\n\t\t\t\t\t\t\t<div class=\"elementor-divider\">\n\t\t\t<span class=\"elementor-divider-separator\">\n\t\t\t\t\t\t<\/span>\n\t\t<\/div>\n\t\t\t\t\t\t<\/div>\n\t\t\t\t<\/div>\n\t\t\t\t<div class=\"elementor-element elementor-element-7fe919f elementor-widget elementor-widget-text-editor\" data-id=\"7fe919f\" data-element_type=\"widget\" data-widget_type=\"text-editor.default\">\n\t\t\t\t<div class=\"elementor-widget-container\">\n\t\t\t\t\t\t\t\t\t<p><strong data-start=\"769\" data-end=\"777\">Nota<\/strong>: Este c\u00e1lculo debe usarse solo como referencia. El rendimiento del colector depende de otros factores adicionales como el tipo de polvo, la temperatura y el dise\u00f1o del sistema. Aseg\u00farate de consultar con un experto en colectores de polvo como Baghouse.com para obtener asesor\u00eda precisa sobre el dise\u00f1o.<\/p>\t\t\t\t\t\t\t\t<\/div>\n\t\t\t\t<\/div>\n\t\t\t\t\t<\/div>\n\t\t\t\t<\/div>\n\t\t<div class=\"elementor-element elementor-element-b78fa0e e-flex e-con-boxed e-con e-parent\" data-id=\"b78fa0e\" data-element_type=\"container\">\n\t\t\t\t\t<div class=\"e-con-inner\">\n\t\t\t\t<div class=\"elementor-element elementor-element-516504e elementor-align-center elementor-widget elementor-widget-button\" data-id=\"516504e\" data-element_type=\"widget\" data-widget_type=\"button.default\">\n\t\t\t\t<div class=\"elementor-widget-container\">\n\t\t\t\t\t\t\t\t\t<div class=\"elementor-button-wrapper\">\n\t\t\t\t\t<a class=\"elementor-button elementor-button-link elementor-size-sm\" href=\"https:\/\/baghouse.com\/es\/contact\/\">\n\t\t\t\t\t\t<span class=\"elementor-button-content-wrapper\">\n\t\t\t\t\t\t\t\t\t<span class=\"elementor-button-text\">Habla con un experto ya mismo<\/span>\n\t\t\t\t\t<\/span>\n\t\t\t\t\t<\/a>\n\t\t\t\t<\/div>\n\t\t\t\t\t\t\t\t<\/div>\n\t\t\t\t<\/div>\n\t\t\t\t\t<\/div>\n\t\t\t\t<\/div>\n\t\t<div class=\"elementor-element elementor-element-9b5364c e-flex e-con-boxed e-con e-parent\" data-id=\"9b5364c\" data-element_type=\"container\">\n\t\t\t\t\t<div class=\"e-con-inner\">\n\t\t\t\t<div class=\"elementor-element elementor-element-9c7f6ec elementor-position-inline-start elementor-view-default elementor-mobile-position-block-start elementor-widget elementor-widget-icon-box\" data-id=\"9c7f6ec\" data-element_type=\"widget\" data-widget_type=\"icon-box.default\">\n\t\t\t\t<div class=\"elementor-widget-container\">\n\t\t\t\t\t\t\t<div class=\"elementor-icon-box-wrapper\">\n\n\t\t\t\t\t\t<div class=\"elementor-icon-box-icon\">\n\t\t\t\t<a href=\"https:\/\/baghouse.com\/es\/baghouse-design-calculations-free-online-tools-for-system-design\/\" class=\"elementor-icon\" tabindex=\"-1\" aria-label=\"Volver a las calculadoras\">\n\t\t\t\t<i aria-hidden=\"true\" class=\"far fa-arrow-alt-circle-left\"><\/i>\t\t\t\t<\/a>\n\t\t\t<\/div>\n\t\t\t\n\t\t\t\t\t\t<div class=\"elementor-icon-box-content\">\n\n\t\t\t\t\t\t\t\t\t<h3 class=\"elementor-icon-box-title\">\n\t\t\t\t\t\t<a href=\"https:\/\/baghouse.com\/es\/baghouse-design-calculations-free-online-tools-for-system-design\/\" >\n\t\t\t\t\t\t\tVolver a las calculadoras\t\t\t\t\t\t<\/a>\n\t\t\t\t\t<\/h3>\n\t\t\t\t\n\t\t\t\t\n\t\t\t<\/div>\n\t\t\t\n\t\t<\/div>\n\t\t\t\t\t\t<\/div>\n\t\t\t\t<\/div>\n\t\t\t\t\t<\/div>\n\t\t\t\t<\/div>\n\t\t\t\t<\/div>","protected":false},"excerpt":{"rendered":"<p>Back to Baghouse Design Calculations What is Air-to-Cloth Ratio? \u00a0 The air-to-cloth ratio, describes how much dirty gas passes through a given surface area of filter. The air-to-cloth ratio (or air-to-media ratio) is the amount of air (in cubic feet per minute, or CFM) flowing through each square foot of filter media in a baghouse. [&hellip;]<\/p>\n","protected":false},"author":12,"featured_media":0,"parent":0,"menu_order":0,"comment_status":"closed","ping_status":"closed","template":"","meta":{"_acf_changed":false,"footnotes":""},"class_list":["post-28596","page","type-page","status-publish","hentry"],"acf":[],"_links":{"self":[{"href":"https:\/\/baghouse.com\/es\/wp-json\/wp\/v2\/pages\/28596","targetHints":{"allow":["GET"]}}],"collection":[{"href":"https:\/\/baghouse.com\/es\/wp-json\/wp\/v2\/pages"}],"about":[{"href":"https:\/\/baghouse.com\/es\/wp-json\/wp\/v2\/types\/page"}],"author":[{"embeddable":true,"href":"https:\/\/baghouse.com\/es\/wp-json\/wp\/v2\/users\/12"}],"replies":[{"embeddable":true,"href":"https:\/\/baghouse.com\/es\/wp-json\/wp\/v2\/comments?post=28596"}],"version-history":[{"count":0,"href":"https:\/\/baghouse.com\/es\/wp-json\/wp\/v2\/pages\/28596\/revisions"}],"wp:attachment":[{"href":"https:\/\/baghouse.com\/es\/wp-json\/wp\/v2\/media?parent=28596"}],"curies":[{"name":"wp","href":"https:\/\/api.w.org\/{rel}","templated":true}]}}