{"id":26614,"date":"2025-02-06T20:28:16","date_gmt":"2025-02-06T20:28:16","guid":{"rendered":"https:\/\/www.baghouse.com\/?page_id=26614"},"modified":"2025-02-24T19:53:38","modified_gmt":"2025-02-24T19:53:38","slug":"instructions-on-how-to-enroll-in-our-online-training","status":"publish","type":"page","link":"https:\/\/baghouse.com\/es\/instructions-on-how-to-enroll-in-our-online-training\/","title":{"rendered":"Instructions on How To Enroll In Our Online Training"},"content":{"rendered":"<div data-elementor-type=\"wp-page\" data-elementor-id=\"26614\" class=\"elementor elementor-26614\" data-elementor-post-type=\"page\">\n\t\t\t\t<div class=\"elementor-element elementor-element-49b117d e-flex e-con-boxed e-con e-parent\" data-id=\"49b117d\" data-element_type=\"container\">\n\t\t\t\t\t<div class=\"e-con-inner\">\n\t\t\t\t<div class=\"elementor-element elementor-element-6680135 elementor-widget elementor-widget-heading\" data-id=\"6680135\" data-element_type=\"widget\" data-widget_type=\"heading.default\">\n\t\t\t\t<div class=\"elementor-widget-container\">\n\t\t\t\t\t<h2 class=\"elementor-heading-title elementor-size-default\">INSTRUCCIONES PARA INSCRIBIRSE EN NUESTROS CURSOS<\/h2>\t\t\t\t<\/div>\n\t\t\t\t<\/div>\n\t\t\t\t<div class=\"elementor-element elementor-element-8919de7 elementor-widget elementor-widget-spacer\" data-id=\"8919de7\" data-element_type=\"widget\" data-widget_type=\"spacer.default\">\n\t\t\t\t<div class=\"elementor-widget-container\">\n\t\t\t\t\t\t\t<div class=\"elementor-spacer\">\n\t\t\t<div class=\"elementor-spacer-inner\"><\/div>\n\t\t<\/div>\n\t\t\t\t\t\t<\/div>\n\t\t\t\t<\/div>\n\t\t\t\t\t<\/div>\n\t\t\t\t<\/div>\n\t\t<div class=\"elementor-element elementor-element-eeaeaf8 e-flex e-con-boxed e-con e-parent\" data-id=\"eeaeaf8\" data-element_type=\"container\">\n\t\t\t\t\t<div class=\"e-con-inner\">\n\t\t\t\t<div class=\"elementor-element elementor-element-e414587 elementor-widget elementor-widget-text-editor\" data-id=\"e414587\" data-element_type=\"widget\" data-widget_type=\"text-editor.default\">\n\t\t\t\t<div class=\"elementor-widget-container\">\n\t\t\t\t\t\t\t\t\t<h3>\u00a1Gracias por tu inter\u00e9s en nuestras capacitaciones sobre colecci\u00f3n de polvo!<\/h3><p>Este curso es la mejor inversi\u00f3n que puedes hacer para mejorar la eficiencia de tus sistemas de colecci\u00f3n de polvo y asegurarte que se le d\u00e9 el mantenimiento necesario para funcionar bien.<\/p><p>Sigue estos pasos simples para inscribirte y comenzar hoy mismo.<\/p>\t\t\t\t\t\t\t\t<\/div>\n\t\t\t\t<\/div>\n\t\t\t\t<div class=\"elementor-element elementor-element-45dd511 elementor-widget elementor-widget-spacer\" data-id=\"45dd511\" data-element_type=\"widget\" data-widget_type=\"spacer.default\">\n\t\t\t\t<div class=\"elementor-widget-container\">\n\t\t\t\t\t\t\t<div class=\"elementor-spacer\">\n\t\t\t<div class=\"elementor-spacer-inner\"><\/div>\n\t\t<\/div>\n\t\t\t\t\t\t<\/div>\n\t\t\t\t<\/div>\n\t\t\t\t<div class=\"elementor-element elementor-element-00208ab elementor-widget elementor-widget-heading\" data-id=\"00208ab\" data-element_type=\"widget\" data-widget_type=\"heading.default\">\n\t\t\t\t<div class=\"elementor-widget-container\">\n\t\t\t\t\t<h2 class=\"elementor-heading-title elementor-size-default\">Instrucciones para inscribirse en el curso online paso a paso<\/h2>\t\t\t\t<\/div>\n\t\t\t\t<\/div>\n\t\t\t\t<div class=\"elementor-element elementor-element-9a5bf86 elementor-widget elementor-widget-text-editor\" data-id=\"9a5bf86\" data-element_type=\"widget\" data-widget_type=\"text-editor.default\">\n\t\t\t\t<div class=\"elementor-widget-container\">\n\t\t\t\t\t\t\t\t\t<p><img fetchpriority=\"high\" decoding=\"async\" class=\"alignright wp-image-26625\" src=\"https:\/\/www.baghouse.com\/wp-content\/uploads\/2025\/02\/Screenshot-2025-02-07-at-12.32.16\u202fPM.png\" alt=\"Training Course Registration Form\" width=\"374\" height=\"161\" srcset=\"\" sizes=\"(max-width: 374px) 100vw, 374px\" data-srcset=\"\" \/><\/p><h2><strong>1. Crea una cuenta<\/strong><\/h2><ul><li><p>Ve a nuestra p\u00e1gina y <a href=\"https:\/\/baghouse.com\/es\/student-registration\/\">reg\u00edstrate.<\/a><\/p><\/li><li><p>Crea una cuenta en nuestro portal con tu email, un usuario y una contrase\u00f1a.<\/p><\/li><\/ul>\t\t\t\t\t\t\t\t<\/div>\n\t\t\t\t<\/div>\n\t\t\t\t<div class=\"elementor-element elementor-element-4f03897 elementor-widget elementor-widget-text-editor\" data-id=\"4f03897\" data-element_type=\"widget\" data-widget_type=\"text-editor.default\">\n\t\t\t\t<div class=\"elementor-widget-container\">\n\t\t\t\t\t\t\t\t\t<p><img decoding=\"async\" class=\"alignright wp-image-26626\" src=\"https:\/\/www.baghouse.com\/wp-content\/uploads\/2025\/02\/Screenshot-2025-02-07-at-12.51.48\u202fPM.png\" alt=\"Baghouse.com Student Dashboard\" width=\"356\" height=\"204\" srcset=\"\" sizes=\"(max-width: 356px) 100vw, 356px\" data-srcset=\"\" \/><\/p><h2><strong>2. <\/strong><strong>Ingresa a tu Portal Estudiantil<\/strong><\/h2><ul><li>Una vez que te registres creando una cuenta, ser\u00e1s redireccionado al <strong>Portal Estudiantil<\/strong><\/li><li>Haz click en <strong>Inscr\u00edbete en un curso<\/strong><\/li><\/ul>\t\t\t\t\t\t\t\t<\/div>\n\t\t\t\t<\/div>\n\t\t\t\t<div class=\"elementor-element elementor-element-770823c elementor-widget elementor-widget-text-editor\" data-id=\"770823c\" data-element_type=\"widget\" data-widget_type=\"text-editor.default\">\n\t\t\t\t<div class=\"elementor-widget-container\">\n\t\t\t\t\t\t\t\t\t<p><strong><img decoding=\"async\" class=\"wp-image-26627 alignright\" src=\"https:\/\/www.baghouse.com\/wp-content\/uploads\/2025\/02\/Screenshot-2025-02-07-at-1.03.57\u202fPM.png\" alt=\"Dust Collection Online Training Course Product\" width=\"291\" height=\"309\" srcset=\"\" sizes=\"(max-width: 291px) 100vw, 291px\" data-srcset=\"\" \/><\/strong><\/p><h2><strong>3. Selecciona tu curso<\/strong><\/h2><ul><li>Elige <strong>Curso online sobre colecci\u00f3n de polvo.<\/strong><\/li><li>Haz click en <strong>Inscr\u00edbete ahora y luego Agregar al carrito<\/strong><\/li><\/ul>\t\t\t\t\t\t\t\t<\/div>\n\t\t\t\t<\/div>\n\t\t\t\t<div class=\"elementor-element elementor-element-23f9e8c elementor-widget elementor-widget-text-editor\" data-id=\"23f9e8c\" data-element_type=\"widget\" data-widget_type=\"text-editor.default\">\n\t\t\t\t<div class=\"elementor-widget-container\">\n\t\t\t\t\t\t\t\t\t<h2><br \/><strong><img loading=\"lazy\" decoding=\"async\" class=\"wp-image-26631 alignright\" src=\"https:\/\/www.baghouse.com\/wp-content\/uploads\/2025\/02\/Screenshot-2025-02-06-at-2.46.16\u202fPM-300x189.png\" alt=\"Add Online Training Course to Cart\" width=\"328\" height=\"206\" srcset=\"https:\/\/baghouse.com\/wp-content\/uploads\/2025\/02\/Screenshot-2025-02-06-at-2.46.16\u202fPM-300x189.png 300w, https:\/\/baghouse.com\/wp-content\/uploads\/2025\/02\/Screenshot-2025-02-06-at-2.46.16\u202fPM-18x12.png 18w, https:\/\/baghouse.com\/wp-content\/uploads\/2025\/02\/Screenshot-2025-02-06-at-2.46.16\u202fPM-450x283.png 450w, https:\/\/baghouse.com\/wp-content\/uploads\/2025\/02\/Screenshot-2025-02-06-at-2.46.16\u202fPM.png 474w\" sizes=\"(max-width: 328px) 100vw, 328px\" \/>4. Procesa la compra del curso<\/strong><\/h2><ul><li>Haz click en \u00edcono del <strong>Carrito<\/strong> en la parte superior derecha de la p\u00e1gina.<\/li><li>Selecciona <strong>Proceed to Checkout.<\/strong><\/li><\/ul>\t\t\t\t\t\t\t\t<\/div>\n\t\t\t\t<\/div>\n\t\t\t\t<div class=\"elementor-element elementor-element-5f9ed0f elementor-widget elementor-widget-text-editor\" data-id=\"5f9ed0f\" data-element_type=\"widget\" data-widget_type=\"text-editor.default\">\n\t\t\t\t<div class=\"elementor-widget-container\">\n\t\t\t\t\t\t\t\t\t<h2><br \/><strong><img loading=\"lazy\" decoding=\"async\" class=\"wp-image-26635 alignright\" src=\"https:\/\/www.baghouse.com\/wp-content\/uploads\/2025\/02\/Screenshot-2025-02-06-at-5.01.07\u202fPM-300x119.png\" alt=\"Payment Method\" width=\"392\" height=\"156\" srcset=\"https:\/\/baghouse.com\/wp-content\/uploads\/2025\/02\/Screenshot-2025-02-06-at-5.01.07\u202fPM-300x119.png 300w, https:\/\/baghouse.com\/wp-content\/uploads\/2025\/02\/Screenshot-2025-02-06-at-5.01.07\u202fPM-1030x408.png 1030w, https:\/\/baghouse.com\/wp-content\/uploads\/2025\/02\/Screenshot-2025-02-06-at-5.01.07\u202fPM-768x304.png 768w, https:\/\/baghouse.com\/wp-content\/uploads\/2025\/02\/Screenshot-2025-02-06-at-5.01.07\u202fPM-1536x609.png 1536w, https:\/\/baghouse.com\/wp-content\/uploads\/2025\/02\/Screenshot-2025-02-06-at-5.01.07\u202fPM-18x7.png 18w, https:\/\/baghouse.com\/wp-content\/uploads\/2025\/02\/Screenshot-2025-02-06-at-5.01.07\u202fPM-1500x595.png 1500w, https:\/\/baghouse.com\/wp-content\/uploads\/2025\/02\/Screenshot-2025-02-06-at-5.01.07\u202fPM-705x279.png 705w, https:\/\/baghouse.com\/wp-content\/uploads\/2025\/02\/Screenshot-2025-02-06-at-5.01.07\u202fPM-450x178.png 450w, https:\/\/baghouse.com\/wp-content\/uploads\/2025\/02\/Screenshot-2025-02-06-at-5.01.07\u202fPM.png 1872w\" sizes=\"(max-width: 392px) 100vw, 392px\" \/>5. Elige tu opci\u00f3n de pago<\/strong><\/h2><ul><li>If you have a discount code, please enter it in the <strong>Coupon<\/strong> field.<\/li><li>Ingresa tu m\u00e9todo de pago (D\u00e9bito o cr\u00e9dito)<\/li><li>Efect\u00faa el pago de una manera segura.<\/li><\/ul>\t\t\t\t\t\t\t\t<\/div>\n\t\t\t\t<\/div>\n\t\t\t\t<div class=\"elementor-element elementor-element-1652b93 elementor-widget elementor-widget-text-editor\" data-id=\"1652b93\" data-element_type=\"widget\" data-widget_type=\"text-editor.default\">\n\t\t\t\t<div class=\"elementor-widget-container\">\n\t\t\t\t\t\t\t\t\t<h2><br \/><strong><img loading=\"lazy\" decoding=\"async\" class=\"wp-image-26636 alignright\" src=\"https:\/\/www.baghouse.com\/wp-content\/uploads\/2025\/02\/Screenshot-2025-02-07-at-1.05.59\u202fPM.png\" alt=\"Student Dashboard Dust Collection Online Course\" width=\"371\" height=\"230\" srcset=\"\" sizes=\"(max-width: 371px) 100vw, 371px\" data-srcset=\"\" \/>6. \u00a1Comienza a aprender!<\/strong><\/h2><ul><li>Luego de procesar el pago, ser\u00e1s redirigido al <a href=\"https:\/\/baghouse.com\/es\/dashboard\/\"><strong>Portal Estudiantil<\/strong><\/a><\/li><\/ul><h1>\u00a0<\/h1>\t\t\t\t\t\t\t\t<\/div>\n\t\t\t\t<\/div>\n\t\t\t\t<div class=\"elementor-element elementor-element-ada3dda elementor-widget elementor-widget-text-editor\" data-id=\"ada3dda\" data-element_type=\"widget\" data-widget_type=\"text-editor.default\">\n\t\t\t\t<div class=\"elementor-widget-container\">\n\t\t\t\t\t\t\t\t\t<h2><br \/><img loading=\"lazy\" decoding=\"async\" class=\"wp-image-26675 alignright\" style=\"font-size: 16px; font-weight: 400;\" src=\"https:\/\/www.baghouse.com\/wp-content\/uploads\/2025\/02\/Screenshot-2025-02-07-at-1.11.12\u202fPM.png\" alt=\"Student Dashboard\" width=\"364\" height=\"134\" srcset=\"\" sizes=\"(max-width: 364px) 100vw, 364px\" data-srcset=\"\" \/><strong>7. \u00bfC\u00f3mo volver al Portal Estudiantil?<\/strong><\/h2><ul><li>Si has cerrado sesi\u00f3n, o has salido de nuestro sitio, puedes acceder al <strong><a href=\"https:\/\/baghouse.com\/es\/dashboard\/\">Portal Estudiantil<\/a><\/strong> en el men\u00fa principal de nuestro sitio, bajo <a href=\"https:\/\/baghouse.com\/es\/dashboard\/\">Servicios &gt; Programas de capacitaci\u00f3n &gt; Capacitaci\u00f3n online &gt; Portal Estudiantil<\/a><\/li><\/ul><h1>\u00a0<\/h1>\t\t\t\t\t\t\t\t<\/div>\n\t\t\t\t<\/div>\n\t\t\t\t<div class=\"elementor-element elementor-element-dd030b1 elementor-widget elementor-widget-spacer\" data-id=\"dd030b1\" data-element_type=\"widget\" data-widget_type=\"spacer.default\">\n\t\t\t\t<div class=\"elementor-widget-container\">\n\t\t\t\t\t\t\t<div class=\"elementor-spacer\">\n\t\t\t<div class=\"elementor-spacer-inner\"><\/div>\n\t\t<\/div>\n\t\t\t\t\t\t<\/div>\n\t\t\t\t<\/div>\n\t\t\t\t<div class=\"elementor-element elementor-element-866fbf7 elementor-widget elementor-widget-text-editor\" data-id=\"866fbf7\" data-element_type=\"widget\" data-widget_type=\"text-editor.default\">\n\t\t\t\t<div class=\"elementor-widget-container\">\n\t\t\t\t\t\t\t\t\t<h1>\u00a1Y ya est\u00e1s listo para convertirte en un experto en colecci\u00f3n de polvo!<\/h1>\t\t\t\t\t\t\t\t<\/div>\n\t\t\t\t<\/div>\n\t\t\t\t<div class=\"elementor-element elementor-element-01df6dc elementor-widget elementor-widget-spacer\" data-id=\"01df6dc\" data-element_type=\"widget\" data-widget_type=\"spacer.default\">\n\t\t\t\t<div class=\"elementor-widget-container\">\n\t\t\t\t\t\t\t<div class=\"elementor-spacer\">\n\t\t\t<div class=\"elementor-spacer-inner\"><\/div>\n\t\t<\/div>\n\t\t\t\t\t\t<\/div>\n\t\t\t\t<\/div>\n\t\t\t\t<div class=\"elementor-element elementor-element-94dfb20 elementor-widget elementor-widget-heading\" data-id=\"94dfb20\" data-element_type=\"widget\" data-widget_type=\"heading.default\">\n\t\t\t\t<div class=\"elementor-widget-container\">\n\t\t\t\t\t<h2 class=\"elementor-heading-title elementor-size-default\">\u00bfNecesitas ayuda para inscribirte?<\/h2>\t\t\t\t<\/div>\n\t\t\t\t<\/div>\n\t\t\t\t<div class=\"elementor-element elementor-element-685ce00 elementor-widget elementor-widget-text-editor\" data-id=\"685ce00\" data-element_type=\"widget\" data-widget_type=\"text-editor.default\">\n\t\t\t\t<div class=\"elementor-widget-container\">\n\t\t\t\t\t\t\t\t\t<p>Si tienes problemas para registrarte o inscribirte, env\u00edanos un email a <strong><a rel=\"noopener\">info@baghouse.com<\/a><\/strong> y con gusto te ayudaremos.<\/p><p>\u00a1Con gusto te ayudaremos a optimizar tus sistemas de colecci\u00f3n de polvo!<\/p>\t\t\t\t\t\t\t\t<\/div>\n\t\t\t\t<\/div>\n\t\t\t\t\t<\/div>\n\t\t\t\t<\/div>\n\t\t\t\t<\/div>","protected":false},"excerpt":{"rendered":"<p>Instructions On How To Enroll In Our Training Programs Thank you for your interest in our Dust Collection Online Training Course! This course is the best investment you can make to improve the efficiency of your dust collection system and ensure optimal performance in your operations. Follow these simple steps to enroll and get started [&hellip;]<\/p>\n","protected":false},"author":12,"featured_media":0,"parent":0,"menu_order":0,"comment_status":"closed","ping_status":"closed","template":"","meta":{"_acf_changed":false,"footnotes":""},"class_list":["post-26614","page","type-page","status-publish","hentry"],"acf":[],"_links":{"self":[{"href":"https:\/\/baghouse.com\/es\/wp-json\/wp\/v2\/pages\/26614","targetHints":{"allow":["GET"]}}],"collection":[{"href":"https:\/\/baghouse.com\/es\/wp-json\/wp\/v2\/pages"}],"about":[{"href":"https:\/\/baghouse.com\/es\/wp-json\/wp\/v2\/types\/page"}],"author":[{"embeddable":true,"href":"https:\/\/baghouse.com\/es\/wp-json\/wp\/v2\/users\/12"}],"replies":[{"embeddable":true,"href":"https:\/\/baghouse.com\/es\/wp-json\/wp\/v2\/comments?post=26614"}],"version-history":[{"count":0,"href":"https:\/\/baghouse.com\/es\/wp-json\/wp\/v2\/pages\/26614\/revisions"}],"wp:attachment":[{"href":"https:\/\/baghouse.com\/es\/wp-json\/wp\/v2\/media?parent=26614"}],"curies":[{"name":"wp","href":"https:\/\/api.w.org\/{rel}","templated":true}]}}