{"id":26211,"date":"2025-01-29T23:42:48","date_gmt":"2025-01-29T23:42:48","guid":{"rendered":"https:\/\/www.baghouse.com\/?page_id=26211"},"modified":"2025-04-15T11:18:18","modified_gmt":"2025-04-15T11:18:18","slug":"our-training-programs","status":"publish","type":"page","link":"https:\/\/baghouse.com\/es\/our-training-programs\/","title":{"rendered":"Programas de capacitaci\u00f3n"},"content":{"rendered":"<div data-elementor-type=\"wp-page\" data-elementor-id=\"26211\" class=\"elementor elementor-26211\" data-elementor-post-type=\"page\">\n\t\t\t\t<div class=\"elementor-element elementor-element-fe779dc e-con-full e-flex e-con e-parent\" data-id=\"fe779dc\" data-element_type=\"container\" data-e-type=\"container\">\n\t\t<div class=\"elementor-element elementor-element-e8661c6 e-flex e-con-boxed e-con e-child\" data-id=\"e8661c6\" data-element_type=\"container\" data-e-type=\"container\" data-settings=\"{&quot;background_background&quot;:&quot;classic&quot;}\">\n\t\t\t\t\t<div class=\"e-con-inner\">\n\t\t\t\t<div class=\"elementor-element elementor-element-19b57a1 elementor-widget elementor-widget-heading\" data-id=\"19b57a1\" data-element_type=\"widget\" data-e-type=\"widget\" data-widget_type=\"heading.default\">\n\t\t\t\t<div class=\"elementor-widget-container\">\n\t\t\t\t\t<h2 class=\"elementor-heading-title elementor-size-default\">Programas de capacitaci\u00f3n<\/h2>\t\t\t\t<\/div>\n\t\t\t\t<\/div>\n\t\t\t\t\t<\/div>\n\t\t\t\t<\/div>\n\t\t\t\t<div class=\"elementor-element elementor-element-2879485 elementor-widget elementor-widget-text-editor\" data-id=\"2879485\" data-element_type=\"widget\" data-e-type=\"widget\" data-widget_type=\"text-editor.default\">\n\t\t\t\t<div class=\"elementor-widget-container\">\n\t\t\t\t\t\t\t\t\t<h2><strong>At Baghouse.com, we understand that every business has unique needs<\/strong><\/h2><h2><strong> when it comes to dust collection training.<\/strong><\/h2><h3>\u00a0<\/h3><h3><strong>Es por eso que ofrecemos 4 programas de capacitaci\u00f3n flexible para adaptarnos a la agenda de tu equipo y a su estilo de aprendizaje.<\/strong><\/h3>\t\t\t\t\t\t\t\t<\/div>\n\t\t\t\t<\/div>\n\t\t<div class=\"elementor-element elementor-element-a7e3d7b e-flex e-con-boxed e-con e-child\" data-id=\"a7e3d7b\" data-element_type=\"container\" data-e-type=\"container\">\n\t\t\t\t\t<div class=\"e-con-inner\">\n\t\t\t\t<div class=\"elementor-element elementor-element-84dbbf3 elementor-widget-divider--view-line elementor-widget elementor-widget-divider\" data-id=\"84dbbf3\" data-element_type=\"widget\" data-e-type=\"widget\" data-widget_type=\"divider.default\">\n\t\t\t\t<div class=\"elementor-widget-container\">\n\t\t\t\t\t\t\t<div class=\"elementor-divider\">\n\t\t\t<span class=\"elementor-divider-separator\">\n\t\t\t\t\t\t<\/span>\n\t\t<\/div>\n\t\t\t\t\t\t<\/div>\n\t\t\t\t<\/div>\n\t\t\t\t<div class=\"elementor-element elementor-element-4c8bcc5 elementor-widget elementor-widget-video\" data-id=\"4c8bcc5\" data-element_type=\"widget\" data-e-type=\"widget\" data-settings=\"{&quot;youtube_url&quot;:&quot;https:\\\/\\\/youtu.be\\\/oSZ6bJDLlzk&quot;,&quot;video_type&quot;:&quot;youtube&quot;,&quot;controls&quot;:&quot;yes&quot;}\" data-widget_type=\"video.default\">\n\t\t\t\t<div class=\"elementor-widget-container\">\n\t\t\t\t\t\t\t<div class=\"elementor-wrapper elementor-open-inline\">\n\t\t\t<div class=\"elementor-video\"><\/div>\t\t<\/div>\n\t\t\t\t\t\t<\/div>\n\t\t\t\t<\/div>\n\t\t\t\t\t<\/div>\n\t\t\t\t<\/div>\n\t\t\t\t<\/div>\n\t\t<div class=\"elementor-element elementor-element-5aec259 e-flex e-con-boxed e-con e-parent\" data-id=\"5aec259\" data-element_type=\"container\" data-e-type=\"container\">\n\t\t\t\t\t<div class=\"e-con-inner\">\n\t\t\t\t<div class=\"elementor-element elementor-element-0a50497 elementor-widget elementor-widget-heading\" data-id=\"0a50497\" data-element_type=\"widget\" data-e-type=\"widget\" data-widget_type=\"heading.default\">\n\t\t\t\t<div class=\"elementor-widget-container\">\n\t\t\t\t\t<h2 class=\"elementor-heading-title elementor-size-default\">Capacitaci\u00f3n online<\/h2>\t\t\t\t<\/div>\n\t\t\t\t<\/div>\n\t\t\t\t\t<\/div>\n\t\t\t\t<\/div>\n\t\t<div class=\"elementor-element elementor-element-5f970f0 e-flex e-con-boxed e-con e-parent\" data-id=\"5f970f0\" data-element_type=\"container\" data-e-type=\"container\">\n\t\t\t\t\t<div class=\"e-con-inner\">\n\t\t<div class=\"elementor-element elementor-element-de6fcaf e-con-full e-flex e-con e-child\" data-id=\"de6fcaf\" data-element_type=\"container\" data-e-type=\"container\">\n\t\t\t\t<div class=\"elementor-element elementor-element-7c51e9f elementor-widget elementor-widget-image\" data-id=\"7c51e9f\" data-element_type=\"widget\" data-e-type=\"widget\" data-widget_type=\"image.default\">\n\t\t\t\t<div class=\"elementor-widget-container\">\n\t\t\t\t\t\t\t\t\t\t\t\t\t\t\t\t<a href=\"https:\/\/baghouse.com\/es\/courses\/free-trial-dust-collection-online-training\/\">\n\t\t\t\t\t\t\t<img fetchpriority=\"high\" decoding=\"async\" width=\"1030\" height=\"792\" src=\"https:\/\/baghouse.com\/wp-content\/uploads\/2024\/10\/Group-595-1030x792.png\" class=\"attachment-large size-large wp-image-24328\" alt=\"\" srcset=\"https:\/\/baghouse.com\/wp-content\/uploads\/2024\/10\/Group-595-1030x792.png 1030w, https:\/\/baghouse.com\/wp-content\/uploads\/2024\/10\/Group-595-300x231.png 300w, https:\/\/baghouse.com\/wp-content\/uploads\/2024\/10\/Group-595-768x591.png 768w, https:\/\/baghouse.com\/wp-content\/uploads\/2024\/10\/Group-595-705x542.png 705w, https:\/\/baghouse.com\/wp-content\/uploads\/2024\/10\/Group-595-450x346.png 450w, https:\/\/baghouse.com\/wp-content\/uploads\/2024\/10\/Group-595.png 1300w\" sizes=\"(max-width: 1030px) 100vw, 1030px\" \/>\t\t\t\t\t\t\t\t<\/a>\n\t\t\t\t\t\t\t\t\t\t\t\t\t\t\t<\/div>\n\t\t\t\t<\/div>\n\t\t\t\t<div class=\"elementor-element elementor-element-57bda3e elementor-widget elementor-widget-heading\" data-id=\"57bda3e\" data-element_type=\"widget\" data-e-type=\"widget\" data-widget_type=\"heading.default\">\n\t\t\t\t<div class=\"elementor-widget-container\">\n\t\t\t\t\t<h2 class=\"elementor-heading-title elementor-size-default\"><a href=\"https:\/\/baghouse.com\/es\/courses\/free-trial-dust-collection-online-training\/\">PRUEBA GRATIS - Curso online sobre colecci\u00f3n de polvo (S\u00f3lo primera unidad)<\/a><\/h2>\t\t\t\t<\/div>\n\t\t\t\t<\/div>\n\t\t\t\t<div class=\"elementor-element elementor-element-0c9d2a4 elementor-align-justify elementor-widget elementor-widget-button\" data-id=\"0c9d2a4\" data-element_type=\"widget\" data-e-type=\"widget\" data-widget_type=\"button.default\">\n\t\t\t\t<div class=\"elementor-widget-container\">\n\t\t\t\t\t\t\t\t\t<div class=\"elementor-button-wrapper\">\n\t\t\t\t\t<a class=\"elementor-button elementor-button-link elementor-size-sm\" href=\"https:\/\/baghouse.com\/es\/free-trial-online-training\/\">\n\t\t\t\t\t\t<span class=\"elementor-button-content-wrapper\">\n\t\t\t\t\t\t\t\t\t<span class=\"elementor-button-text\">\u00a1Comienza a aprender ya!<\/span>\n\t\t\t\t\t<\/span>\n\t\t\t\t\t<\/a>\n\t\t\t\t<\/div>\n\t\t\t\t\t\t\t\t<\/div>\n\t\t\t\t<\/div>\n\t\t\t\t<\/div>\n\t\t<div class=\"elementor-element elementor-element-1b79688 e-con-full e-flex e-con e-child\" data-id=\"1b79688\" data-element_type=\"container\" data-e-type=\"container\">\n\t\t\t\t<div class=\"elementor-element elementor-element-d266538 elementor-widget elementor-widget-image\" data-id=\"d266538\" data-element_type=\"widget\" data-e-type=\"widget\" data-widget_type=\"image.default\">\n\t\t\t\t<div class=\"elementor-widget-container\">\n\t\t\t\t\t\t\t\t\t\t\t\t\t\t\t\t<a href=\"https:\/\/baghouse.com\/es\/courses\/online-training\/\">\n\t\t\t\t\t\t\t<img decoding=\"async\" width=\"1030\" height=\"792\" src=\"https:\/\/baghouse.com\/wp-content\/uploads\/2024\/10\/Group-594-1030x792.png\" class=\"attachment-large size-large wp-image-24327\" alt=\"\" srcset=\"https:\/\/baghouse.com\/wp-content\/uploads\/2024\/10\/Group-594-1030x792.png 1030w, https:\/\/baghouse.com\/wp-content\/uploads\/2024\/10\/Group-594-300x231.png 300w, https:\/\/baghouse.com\/wp-content\/uploads\/2024\/10\/Group-594-768x591.png 768w, https:\/\/baghouse.com\/wp-content\/uploads\/2024\/10\/Group-594-705x542.png 705w, https:\/\/baghouse.com\/wp-content\/uploads\/2024\/10\/Group-594-450x346.png 450w, https:\/\/baghouse.com\/wp-content\/uploads\/2024\/10\/Group-594.png 1300w\" sizes=\"(max-width: 1030px) 100vw, 1030px\" \/>\t\t\t\t\t\t\t\t<\/a>\n\t\t\t\t\t\t\t\t\t\t\t\t\t\t\t<\/div>\n\t\t\t\t<\/div>\n\t\t\t\t<div class=\"elementor-element elementor-element-3a15efe elementor-widget elementor-widget-heading\" data-id=\"3a15efe\" data-element_type=\"widget\" data-e-type=\"widget\" data-widget_type=\"heading.default\">\n\t\t\t\t<div class=\"elementor-widget-container\">\n\t\t\t\t\t<h2 class=\"elementor-heading-title elementor-size-default\"><a href=\"https:\/\/baghouse.com\/es\/courses\/online-training\/\">Curso online sobre colecci\u00f3n de polvo<\/a><\/h2>\t\t\t\t<\/div>\n\t\t\t\t<\/div>\n\t\t\t\t<div class=\"elementor-element elementor-element-06b749d elementor-align-justify elementor-widget elementor-widget-button\" data-id=\"06b749d\" data-element_type=\"widget\" data-e-type=\"widget\" data-widget_type=\"button.default\">\n\t\t\t\t<div class=\"elementor-widget-container\">\n\t\t\t\t\t\t\t\t\t<div class=\"elementor-button-wrapper\">\n\t\t\t\t\t<a class=\"elementor-button elementor-button-link elementor-size-sm\" href=\"https:\/\/baghouse.com\/es\/courses\/online-training\/\">\n\t\t\t\t\t\t<span class=\"elementor-button-content-wrapper\">\n\t\t\t\t\t\t\t\t\t<span class=\"elementor-button-text\">Inscr\u00edbete ahora<\/span>\n\t\t\t\t\t<\/span>\n\t\t\t\t\t<\/a>\n\t\t\t\t<\/div>\n\t\t\t\t\t\t\t\t<\/div>\n\t\t\t\t<\/div>\n\t\t\t\t<\/div>\n\t\t\t\t\t<\/div>\n\t\t\t\t<\/div>\n\t\t<div class=\"elementor-element elementor-element-76297f2 e-flex e-con-boxed e-con e-parent\" data-id=\"76297f2\" data-element_type=\"container\" data-e-type=\"container\">\n\t\t\t\t\t<div class=\"e-con-inner\">\n\t\t\t\t<div class=\"elementor-element elementor-element-a6767a3 elementor-widget elementor-widget-heading\" data-id=\"a6767a3\" data-element_type=\"widget\" data-e-type=\"widget\" data-widget_type=\"heading.default\">\n\t\t\t\t<div class=\"elementor-widget-container\">\n\t\t\t\t\t<h2 class=\"elementor-heading-title elementor-size-default\">Capacitaci\u00f3n virtual y combinada<\/h2>\t\t\t\t<\/div>\n\t\t\t\t<\/div>\n\t\t\t\t\t<\/div>\n\t\t\t\t<\/div>\n\t\t<div class=\"elementor-element elementor-element-ca65ff1 e-flex e-con-boxed e-con e-parent\" data-id=\"ca65ff1\" data-element_type=\"container\" data-e-type=\"container\">\n\t\t\t\t\t<div class=\"e-con-inner\">\n\t\t<div class=\"elementor-element elementor-element-323617e e-con-full e-flex e-con e-child\" data-id=\"323617e\" data-element_type=\"container\" data-e-type=\"container\">\n\t\t\t\t<div class=\"elementor-element elementor-element-3a914b8 elementor-widget elementor-widget-image\" data-id=\"3a914b8\" data-element_type=\"widget\" data-e-type=\"widget\" data-widget_type=\"image.default\">\n\t\t\t\t<div class=\"elementor-widget-container\">\n\t\t\t\t\t\t\t\t\t\t\t\t\t\t\t\t<a href=\"https:\/\/baghouse.com\/es\/virtual-training\/\">\n\t\t\t\t\t\t\t<img decoding=\"async\" width=\"1030\" height=\"792\" src=\"https:\/\/baghouse.com\/wp-content\/uploads\/2025\/01\/VirtualTraining-1030x792.png\" class=\"attachment-large size-large wp-image-26228\" alt=\"\" srcset=\"https:\/\/baghouse.com\/wp-content\/uploads\/2025\/01\/VirtualTraining-1030x792.png 1030w, https:\/\/baghouse.com\/wp-content\/uploads\/2025\/01\/VirtualTraining-300x231.png 300w, https:\/\/baghouse.com\/wp-content\/uploads\/2025\/01\/VirtualTraining-768x591.png 768w, https:\/\/baghouse.com\/wp-content\/uploads\/2025\/01\/VirtualTraining-16x12.png 16w, https:\/\/baghouse.com\/wp-content\/uploads\/2025\/01\/VirtualTraining-705x542.png 705w, https:\/\/baghouse.com\/wp-content\/uploads\/2025\/01\/VirtualTraining-450x346.png 450w, https:\/\/baghouse.com\/wp-content\/uploads\/2025\/01\/VirtualTraining.png 1300w\" sizes=\"(max-width: 1030px) 100vw, 1030px\" \/>\t\t\t\t\t\t\t\t<\/a>\n\t\t\t\t\t\t\t\t\t\t\t\t\t\t\t<\/div>\n\t\t\t\t<\/div>\n\t\t\t\t<div class=\"elementor-element elementor-element-a270675 elementor-widget elementor-widget-heading\" data-id=\"a270675\" data-element_type=\"widget\" data-e-type=\"widget\" data-widget_type=\"heading.default\">\n\t\t\t\t<div class=\"elementor-widget-container\">\n\t\t\t\t\t<h2 class=\"elementor-heading-title elementor-size-default\"><a href=\"https:\/\/baghouse.com\/es\/courses\/free-trial-dust-collection-online-training\/\">Capacitaci\u00f3n virtual (con instructor en vivo)<\/a><\/h2>\t\t\t\t<\/div>\n\t\t\t\t<\/div>\n\t\t\t\t<div class=\"elementor-element elementor-element-b409ee5 elementor-align-justify elementor-widget elementor-widget-button\" data-id=\"b409ee5\" data-element_type=\"widget\" data-e-type=\"widget\" data-widget_type=\"button.default\">\n\t\t\t\t<div class=\"elementor-widget-container\">\n\t\t\t\t\t\t\t\t\t<div class=\"elementor-button-wrapper\">\n\t\t\t\t\t<a class=\"elementor-button elementor-button-link elementor-size-sm\" href=\"https:\/\/baghouse.com\/es\/virtual-training\/\">\n\t\t\t\t\t\t<span class=\"elementor-button-content-wrapper\">\n\t\t\t\t\t\t\t\t\t<span class=\"elementor-button-text\">Reserva tu fecha<\/span>\n\t\t\t\t\t<\/span>\n\t\t\t\t\t<\/a>\n\t\t\t\t<\/div>\n\t\t\t\t\t\t\t\t<\/div>\n\t\t\t\t<\/div>\n\t\t\t\t<\/div>\n\t\t<div class=\"elementor-element elementor-element-90c1490 e-con-full e-flex e-con e-child\" data-id=\"90c1490\" data-element_type=\"container\" data-e-type=\"container\">\n\t\t\t\t<div class=\"elementor-element elementor-element-47bd5cc elementor-widget elementor-widget-image\" data-id=\"47bd5cc\" data-element_type=\"widget\" data-e-type=\"widget\" data-widget_type=\"image.default\">\n\t\t\t\t<div class=\"elementor-widget-container\">\n\t\t\t\t\t\t\t\t\t\t\t\t\t\t\t\t<a href=\"https:\/\/baghouse.com\/es\/combined-training\/\">\n\t\t\t\t\t\t\t<img loading=\"lazy\" decoding=\"async\" width=\"1030\" height=\"792\" src=\"https:\/\/baghouse.com\/wp-content\/uploads\/2025\/01\/CombinedTraining-1030x792.png\" class=\"attachment-large size-large wp-image-26229\" alt=\"\" srcset=\"https:\/\/baghouse.com\/wp-content\/uploads\/2025\/01\/CombinedTraining-1030x792.png 1030w, https:\/\/baghouse.com\/wp-content\/uploads\/2025\/01\/CombinedTraining-300x231.png 300w, https:\/\/baghouse.com\/wp-content\/uploads\/2025\/01\/CombinedTraining-768x591.png 768w, https:\/\/baghouse.com\/wp-content\/uploads\/2025\/01\/CombinedTraining-16x12.png 16w, https:\/\/baghouse.com\/wp-content\/uploads\/2025\/01\/CombinedTraining-705x542.png 705w, https:\/\/baghouse.com\/wp-content\/uploads\/2025\/01\/CombinedTraining-450x346.png 450w, https:\/\/baghouse.com\/wp-content\/uploads\/2025\/01\/CombinedTraining.png 1300w\" sizes=\"(max-width: 1030px) 100vw, 1030px\" \/>\t\t\t\t\t\t\t\t<\/a>\n\t\t\t\t\t\t\t\t\t\t\t\t\t\t\t<\/div>\n\t\t\t\t<\/div>\n\t\t\t\t<div class=\"elementor-element elementor-element-c105ee2 elementor-widget elementor-widget-heading\" data-id=\"c105ee2\" data-element_type=\"widget\" data-e-type=\"widget\" data-widget_type=\"heading.default\">\n\t\t\t\t<div class=\"elementor-widget-container\">\n\t\t\t\t\t<h2 class=\"elementor-heading-title elementor-size-default\"><a href=\"https:\/\/baghouse.com\/es\/courses\/online-training\/\">Capacitaci\u00f3n combinada (Curso online + Instructor)<\/a><\/h2>\t\t\t\t<\/div>\n\t\t\t\t<\/div>\n\t\t\t\t<div class=\"elementor-element elementor-element-ae02545 elementor-align-justify elementor-widget elementor-widget-button\" data-id=\"ae02545\" data-element_type=\"widget\" data-e-type=\"widget\" data-widget_type=\"button.default\">\n\t\t\t\t<div class=\"elementor-widget-container\">\n\t\t\t\t\t\t\t\t\t<div class=\"elementor-button-wrapper\">\n\t\t\t\t\t<a class=\"elementor-button elementor-button-link elementor-size-sm\" href=\"https:\/\/baghouse.com\/es\/combined-training\/\">\n\t\t\t\t\t\t<span class=\"elementor-button-content-wrapper\">\n\t\t\t\t\t\t\t\t\t<span class=\"elementor-button-text\">Reserva tu fecha<\/span>\n\t\t\t\t\t<\/span>\n\t\t\t\t\t<\/a>\n\t\t\t\t<\/div>\n\t\t\t\t\t\t\t\t<\/div>\n\t\t\t\t<\/div>\n\t\t\t\t<\/div>\n\t\t\t\t\t<\/div>\n\t\t\t\t<\/div>\n\t\t<div class=\"elementor-element elementor-element-04b05c9 e-flex e-con-boxed e-con e-parent\" data-id=\"04b05c9\" data-element_type=\"container\" data-e-type=\"container\">\n\t\t\t\t\t<div class=\"e-con-inner\">\n\t\t\t\t<div class=\"elementor-element elementor-element-849517d elementor-widget elementor-widget-text-editor\" data-id=\"849517d\" data-element_type=\"widget\" data-e-type=\"widget\" data-widget_type=\"text-editor.default\">\n\t\t\t\t<div class=\"elementor-widget-container\">\n\t\t\t\t\t\t\t\t\t<p>Independientemente de la opci\u00f3n que elijas, nuestro objetivo es capacitar a tu personal para identificar<\/p><p>problemas a tiempo y mantener tus sistemas de colecci\u00f3n de polvo de la mejor manera posible.<\/p><h1>\u00a1Inscr\u00edbete ahora y entrena a tu equipo en las mejores t\u00e9cnicas de colecci\u00f3n de polvo!<\/h1>\t\t\t\t\t\t\t\t<\/div>\n\t\t\t\t<\/div>\n\t\t\t\t\t<\/div>\n\t\t\t\t<\/div>\n\t\t<div class=\"elementor-element elementor-element-c24f0da e-flex e-con-boxed e-con e-parent\" data-id=\"c24f0da\" data-element_type=\"container\" data-e-type=\"container\">\n\t\t\t\t\t<div class=\"e-con-inner\">\n\t\t\t\t<div class=\"elementor-element elementor-element-d681229 elementor-widget-divider--view-line elementor-widget elementor-widget-divider\" data-id=\"d681229\" data-element_type=\"widget\" data-e-type=\"widget\" data-widget_type=\"divider.default\">\n\t\t\t\t<div class=\"elementor-widget-container\">\n\t\t\t\t\t\t\t<div class=\"elementor-divider\">\n\t\t\t<span class=\"elementor-divider-separator\">\n\t\t\t\t\t\t<\/span>\n\t\t<\/div>\n\t\t\t\t\t\t<\/div>\n\t\t\t\t<\/div>\n\t\t\t\t<div class=\"elementor-element elementor-element-6348084 elementor-align-center elementor-widget elementor-widget-button\" data-id=\"6348084\" data-element_type=\"widget\" data-e-type=\"widget\" data-widget_type=\"button.default\">\n\t\t\t\t<div class=\"elementor-widget-container\">\n\t\t\t\t\t\t\t\t\t<div class=\"elementor-button-wrapper\">\n\t\t\t\t\t<a class=\"elementor-button elementor-button-link elementor-size-sm\" href=\"https:\/\/baghouse.com\/es\/instructions-on-how-to-enroll-in-our-online-training\/\">\n\t\t\t\t\t\t<span class=\"elementor-button-content-wrapper\">\n\t\t\t\t\t\t\t\t\t<span class=\"elementor-button-text\">HOW TO ENROLL YOUR TEAM<\/span>\n\t\t\t\t\t<\/span>\n\t\t\t\t\t<\/a>\n\t\t\t\t<\/div>\n\t\t\t\t\t\t\t\t<\/div>\n\t\t\t\t<\/div>\n\t\t\t\t<div class=\"elementor-element elementor-element-84f5c76 elementor-widget elementor-widget-spacer\" data-id=\"84f5c76\" data-element_type=\"widget\" data-e-type=\"widget\" data-widget_type=\"spacer.default\">\n\t\t\t\t<div class=\"elementor-widget-container\">\n\t\t\t\t\t\t\t<div class=\"elementor-spacer\">\n\t\t\t<div class=\"elementor-spacer-inner\"><\/div>\n\t\t<\/div>\n\t\t\t\t\t\t<\/div>\n\t\t\t\t<\/div>\n\t\t\t\t\t<\/div>\n\t\t\t\t<\/div>\n\t\t<div class=\"elementor-element elementor-element-9689c86 e-flex e-con-boxed e-con e-parent\" data-id=\"9689c86\" data-element_type=\"container\" data-e-type=\"container\">\n\t\t\t\t\t<div class=\"e-con-inner\">\n\t\t\t\t<div class=\"elementor-element elementor-element-070b788 elementor-widget-divider--view-line elementor-widget elementor-widget-divider\" data-id=\"070b788\" data-element_type=\"widget\" data-e-type=\"widget\" data-widget_type=\"divider.default\">\n\t\t\t\t<div class=\"elementor-widget-container\">\n\t\t\t\t\t\t\t<div class=\"elementor-divider\">\n\t\t\t<span class=\"elementor-divider-separator\">\n\t\t\t\t\t\t<\/span>\n\t\t<\/div>\n\t\t\t\t\t\t<\/div>\n\t\t\t\t<\/div>\n\t\t\t\t\t<\/div>\n\t\t\t\t<\/div>\n\t\t\t\t<\/div>","protected":false},"excerpt":{"rendered":"<p>Our Training Programs At Baghouse.com, we understand that every business has unique needs when it comes to dust collection training. \u00a0 That\u2019s why we offer four flexible training programs to fit your team\u2019s schedule and learning style. Online Training FREE TRIAL &#8211; Dust Collection Online Training Start Learning Dust Collection Online Training Enroll Now Virtual [&hellip;]<\/p>\n","protected":false},"author":102,"featured_media":0,"parent":0,"menu_order":0,"comment_status":"closed","ping_status":"closed","template":"elementor_header_footer","meta":{"_acf_changed":false,"footnotes":""},"class_list":["post-26211","page","type-page","status-publish","hentry"],"acf":[],"_links":{"self":[{"href":"https:\/\/baghouse.com\/es\/wp-json\/wp\/v2\/pages\/26211","targetHints":{"allow":["GET"]}}],"collection":[{"href":"https:\/\/baghouse.com\/es\/wp-json\/wp\/v2\/pages"}],"about":[{"href":"https:\/\/baghouse.com\/es\/wp-json\/wp\/v2\/types\/page"}],"author":[{"embeddable":true,"href":"https:\/\/baghouse.com\/es\/wp-json\/wp\/v2\/users\/102"}],"replies":[{"embeddable":true,"href":"https:\/\/baghouse.com\/es\/wp-json\/wp\/v2\/comments?post=26211"}],"version-history":[{"count":0,"href":"https:\/\/baghouse.com\/es\/wp-json\/wp\/v2\/pages\/26211\/revisions"}],"wp:attachment":[{"href":"https:\/\/baghouse.com\/es\/wp-json\/wp\/v2\/media?parent=26211"}],"curies":[{"name":"wp","href":"https:\/\/api.w.org\/{rel}","templated":true}]}}