{"id":2316,"date":"2014-05-07T15:47:26","date_gmt":"2014-05-07T20:47:26","guid":{"rendered":"http:\/\/www.baghouse.com\/?page_id=2316"},"modified":"2024-02-01T23:32:08","modified_gmt":"2024-02-01T23:32:08","slug":"san-diego-los-angeles-areas-dust-collection-system-site-visits","status":"publish","type":"page","link":"https:\/\/baghouse.com\/es\/services\/dust-collection-system-audits\/san-diego-los-angeles-areas-dust-collection-system-site-visits\/","title":{"rendered":"Southern California &#8211; Dust Collection System Service"},"content":{"rendered":"<style type=\"text\/css\" data-created_by=\"avia_inline_auto\" id=\"style-css-av-r89egc-4400389d3624b63a070f97319dec5a8f\">\n.avia-section.av-r89egc-4400389d3624b63a070f97319dec5a8f{\nbackground-repeat:no-repeat;\nbackground-image:url(https:\/\/baghouse.com\/wp-content\/uploads\/2018\/03\/inspection-bg.jpg);\nbackground-position:100% 50%;\nbackground-attachment:scroll;\n}\n.avia-section.av-r89egc-4400389d3624b63a070f97319dec5a8f .av-section-color-overlay{\nopacity:0.5;\nbackground-color:#000000;\n}\n<\/style>\n<div id='av_section_1'  class='avia-section av-r89egc-4400389d3624b63a070f97319dec5a8f main_color avia-section-huge avia-no-border-styling  avia-builder-el-0  el_before_av_section  avia-builder-el-first  av-small-hide av-mini-hide avia-full-stretch avia-bg-style-scroll av-section-color-overlay-active av-minimum-height av-minimum-height-custom av-height-custom  container_wrap sidebar_right'  data-section-bg-repeat='stretch' data-av_minimum_height_px='400'><div class=\"av-section-color-overlay-wrap\"><div class=\"av-section-color-overlay\"><\/div><div class='container av-section-cont-open' style='height:400px'><main  role=\"main\" itemprop=\"mainContentOfPage\"  class='template-page content  av-content-small alpha units'><div class='post-entry post-entry-type-page post-entry-2316'><div class='entry-content-wrapper clearfix'>\n\n<style type=\"text\/css\" data-created_by=\"avia_inline_auto\" id=\"style-css-av-p3iev0-52cdc2f23f9f7a31cc53ea6a6b67b4f9\">\n#top .av-special-heading.av-p3iev0-52cdc2f23f9f7a31cc53ea6a6b67b4f9{\npadding-bottom:50px;\ncolor:#ffffff;\nfont-size:80px;\n}\nbody .av-special-heading.av-p3iev0-52cdc2f23f9f7a31cc53ea6a6b67b4f9 .av-special-heading-tag .heading-char{\nfont-size:25px;\n}\n#top #wrap_all .av-special-heading.av-p3iev0-52cdc2f23f9f7a31cc53ea6a6b67b4f9 .av-special-heading-tag{\nfont-size:80px;\n}\n.av-special-heading.av-p3iev0-52cdc2f23f9f7a31cc53ea6a6b67b4f9 .special-heading-inner-border{\nborder-color:#ffffff;\n}\n.av-special-heading.av-p3iev0-52cdc2f23f9f7a31cc53ea6a6b67b4f9 .av-subheading{\nfont-size:35px;\n}\n\n@media only screen and (min-width: 480px) and (max-width: 767px){ \n#top #wrap_all .av-special-heading.av-p3iev0-52cdc2f23f9f7a31cc53ea6a6b67b4f9 .av-special-heading-tag{\nfont-size:0.8em;\n}\n}\n\n@media only screen and (max-width: 479px){ \n#top #wrap_all .av-special-heading.av-p3iev0-52cdc2f23f9f7a31cc53ea6a6b67b4f9 .av-special-heading-tag{\nfont-size:0.8em;\n}\n}\n<\/style>\n<div  class='av-special-heading av-p3iev0-52cdc2f23f9f7a31cc53ea6a6b67b4f9 av-special-heading-h1 custom-color-heading blockquote modern-quote  avia-builder-el-1  avia-builder-el-no-sibling  av-inherit-size'><div class='av_custom_color av-subheading av-subheading_above'><p>\u00c1rea Sur de California<\/p>\n<\/div><h1 class='av-special-heading-tag'  itemprop=\"headline\"  >Servicio para recolectores de polvo<\/h1><div class=\"special-heading-border\"><div class=\"special-heading-inner-border\"><\/div><\/div><\/div>\n\n<\/div><\/div><\/main><!-- close content main element --><\/div><\/div><\/div>\n<style type=\"text\/css\" data-created_by=\"avia_inline_auto\" id=\"style-css-av-ocyha4-ea38c20f3d823af3ccadccd59cf7edc6\">\n.avia-section.av-ocyha4-ea38c20f3d823af3ccadccd59cf7edc6{\nbackground-color:#466bb0;\nbackground-image:unset;\n}\n.avia-section.av-ocyha4-ea38c20f3d823af3ccadccd59cf7edc6 .av-section-color-overlay{\nopacity:0.6;\nbackground-color:#000000;\nbackground-image:url(https:\/\/baghouse.com\/wp-content\/themes\/enfold\/images\/background-images\/wool-for-dark-background.png);\nbackground-repeat:repeat;\n}\n<\/style>\n<div id='av_section_2'  class='avia-section av-ocyha4-ea38c20f3d823af3ccadccd59cf7edc6 main_color avia-section-large avia-no-border-styling  avia-builder-el-2  el_after_av_section  el_before_av_section  av-desktop-hide av-medium-hide avia-bg-style-scroll av-section-color-overlay-active av-minimum-height av-minimum-height-25 av-height-25  container_wrap sidebar_right'   data-av_minimum_height_pc='25' data-av_min_height_opt='25'><div class=\"av-section-color-overlay-wrap\"><div class=\"av-section-color-overlay\"><\/div><div class='container av-section-cont-open' ><div class='template-page content  av-content-small alpha units'><div class='post-entry post-entry-type-page post-entry-2316'><div class='entry-content-wrapper clearfix'>\n\n<style type=\"text\/css\" data-created_by=\"avia_inline_auto\" id=\"style-css-av-m8ma3g-2a9c74a7e76dd7246219ce8b92b775a6\">\n#top .av-special-heading.av-m8ma3g-2a9c74a7e76dd7246219ce8b92b775a6{\npadding-bottom:30px;\ncolor:#ffffff;\nfont-size:55px;\n}\nbody .av-special-heading.av-m8ma3g-2a9c74a7e76dd7246219ce8b92b775a6 .av-special-heading-tag .heading-char{\nfont-size:25px;\n}\n#top #wrap_all .av-special-heading.av-m8ma3g-2a9c74a7e76dd7246219ce8b92b775a6 .av-special-heading-tag{\nfont-size:55px;\n}\n.av-special-heading.av-m8ma3g-2a9c74a7e76dd7246219ce8b92b775a6 .special-heading-inner-border{\nborder-color:#ffffff;\n}\n.av-special-heading.av-m8ma3g-2a9c74a7e76dd7246219ce8b92b775a6 .av-subheading{\nfont-size:20px;\n}\n\n@media only screen and (min-width: 480px) and (max-width: 767px){ \n#top #wrap_all .av-special-heading.av-m8ma3g-2a9c74a7e76dd7246219ce8b92b775a6 .av-special-heading-tag{\nfont-size:0.8em;\n}\n}\n\n@media only screen and (max-width: 479px){ \n#top #wrap_all .av-special-heading.av-m8ma3g-2a9c74a7e76dd7246219ce8b92b775a6 .av-special-heading-tag{\nfont-size:0.8em;\n}\n}\n<\/style>\n<div  class='av-special-heading av-m8ma3g-2a9c74a7e76dd7246219ce8b92b775a6 av-special-heading-h1 custom-color-heading blockquote modern-quote modern-centered  avia-builder-el-3  avia-builder-el-no-sibling  av-desktop-hide av-medium-hide av-inherit-size'><div class='av_custom_color av-subheading av-subheading_above'><p>\u00c1rea Sur de California<\/p>\n<\/div><h1 class='av-special-heading-tag'  itemprop=\"headline\"  >Servicio para recolectores de polvo<\/h1><div class=\"special-heading-border\"><div class=\"special-heading-inner-border\"><\/div><\/div><\/div>\n\n<\/div><\/div><\/div><!-- close content main div --><\/div><\/div><\/div>\n<style type=\"text\/css\" data-created_by=\"avia_inline_auto\" id=\"style-css-av-kfh130-74f231d02073be34e49d74907149bd55\">\n.avia-section.av-kfh130-74f231d02073be34e49d74907149bd55{\nbackground-color:#466bb0;\nbackground-image:unset;\n}\n.avia-section.av-kfh130-74f231d02073be34e49d74907149bd55 .av-section-color-overlay{\nopacity:0.5;\nbackground-color:#466bb0;\n}\n<\/style>\n<div id='av_section_3'  class='avia-section av-kfh130-74f231d02073be34e49d74907149bd55 main_color avia-section-small avia-no-border-styling  avia-builder-el-4  el_after_av_section  el_before_av_section  avia-bg-style-scroll av-section-color-overlay-active container_wrap sidebar_right'  ><div class=\"av-section-color-overlay-wrap\"><div class=\"av-section-color-overlay\"><\/div><div class='container av-section-cont-open' ><div class='template-page content  av-content-small alpha units'><div class='post-entry post-entry-type-page post-entry-2316'><div class='entry-content-wrapper clearfix'>\n\n<style type=\"text\/css\" data-created_by=\"avia_inline_auto\" id=\"style-css-av-jipby4-995975fe1777067eacde6f178b7da749\">\n.flex_column.av-jipby4-995975fe1777067eacde6f178b7da749{\nborder-radius:0px 0px 0px 0px;\npadding:0px 0px 0px 0px;\n}\n<\/style>\n<div  class='flex_column av-jipby4-995975fe1777067eacde6f178b7da749 av_three_fifth  avia-builder-el-5  el_before_av_two_fifth  avia-builder-el-first  first flex_column_div av-zero-column-padding'     ><style type=\"text\/css\" data-created_by=\"avia_inline_auto\" id=\"style-css-av-h4nc64-e1fd1371d883012a18207f5090f135a9\">\n#top .av-special-heading.av-h4nc64-e1fd1371d883012a18207f5090f135a9{\npadding-bottom:0;\ncolor:#ffffff;\n}\nbody .av-special-heading.av-h4nc64-e1fd1371d883012a18207f5090f135a9 .av-special-heading-tag .heading-char{\nfont-size:25px;\n}\n#top #wrap_all .av-special-heading.av-h4nc64-e1fd1371d883012a18207f5090f135a9 .av-special-heading-tag{\nfont-size:35px;\n}\n.av-special-heading.av-h4nc64-e1fd1371d883012a18207f5090f135a9 .special-heading-inner-border{\nborder-color:#ffffff;\n}\n.av-special-heading.av-h4nc64-e1fd1371d883012a18207f5090f135a9 .av-subheading{\nfont-size:15px;\n}\n<\/style>\n<div  class='av-special-heading av-h4nc64-e1fd1371d883012a18207f5090f135a9 av-special-heading-h1 custom-color-heading  avia-builder-el-6  avia-builder-el-no-sibling  av-thin-font'><h1 class='av-special-heading-tag'  itemprop=\"headline\"  ><span style=\"font-family:\u2018lato\u2019, sans-serif;font-weight:normal;\">AGENDA UNA <strong>VISITA GRATIS<\/strong> HOY MISMO<\/span><\/h1><div class=\"special-heading-border\"><div class=\"special-heading-inner-border\"><\/div><\/div><\/div><\/div>\n<style type=\"text\/css\" data-created_by=\"avia_inline_auto\" id=\"style-css-av-f6wmd8-b32e34f2fcbe697291f49bef61678409\">\n.flex_column.av-f6wmd8-b32e34f2fcbe697291f49bef61678409{\nborder-radius:0px 0px 0px 0px;\npadding:0px 0px 0px 0px;\n}\n<\/style>\n<div  class='flex_column av-f6wmd8-b32e34f2fcbe697291f49bef61678409 av_two_fifth  avia-builder-el-7  el_after_av_three_fifth  avia-builder-el-last  flex_column_div av-zero-column-padding'     ><div  class='avia-button-wrap avia-button-center  avia-builder-el-8  avia-builder-el-no-sibling'>\n<style type=\"text\/css\" data-created_by=\"avia_inline_auto\" id=\"style-css-av-duvkzw-00714b521bbe06a2ba4cf0f1ca752fee\">\n#top #wrap_all .avia-button.av-duvkzw-00714b521bbe06a2ba4cf0f1ca752fee{\nbackground-color:#ffffff;\nborder-color:#ffffff;\ntransition:all 0.4s ease-in-out;\n}\n#top #wrap_all .avia-button.av-duvkzw-00714b521bbe06a2ba4cf0f1ca752fee:hover{\nbackground-color:#c2d9f9;\ncolor:white;\ntransition:all 0.4s ease-in-out;\n}\n<\/style>\n<a href='https:\/\/baghouse.com\/es\/contact\/' class='avia-font-color-theme-color avia-button avia-button-fullwidth av-duvkzw-00714b521bbe06a2ba4cf0f1ca752fee avia-icon_select-no avia-color-custom'   aria-label=\"&lt;b&gt;CONT&Aacute;CTENOS&lt;\/b&gt;\"><span class='avia_iconbox_title' ><b>CONT\u00c1CTENOS<\/b><\/span><\/a><\/div><\/div>\n\n<\/div><\/div><\/div><!-- close content main div --><\/div><\/div><\/div><div id='av_section_4'  class='avia-section av-cwvin0-d4f081c0f50eb1eef293106a69e64dc0 main_color avia-section-default avia-no-border-styling  avia-builder-el-9  el_after_av_section  avia-builder-el-last  avia-bg-style-scroll container_wrap sidebar_right'  ><div class='container av-section-cont-open' ><div class='template-page content  av-content-small alpha units'><div class='post-entry post-entry-type-page post-entry-2316'><div class='entry-content-wrapper clearfix'>\n\n<style type=\"text\/css\" data-created_by=\"avia_inline_auto\" id=\"style-css-av-12zarg-4a9d6ccbe84b039d458abbf5e9d24ecf\">\n.flex_column.av-12zarg-4a9d6ccbe84b039d458abbf5e9d24ecf{\nborder-radius:0px 0px 0px 0px;\npadding:0px 0px 0px 0px;\n}\n<\/style>\n<div  class='flex_column av-12zarg-4a9d6ccbe84b039d458abbf5e9d24ecf av_three_fifth  avia-builder-el-10  el_before_av_two_fifth  avia-builder-el-first  first flex_column_div av-zero-column-padding'     ><section  class='av_textblock_section av-8qps5o-460b9aeac4f3effba7d7edce0d2b840b'   itemscope=\"itemscope\" itemtype=\"https:\/\/schema.org\/CreativeWork\" ><div class='avia_textblock'  itemprop=\"text\" ><p>\u00bfEst\u00e1s buscando ayuda con tu sistema de recolecci\u00f3n de polvo en el sur de California? \u00bfQuer\u00e9s aumentar la eficiencia y capacidad de tu colector de polvo sin grandes inversiones de capital? \u00bfTe gustar\u00eda saber m\u00e1s sobre c\u00f3mo operar y mantener tu sistema de recolecci\u00f3n de polvo?<\/p>\n<p>Ofrecemos los siguientes servicios presenciales para sistemas de recolecci\u00f3n de polvo en el sur de California:<\/p>\n<ul>\n<li>Inspecciones y auditor\u00edas del sistema<\/li>\n<li>Capacitaci\u00f3n y clases<\/li>\n<li>Recambio de filtros<\/li>\n<li>Instalaci\u00f3n de sistemas y repuestos<\/li>\n<li>Mantenimiento y reparaci\u00f3n<\/li>\n<li>Ductos<\/li>\n<\/ul>\n<p>Si est\u00e1s ubicado en el \u00e1rea sur de California, Baghouse.com puede enviar sin costo a un ingeniero de recolecci\u00f3n de polvo a tu sitio de inmediato. Contamos con d\u00e9cadas de experiencia trabajando con cientos de empresas en todo el sur de California, desde San Diego hasta San Luis Obispo.<\/p>\n<h2><b>|<\/b> Agenda una visita de un experto en recolecci\u00f3n de polvo hoy mismo<\/h2>\n<p>Si est\u00e1s interesado en que uno de nuestros ingenieros visite tu instalaci\u00f3n, por favor av\u00edsanos y podemos agendar una visita. Durante nuestra visita, nuestro ingeniero recolectar\u00e1 informaci\u00f3n preliminar sobre los sistemas de la instalaci\u00f3n y luego ofrecer\u00e1 sugerencias sobre \u00e1reas para mejorar la operaci\u00f3n, aumentar la capacidad, reducir emisiones, costos operativos y mejorar la seguridad de la calidad del aire y los peligros de polvo combustible.<\/p>\n<p><strong>Por favor, ll\u00e1manos hoy al (702) 761-3780\u00a0<a title=\"Cont\u00e1ctenos\" href=\"https:\/\/baghouse.com\/es\/contact\/\">o utiliza nuestro formulario de contacto<\/a> para agendar una visita con uno de nuestros t\u00e9cnicos.<\/strong><\/p>\n<h2><b>|<\/b> Nuestras oficinas<\/h2>\n<p><strong>Oficina Principal de Baghouse.com<\/strong><\/p>\n<p>Las Vegas, Nevada<\/p>\n<p><strong>Equipo en el Sur de California<\/strong><\/p>\n<p>Riverside, California<\/p>\n<p><strong>Equipo en Texas<\/strong><\/p>\n<p>Houston, Texas<\/p>\n<p><strong>Equipo en el noroeste<\/strong><\/p>\n<p>Chicago, Illinois<\/p>\n<p>Obtiene m\u00e1s informaci\u00f3n sobre nuestras auditor\u00edas de\u00a0<a title=\"Inspecciones de sistemas\" href=\"https:\/\/baghouse.com\/es\/services\/dust-collection-system-audits\/\">sistemas de recolecci\u00f3n de polvo<\/a>.<\/p>\n<\/div><\/section><\/div>\n<style type=\"text\/css\" data-created_by=\"avia_inline_auto\" id=\"style-css-av-q4z8s-ea0e4fe43eef856089ec2b141e4c1022\">\n.flex_column.av-q4z8s-ea0e4fe43eef856089ec2b141e4c1022{\nborder-radius:0px 0px 0px 0px;\npadding:0px 0px 0px 0px;\n}\n<\/style>\n<div  class='flex_column av-q4z8s-ea0e4fe43eef856089ec2b141e4c1022 av_two_fifth  avia-builder-el-12  el_after_av_three_fifth  avia-builder-el-last  flex_column_div av-zero-column-padding'     ><p>\n<style type=\"text\/css\" data-created_by=\"avia_inline_auto\" id=\"style-css-av-67xlu4-815a9b7bfd1387ce065faf10458983cd\">\n.avia-image-container.av-67xlu4-815a9b7bfd1387ce065faf10458983cd img.avia_image{\nbox-shadow:none;\n}\n.avia-image-container.av-67xlu4-815a9b7bfd1387ce065faf10458983cd .av-image-caption-overlay-center{\ncolor:#ffffff;\n}\n<\/style>\n<div  class='avia-image-container av-67xlu4-815a9b7bfd1387ce065faf10458983cd av-styling-no-styling avia-align-center  avia-builder-el-13  el_before_av_textblock  avia-builder-el-first'   itemprop=\"image\" itemscope=\"itemscope\" itemtype=\"https:\/\/schema.org\/ImageObject\" ><div class=\"avia-image-container-inner\"><div class=\"avia-image-overlay-wrap\"><img fetchpriority=\"high\" decoding=\"async\" class='wp-image-3911 avia-img-lazy-loading-not-3911 avia_image' src=\"https:\/\/baghouse.com\/wp-content\/uploads\/2018\/02\/employee-1.jpg\" alt='' title='employee-1' height=\"534\" width=\"400\"  itemprop=\"thumbnailUrl\" srcset=\"https:\/\/baghouse.com\/wp-content\/uploads\/2018\/02\/employee-1.jpg 400w, https:\/\/baghouse.com\/wp-content\/uploads\/2018\/02\/employee-1-225x300.jpg 225w\"  sizes=\"(max-width: 400px) 100vw, 400px\" \/><\/div><\/div><\/div><br \/>\n<section  class='av_textblock_section av-gnjks-cd54efb3d833f6be02f0195b3b113b33'   itemscope=\"itemscope\" itemtype=\"https:\/\/schema.org\/CreativeWork\" ><div class='avia_textblock'  itemprop=\"text\" ><h3 style=\"text-align: center; padding: 2% 2% 2% 2%; background-color: #f16925; color: #fff; line-height: 1.4em;\">Consulta m\u00e1s informaci\u00f3n sobre nuestras\u00a0<a title=\"Inspecciones de sistemas\" href=\"https:\/\/baghouse.com\/es\/services\/dust-collection-system-audits\/\"><b style=\"color: #fff;\"><em>auditor\u00edas de sistemas de recolecci\u00f3n de polvo<\/em><\/b><\/a>.<\/h3>\n<\/div><\/section><br \/>\n\n<style type=\"text\/css\" data-created_by=\"avia_inline_auto\" id=\"style-css-av-2tqdx8-579d4e2e2ab0076ce956285c2f44e164\">\n#top .hr.av-2tqdx8-579d4e2e2ab0076ce956285c2f44e164{\nmargin-top:15px;\nmargin-bottom:30px;\n}\n.hr.av-2tqdx8-579d4e2e2ab0076ce956285c2f44e164 .hr-inner{\nwidth:300px;\n}\n<\/style>\n<div  class='hr av-2tqdx8-579d4e2e2ab0076ce956285c2f44e164 hr-custom  avia-builder-el-15  el_after_av_textblock  avia-builder-el-last  hr-center hr-icon-no'><span class='hr-inner inner-border-av-border-thin'><span class=\"hr-inner-style\"><\/span><\/span><\/div><\/p><\/div><\/div><\/div><\/div><!-- close content main div --><\/div><\/div><div id='after_section_4'  class='main_color av_default_container_wrap container_wrap sidebar_right'  ><div class='container av-section-cont-open' ><div class='template-page content  av-content-small alpha units'><div class='post-entry post-entry-type-page post-entry-2316'><div class='entry-content-wrapper clearfix'>","protected":false},"excerpt":{"rendered":"","protected":false},"author":1,"featured_media":0,"parent":230,"menu_order":0,"comment_status":"open","ping_status":"open","template":"","meta":{"_acf_changed":false,"footnotes":""},"class_list":["post-2316","page","type-page","status-publish","hentry"],"acf":[],"_links":{"self":[{"href":"https:\/\/baghouse.com\/es\/wp-json\/wp\/v2\/pages\/2316","targetHints":{"allow":["GET"]}}],"collection":[{"href":"https:\/\/baghouse.com\/es\/wp-json\/wp\/v2\/pages"}],"about":[{"href":"https:\/\/baghouse.com\/es\/wp-json\/wp\/v2\/types\/page"}],"author":[{"embeddable":true,"href":"https:\/\/baghouse.com\/es\/wp-json\/wp\/v2\/users\/1"}],"replies":[{"embeddable":true,"href":"https:\/\/baghouse.com\/es\/wp-json\/wp\/v2\/comments?post=2316"}],"version-history":[{"count":0,"href":"https:\/\/baghouse.com\/es\/wp-json\/wp\/v2\/pages\/2316\/revisions"}],"up":[{"embeddable":true,"href":"https:\/\/baghouse.com\/es\/wp-json\/wp\/v2\/pages\/230"}],"wp:attachment":[{"href":"https:\/\/baghouse.com\/es\/wp-json\/wp\/v2\/media?parent=2316"}],"curies":[{"name":"wp","href":"https:\/\/api.w.org\/{rel}","templated":true}]}}