{"id":2289,"date":"2014-03-26T11:01:15","date_gmt":"2014-03-26T16:01:15","guid":{"rendered":"http:\/\/www.baghouse.com\/?page_id=2289"},"modified":"2018-06-16T02:32:46","modified_gmt":"2018-06-16T02:32:46","slug":"houston-texas-dust-collection-system-site-visits","status":"publish","type":"page","link":"https:\/\/baghouse.com\/es\/services\/dust-collection-system-audits\/houston-texas-dust-collection-system-site-visits\/","title":{"rendered":"Houston, Texas &#8211; Dust Collection System Site Visits"},"content":{"rendered":"<style type=\"text\/css\" data-created_by=\"avia_inline_auto\" id=\"style-css-av-av_section-2fa64a6a23b7743f920518fed511cc8b\">\n.avia-section.av-av_section-2fa64a6a23b7743f920518fed511cc8b{\nbackground-repeat:no-repeat;\nbackground-image:url(https:\/\/baghouse.com\/wp-content\/uploads\/2018\/03\/inspection-bg.jpg);\nbackground-position:100% 50%;\nbackground-attachment:scroll;\n}\n.avia-section.av-av_section-2fa64a6a23b7743f920518fed511cc8b .av-section-color-overlay{\nopacity:0.5;\nbackground-color:#000000;\n}\n<\/style>\n<div id='av_section_1'  class='avia-section av-av_section-2fa64a6a23b7743f920518fed511cc8b main_color avia-section-huge avia-no-border-styling  avia-builder-el-0  el_before_av_section  avia-builder-el-first  av-small-hide av-mini-hide avia-full-stretch avia-bg-style-scroll av-section-color-overlay-active av-minimum-height av-minimum-height-custom av-height-custom  container_wrap sidebar_right'  data-section-bg-repeat='stretch' data-av_minimum_height_px='400'><div class=\"av-section-color-overlay-wrap\"><div class=\"av-section-color-overlay\"><\/div><div class='container av-section-cont-open' style='height:400px'><main  role=\"main\" itemprop=\"mainContentOfPage\"  class='template-page content  av-content-small alpha units'><div class='post-entry post-entry-type-page post-entry-2289'><div class='entry-content-wrapper clearfix'>\n\n<style type=\"text\/css\" data-created_by=\"avia_inline_auto\" id=\"style-css-av-av_heading-2943820c9006cfd1d29ead75809ffb6e\">\n#top .av-special-heading.av-av_heading-2943820c9006cfd1d29ead75809ffb6e{\npadding-bottom:50px;\ncolor:#ffffff;\nfont-size:80px;\n}\nbody .av-special-heading.av-av_heading-2943820c9006cfd1d29ead75809ffb6e .av-special-heading-tag .heading-char{\nfont-size:25px;\n}\n#top #wrap_all .av-special-heading.av-av_heading-2943820c9006cfd1d29ead75809ffb6e .av-special-heading-tag{\nfont-size:80px;\n}\n.av-special-heading.av-av_heading-2943820c9006cfd1d29ead75809ffb6e .special-heading-inner-border{\nborder-color:#ffffff;\n}\n.av-special-heading.av-av_heading-2943820c9006cfd1d29ead75809ffb6e .av-subheading{\nfont-size:35px;\n}\n\n@media only screen and (min-width: 480px) and (max-width: 767px){ \n#top #wrap_all .av-special-heading.av-av_heading-2943820c9006cfd1d29ead75809ffb6e .av-special-heading-tag{\nfont-size:0.8em;\n}\n}\n\n@media only screen and (max-width: 479px){ \n#top #wrap_all .av-special-heading.av-av_heading-2943820c9006cfd1d29ead75809ffb6e .av-special-heading-tag{\nfont-size:0.8em;\n}\n}\n<\/style>\n<div  class='av-special-heading av-av_heading-2943820c9006cfd1d29ead75809ffb6e av-special-heading-h1 custom-color-heading blockquote modern-quote  avia-builder-el-1  avia-builder-el-no-sibling  av-inherit-size'><div class='av_custom_color av-subheading av-subheading_above'><p>Houston, Texas<\/p>\n<\/div><h1 class='av-special-heading-tag'  itemprop=\"headline\"  >Inspecciones de recolectores de polvo<\/h1><div class=\"special-heading-border\"><div class=\"special-heading-inner-border\"><\/div><\/div><\/div>\n\n<\/div><\/div><\/main><!-- close content main element --><\/div><\/div><\/div>\n<style type=\"text\/css\" data-created_by=\"avia_inline_auto\" id=\"style-css-av-av_section-01db2d1a1c91921b55c7006de94bd225\">\n.avia-section.av-av_section-01db2d1a1c91921b55c7006de94bd225{\nbackground-color:#466bb0;\nbackground-image:unset;\n}\n.avia-section.av-av_section-01db2d1a1c91921b55c7006de94bd225 .av-section-color-overlay{\nopacity:0.6;\nbackground-color:#000000;\nbackground-image:url(https:\/\/baghouse.com\/wp-content\/themes\/enfold\/images\/background-images\/wool-for-dark-background.png);\nbackground-repeat:repeat;\n}\n<\/style>\n<div id='av_section_2'  class='avia-section av-av_section-01db2d1a1c91921b55c7006de94bd225 main_color avia-section-large avia-no-border-styling  avia-builder-el-2  el_after_av_section  el_before_av_section  av-desktop-hide av-medium-hide avia-bg-style-scroll av-section-color-overlay-active av-minimum-height av-minimum-height-25 av-height-25  container_wrap sidebar_right'   data-av_minimum_height_pc='25' data-av_min_height_opt='25'><div class=\"av-section-color-overlay-wrap\"><div class=\"av-section-color-overlay\"><\/div><div class='container av-section-cont-open' ><div class='template-page content  av-content-small alpha units'><div class='post-entry post-entry-type-page post-entry-2289'><div class='entry-content-wrapper clearfix'>\n\n<style type=\"text\/css\" data-created_by=\"avia_inline_auto\" id=\"style-css-av-av_heading-0dd396847dabf3dd130147e16a12d303\">\n#top .av-special-heading.av-av_heading-0dd396847dabf3dd130147e16a12d303{\npadding-bottom:30px;\ncolor:#ffffff;\nfont-size:55px;\n}\nbody .av-special-heading.av-av_heading-0dd396847dabf3dd130147e16a12d303 .av-special-heading-tag .heading-char{\nfont-size:25px;\n}\n#top #wrap_all .av-special-heading.av-av_heading-0dd396847dabf3dd130147e16a12d303 .av-special-heading-tag{\nfont-size:55px;\n}\n.av-special-heading.av-av_heading-0dd396847dabf3dd130147e16a12d303 .special-heading-inner-border{\nborder-color:#ffffff;\n}\n.av-special-heading.av-av_heading-0dd396847dabf3dd130147e16a12d303 .av-subheading{\nfont-size:20px;\n}\n\n@media only screen and (min-width: 480px) and (max-width: 767px){ \n#top #wrap_all .av-special-heading.av-av_heading-0dd396847dabf3dd130147e16a12d303 .av-special-heading-tag{\nfont-size:0.8em;\n}\n}\n\n@media only screen and (max-width: 479px){ \n#top #wrap_all .av-special-heading.av-av_heading-0dd396847dabf3dd130147e16a12d303 .av-special-heading-tag{\nfont-size:0.8em;\n}\n}\n<\/style>\n<div  class='av-special-heading av-av_heading-0dd396847dabf3dd130147e16a12d303 av-special-heading-h1 custom-color-heading blockquote modern-quote modern-centered  avia-builder-el-3  avia-builder-el-no-sibling  av-desktop-hide av-medium-hide av-inherit-size'><div class='av_custom_color av-subheading av-subheading_above'><p>Houston, Texas<\/p>\n<\/div><h1 class='av-special-heading-tag'  itemprop=\"headline\"  >Inspecciones de recolectores de polvo<\/h1><div class=\"special-heading-border\"><div class=\"special-heading-inner-border\"><\/div><\/div><\/div>\n\n<\/div><\/div><\/div><!-- close content main div --><\/div><\/div><\/div>\n<style type=\"text\/css\" data-created_by=\"avia_inline_auto\" id=\"style-css-av-av_section-91c25e3ddf8579746eba23a2d3d1190c\">\n.avia-section.av-av_section-91c25e3ddf8579746eba23a2d3d1190c{\nbackground-color:#466bb0;\nbackground-image:unset;\n}\n.avia-section.av-av_section-91c25e3ddf8579746eba23a2d3d1190c .av-section-color-overlay{\nopacity:0.5;\nbackground-color:#466bb0;\n}\n<\/style>\n<div id='av_section_3'  class='avia-section av-av_section-91c25e3ddf8579746eba23a2d3d1190c main_color avia-section-small avia-no-border-styling  avia-builder-el-4  el_after_av_section  el_before_av_section  avia-bg-style-scroll av-section-color-overlay-active container_wrap sidebar_right'  ><div class=\"av-section-color-overlay-wrap\"><div class=\"av-section-color-overlay\"><\/div><div class='container av-section-cont-open' ><div class='template-page content  av-content-small alpha units'><div class='post-entry post-entry-type-page post-entry-2289'><div class='entry-content-wrapper clearfix'>\n<div class='flex_column_table av-av_three_fifth-1f15b01c231f8b34e1362c844f22d166 sc-av_three_fifth av-equal-height-column-flextable'>\n<style type=\"text\/css\" data-created_by=\"avia_inline_auto\" id=\"style-css-av-av_three_fifth-1f15b01c231f8b34e1362c844f22d166\">\n.flex_column.av-av_three_fifth-1f15b01c231f8b34e1362c844f22d166{\nborder-radius:0px 0px 0px 0px;\npadding:0px 0px 0px 0px;\n}\n<\/style>\n<div  class='flex_column av-av_three_fifth-1f15b01c231f8b34e1362c844f22d166 av_three_fifth  avia-builder-el-5  el_before_av_two_fifth  avia-builder-el-first  first flex_column_table_cell av-equal-height-column av-align-middle av-zero-column-padding'     ><style type=\"text\/css\" data-created_by=\"avia_inline_auto\" id=\"style-css-av-av_heading-2008f45a55dbc1331cd9ec3fdcb8e268\">\n#top .av-special-heading.av-av_heading-2008f45a55dbc1331cd9ec3fdcb8e268{\npadding-bottom:0;\ncolor:#ffffff;\n}\nbody .av-special-heading.av-av_heading-2008f45a55dbc1331cd9ec3fdcb8e268 .av-special-heading-tag .heading-char{\nfont-size:25px;\n}\n#top #wrap_all .av-special-heading.av-av_heading-2008f45a55dbc1331cd9ec3fdcb8e268 .av-special-heading-tag{\nfont-size:35px;\n}\n.av-special-heading.av-av_heading-2008f45a55dbc1331cd9ec3fdcb8e268 .special-heading-inner-border{\nborder-color:#ffffff;\n}\n.av-special-heading.av-av_heading-2008f45a55dbc1331cd9ec3fdcb8e268 .av-subheading{\nfont-size:15px;\n}\n<\/style>\n<div  class='av-special-heading av-av_heading-2008f45a55dbc1331cd9ec3fdcb8e268 av-special-heading-h1 custom-color-heading  avia-builder-el-6  avia-builder-el-no-sibling  av-thin-font'><h1 class='av-special-heading-tag'  itemprop=\"headline\"  ><span style=\"font-family: \u2018lato\u2019, sans-serif; font-weight: normal;\">AGENDA UNA <strong>VISITA GRATIS<\/strong> HOY MISMO<\/span><\/h1><div class=\"special-heading-border\"><div class=\"special-heading-inner-border\"><\/div><\/div><\/div><\/div><div class='av-flex-placeholder'><\/div>\n<style type=\"text\/css\" data-created_by=\"avia_inline_auto\" id=\"style-css-av-av_two_fifth-c8fc129dc35fd1ae2a1e410224d39ea8\">\n.flex_column.av-av_two_fifth-c8fc129dc35fd1ae2a1e410224d39ea8{\nborder-radius:0px 0px 0px 0px;\npadding:0px 0px 0px 0px;\n}\n<\/style>\n<div  class='flex_column av-av_two_fifth-c8fc129dc35fd1ae2a1e410224d39ea8 av_two_fifth  avia-builder-el-7  el_after_av_three_fifth  avia-builder-el-last  flex_column_table_cell av-equal-height-column av-align-middle av-zero-column-padding'     ><div  class='avia-button-wrap avia-button-center  avia-builder-el-8  avia-builder-el-no-sibling'>\n<style type=\"text\/css\" data-created_by=\"avia_inline_auto\" id=\"style-css-av-av_button_big-d4184ce6cf4da1e4f69dd68c420317d7\">\n#top #wrap_all .avia-button.av-av_button_big-d4184ce6cf4da1e4f69dd68c420317d7{\nbackground-color:#ffffff;\nborder-color:#ffffff;\ncolor:#486cb0;\ntransition:all 0.4s ease-in-out;\n}\n#top #wrap_all .avia-button.av-av_button_big-d4184ce6cf4da1e4f69dd68c420317d7:hover{\nbackground-color:#c2d9f9;\ncolor:#ffffff;\ntransition:all 0.4s ease-in-out;\n}\n<\/style>\n<a href='https:\/\/baghouse.com\/es\/contact\/' class='avia-button avia-button-fullwidth av-av_button_big-d4184ce6cf4da1e4f69dd68c420317d7 avia-icon_select-no avia-color-custom'   aria-label=\"&lt;b&gt;CONT&Aacute;CTANOS&lt;\/b&gt;\"><span class='avia_iconbox_title' ><b>CONT\u00c1CTANOS<\/b><\/span><\/a><\/div><\/div><\/div><!--close column table wrapper. Autoclose: 1 -->\n\n<\/div><\/div><\/div><!-- close content main div --><\/div><\/div><\/div><div id='av_section_4'  class='avia-section av-av_section-eb89abc38228390982ab77a91969e9e7 main_color avia-section-default avia-no-border-styling  avia-builder-el-9  el_after_av_section  avia-builder-el-last  avia-bg-style-scroll container_wrap sidebar_right'  ><div class='container av-section-cont-open' ><div class='template-page content  av-content-small alpha units'><div class='post-entry post-entry-type-page post-entry-2289'><div class='entry-content-wrapper clearfix'>\n\n<style type=\"text\/css\" data-created_by=\"avia_inline_auto\" id=\"style-css-av-av_three_fifth-15d750bd1b332b34c6e70b077ebbccdf\">\n.flex_column.av-av_three_fifth-15d750bd1b332b34c6e70b077ebbccdf{\nborder-radius:0px 0px 0px 0px;\npadding:0px 0px 0px 0px;\n}\n<\/style>\n<div  class='flex_column av-av_three_fifth-15d750bd1b332b34c6e70b077ebbccdf av_three_fifth  avia-builder-el-10  el_before_av_two_fifth  avia-builder-el-first  first flex_column_div av-zero-column-padding'     ><section  class='av_textblock_section av-av_textblock-2de302bf1aa3cf4c9157dbe6f50ac7eb'   itemscope=\"itemscope\" itemtype=\"https:\/\/schema.org\/CreativeWork\" ><div class='avia_textblock'  itemprop=\"text\" ><p>\u00bfEst\u00e1s buscando ayuda con tu<a title=\"Dust Collection Systems\" href=\"https:\/\/baghouse.com\/es\/products\/dust-collection-systems\/\"> sistema de recolecci\u00f3n de polvo<\/a>? \u00bfQuieres aumentar la eficiencia y capacidad de tu colector de polvo sin grandes inversiones de capital? \u00bfTe gustar\u00eda saber m\u00e1s sobre c\u00f3mo operar y mantener tu sistema de recolecci\u00f3n de polvo?<\/p>\n<p>Si te encuentras en el \u00e1rea metropolitana de Houston, Baghouse.com puede realizar una visita gratuita a tu instalaci\u00f3n para asesorarte. Uno de nuestros ingenieros se encargar\u00e1 de visitar tu instalaci\u00f3n sin costo alguno para revisar contigo algunas formas de mejorar la operaci\u00f3n y reducir los costos.<\/p>\n<p>Contamos con experiencia trabajando con muchas empresas en el \u00e1rea de Houston para mejorar sus sistemas de recolecci\u00f3n de polvo, incluyendo USG, Exxon Mobile, Owens Corning, Cemex, Equistar Chemical, entre otras.<\/p>\n<h2><b>|<\/b> Visitas gratuitas en el \u00e1rea de Houston<\/h2>\n<p>Si est\u00e1s interesado en que uno de nuestros ingenieros visite tu instalaci\u00f3n, por favor av\u00edsanos y podemos agendar una visita. Durante nuestra visita, nuestro ingeniero recolectar\u00e1 informaci\u00f3n preliminar sobre los sistemas de la instalaci\u00f3n y luego ofrecer\u00e1 sugerencias sobre \u00e1reas para mejorar la operaci\u00f3n, aumentar la capacidad, reducir emisiones, costos operativos y mejorar la seguridad de la calidad del aire y los peligros de polvo combustible.<\/p>\n<p><strong><span style=\"line-height: 1.5em;\">\u00a1Ll\u00e1manos hoy mismo <\/span><a style=\"line-height: 1.5em;\" title=\"Cont\u00e1ctenos\" href=\"https:\/\/baghouse.com\/es\/contact\/\">o utiliza nuestro formulario de contacto<\/a><span style=\"line-height: 1.5em;\"> para agendar tu visita gratuita!<\/span><\/strong><\/p>\n<h3>Ubicaci\u00f3n de Baghouse.com en Texas<\/h3>\n<p>1248 Austin Hwy. #106-#107<br \/>\nSan Antonio, TX 78209<\/p>\n<p>Obtiene m\u00e1s informaci\u00f3n sobre nuestras auditor\u00edas de\u00a0<a title=\"Inspecciones de sistemas\" href=\"https:\/\/baghouse.com\/es\/services\/dust-collection-system-audits\/\">sistemas de recolecci\u00f3n de polvo<\/a>.<\/p>\n<\/div><\/section><\/div>\n<style type=\"text\/css\" data-created_by=\"avia_inline_auto\" id=\"style-css-av-av_two_fifth-c8fc129dc35fd1ae2a1e410224d39ea8\">\n.flex_column.av-av_two_fifth-c8fc129dc35fd1ae2a1e410224d39ea8{\nborder-radius:0px 0px 0px 0px;\npadding:0px 0px 0px 0px;\n}\n<\/style>\n<div  class='flex_column av-av_two_fifth-c8fc129dc35fd1ae2a1e410224d39ea8 av_two_fifth  avia-builder-el-12  el_after_av_three_fifth  avia-builder-el-last  flex_column_div av-zero-column-padding'     ><p>\n<style type=\"text\/css\" data-created_by=\"avia_inline_auto\" id=\"style-css-av-av_image-306a2175c749be1fa67630967cb6546b\">\n.avia-image-container.av-av_image-306a2175c749be1fa67630967cb6546b img.avia_image{\nbox-shadow:none;\n}\n.avia-image-container.av-av_image-306a2175c749be1fa67630967cb6546b .av-image-caption-overlay-center{\ncolor:#ffffff;\n}\n<\/style>\n<div  class='avia-image-container av-av_image-306a2175c749be1fa67630967cb6546b av-styling-no-styling avia-align-center  avia-builder-el-13  el_before_av_textblock  avia-builder-el-first'   itemprop=\"image\" itemscope=\"itemscope\" itemtype=\"https:\/\/schema.org\/ImageObject\" ><div class=\"avia-image-container-inner\"><div class=\"avia-image-overlay-wrap\"><img fetchpriority=\"high\" decoding=\"async\" class='wp-image-3911 avia-img-lazy-loading-not-3911 avia_image' src=\"https:\/\/baghouse.com\/wp-content\/uploads\/2018\/02\/employee-1.jpg\" alt='' title='employee-1' height=\"534\" width=\"400\"  itemprop=\"thumbnailUrl\" srcset=\"https:\/\/baghouse.com\/wp-content\/uploads\/2018\/02\/employee-1.jpg 400w, https:\/\/baghouse.com\/wp-content\/uploads\/2018\/02\/employee-1-225x300.jpg 225w\"  sizes=\"(max-width: 400px) 100vw, 400px\" \/><\/div><\/div><\/div><br \/>\n<section  class='av_textblock_section av-av_textblock-2de302bf1aa3cf4c9157dbe6f50ac7eb'   itemscope=\"itemscope\" itemtype=\"https:\/\/schema.org\/CreativeWork\" ><div class='avia_textblock'  itemprop=\"text\" ><h3 style=\"text-align: center; padding: 2% 2% 2% 2%; background-color: #f16925; color: #fff; line-height: 1.4em;\">Consulta m\u00e1s informaci\u00f3n sobre nuestras <a title=\"Inspecciones de sistemas\" href=\"https:\/\/baghouse.com\/es\/services\/dust-collection-system-audits\/\"><b style=\"color: #fff;\"><em>auditor\u00edas de sistemas de recolecci\u00f3n de polvo<\/em><\/b><\/a>.<\/h3>\n<\/div><\/section><br \/>\n\n<style type=\"text\/css\" data-created_by=\"avia_inline_auto\" id=\"style-css-av-av_hr-243bcd75aa007655b05b3f107d8a867b\">\n#top .hr.av-av_hr-243bcd75aa007655b05b3f107d8a867b{\nmargin-top:15px;\nmargin-bottom:30px;\n}\n.hr.av-av_hr-243bcd75aa007655b05b3f107d8a867b .hr-inner{\nwidth:300px;\n}\n<\/style>\n<div  class='hr av-av_hr-243bcd75aa007655b05b3f107d8a867b hr-custom  avia-builder-el-15  el_after_av_textblock  avia-builder-el-last  hr-center hr-icon-no'><span class='hr-inner inner-border-av-border-thin'><span class=\"hr-inner-style\"><\/span><\/span><\/div><\/p><\/div><\/div><\/div><\/div><!-- close content main div --><\/div><\/div><div id='after_section_4'  class='main_color av_default_container_wrap container_wrap sidebar_right'  ><div class='container av-section-cont-open' ><div class='template-page content  av-content-small alpha units'><div class='post-entry post-entry-type-page post-entry-2289'><div class='entry-content-wrapper clearfix'>","protected":false},"excerpt":{"rendered":"","protected":false},"author":1,"featured_media":2293,"parent":230,"menu_order":1,"comment_status":"open","ping_status":"open","template":"","meta":{"_acf_changed":false,"footnotes":""},"class_list":["post-2289","page","type-page","status-publish","has-post-thumbnail","hentry"],"acf":[],"_links":{"self":[{"href":"https:\/\/baghouse.com\/es\/wp-json\/wp\/v2\/pages\/2289","targetHints":{"allow":["GET"]}}],"collection":[{"href":"https:\/\/baghouse.com\/es\/wp-json\/wp\/v2\/pages"}],"about":[{"href":"https:\/\/baghouse.com\/es\/wp-json\/wp\/v2\/types\/page"}],"author":[{"embeddable":true,"href":"https:\/\/baghouse.com\/es\/wp-json\/wp\/v2\/users\/1"}],"replies":[{"embeddable":true,"href":"https:\/\/baghouse.com\/es\/wp-json\/wp\/v2\/comments?post=2289"}],"version-history":[{"count":0,"href":"https:\/\/baghouse.com\/es\/wp-json\/wp\/v2\/pages\/2289\/revisions"}],"up":[{"embeddable":true,"href":"https:\/\/baghouse.com\/es\/wp-json\/wp\/v2\/pages\/230"}],"wp:featuredmedia":[{"embeddable":true,"href":"https:\/\/baghouse.com\/es\/wp-json\/"}],"wp:attachment":[{"href":"https:\/\/baghouse.com\/es\/wp-json\/wp\/v2\/media?parent=2289"}],"curies":[{"name":"wp","href":"https:\/\/api.w.org\/{rel}","templated":true}]}}