{"id":2261,"date":"2014-03-26T11:01:31","date_gmt":"2014-03-26T16:01:31","guid":{"rendered":"http:\/\/www.baghouse.com\/?page_id=2261"},"modified":"2024-02-02T15:58:47","modified_gmt":"2024-02-02T15:58:47","slug":"las-vegas-nevada-dust-collection-system-site-visits","status":"publish","type":"page","link":"https:\/\/baghouse.com\/es\/services\/dust-collection-system-audits\/las-vegas-nevada-dust-collection-system-site-visits\/","title":{"rendered":"Las Vegas, Nevada &#8211; Dust Collection System Site Visits"},"content":{"rendered":"<style type=\"text\/css\" data-created_by=\"avia_inline_auto\" id=\"style-css-av-sz4cgl-f0822d7fdc999923c330cba5aadf1af6\">\n.avia-section.av-sz4cgl-f0822d7fdc999923c330cba5aadf1af6{\nbackground-repeat:no-repeat;\nbackground-image:url(https:\/\/baghouse.com\/wp-content\/uploads\/2018\/03\/inspection-bg-1.jpg);\nbackground-position:100% 50%;\nbackground-attachment:scroll;\n}\n.avia-section.av-sz4cgl-f0822d7fdc999923c330cba5aadf1af6 .av-section-color-overlay{\nopacity:0.5;\nbackground-color:#000000;\n}\n<\/style>\n<div id='av_section_1'  class='avia-section av-sz4cgl-f0822d7fdc999923c330cba5aadf1af6 main_color avia-section-huge avia-no-border-styling  avia-builder-el-0  el_before_av_section  avia-builder-el-first  av-small-hide av-mini-hide avia-full-stretch avia-bg-style-scroll av-section-color-overlay-active av-minimum-height av-minimum-height-custom av-height-custom  container_wrap sidebar_right'  data-section-bg-repeat='stretch' data-av_minimum_height_px='400'><div class=\"av-section-color-overlay-wrap\"><div class=\"av-section-color-overlay\"><\/div><div class='container av-section-cont-open' style='height:400px'><main  role=\"main\" itemprop=\"mainContentOfPage\"  class='template-page content  av-content-small alpha units'><div class='post-entry post-entry-type-page post-entry-2261'><div class='entry-content-wrapper clearfix'>\n\n<style type=\"text\/css\" data-created_by=\"avia_inline_auto\" id=\"style-css-av-qv45dh-1acd84b048039f9f50571718a1d5ecc1\">\n#top .av-special-heading.av-qv45dh-1acd84b048039f9f50571718a1d5ecc1{\npadding-bottom:50px;\ncolor:#ffffff;\nfont-size:80px;\n}\nbody .av-special-heading.av-qv45dh-1acd84b048039f9f50571718a1d5ecc1 .av-special-heading-tag .heading-char{\nfont-size:25px;\n}\n#top #wrap_all .av-special-heading.av-qv45dh-1acd84b048039f9f50571718a1d5ecc1 .av-special-heading-tag{\nfont-size:80px;\n}\n.av-special-heading.av-qv45dh-1acd84b048039f9f50571718a1d5ecc1 .special-heading-inner-border{\nborder-color:#ffffff;\n}\n.av-special-heading.av-qv45dh-1acd84b048039f9f50571718a1d5ecc1 .av-subheading{\nfont-size:35px;\n}\n\n@media only screen and (min-width: 480px) and (max-width: 767px){ \n#top #wrap_all .av-special-heading.av-qv45dh-1acd84b048039f9f50571718a1d5ecc1 .av-special-heading-tag{\nfont-size:0.8em;\n}\n}\n\n@media only screen and (max-width: 479px){ \n#top #wrap_all .av-special-heading.av-qv45dh-1acd84b048039f9f50571718a1d5ecc1 .av-special-heading-tag{\nfont-size:0.8em;\n}\n}\n<\/style>\n<div  class='av-special-heading av-qv45dh-1acd84b048039f9f50571718a1d5ecc1 av-special-heading-h1 custom-color-heading blockquote modern-quote  avia-builder-el-1  avia-builder-el-no-sibling  av-inherit-size'><div class='av_custom_color av-subheading av-subheading_above'><p>Las Vegas, Nevada<\/p>\n<\/div><h1 class='av-special-heading-tag'  itemprop=\"headline\"  >Inspecciones de recolectores de polvo<\/h1><div class=\"special-heading-border\"><div class=\"special-heading-inner-border\"><\/div><\/div><\/div>\n\n<\/div><\/div><\/main><!-- close content main element --><\/div><\/div><\/div>\n<style type=\"text\/css\" data-created_by=\"avia_inline_auto\" id=\"style-css-av-q0e6k5-8fa8ede4784cfe90f66ed19201cfb0ca\">\n.avia-section.av-q0e6k5-8fa8ede4784cfe90f66ed19201cfb0ca{\nbackground-color:#466bb0;\nbackground-image:unset;\n}\n.avia-section.av-q0e6k5-8fa8ede4784cfe90f66ed19201cfb0ca .av-section-color-overlay{\nopacity:0.6;\nbackground-color:#000000;\nbackground-image:url(https:\/\/baghouse.com\/wp-content\/themes\/enfold\/images\/background-images\/wool-for-dark-background.png);\nbackground-repeat:repeat;\n}\n<\/style>\n<div id='av_section_2'  class='avia-section av-q0e6k5-8fa8ede4784cfe90f66ed19201cfb0ca main_color avia-section-large avia-no-border-styling  avia-builder-el-2  el_after_av_section  el_before_av_section  av-desktop-hide av-medium-hide avia-bg-style-scroll av-section-color-overlay-active av-minimum-height av-minimum-height-25 av-height-25  container_wrap sidebar_right'   data-av_minimum_height_pc='25' data-av_min_height_opt='25'><div class=\"av-section-color-overlay-wrap\"><div class=\"av-section-color-overlay\"><\/div><div class='container av-section-cont-open' ><div class='template-page content  av-content-small alpha units'><div class='post-entry post-entry-type-page post-entry-2261'><div class='entry-content-wrapper clearfix'>\n\n<style type=\"text\/css\" data-created_by=\"avia_inline_auto\" id=\"style-css-av-o3fr9x-46712b9a1f953f46978aaaf6978ce95a\">\n#top .av-special-heading.av-o3fr9x-46712b9a1f953f46978aaaf6978ce95a{\npadding-bottom:30px;\ncolor:#ffffff;\nfont-size:55px;\n}\nbody .av-special-heading.av-o3fr9x-46712b9a1f953f46978aaaf6978ce95a .av-special-heading-tag .heading-char{\nfont-size:25px;\n}\n#top #wrap_all .av-special-heading.av-o3fr9x-46712b9a1f953f46978aaaf6978ce95a .av-special-heading-tag{\nfont-size:55px;\n}\n.av-special-heading.av-o3fr9x-46712b9a1f953f46978aaaf6978ce95a .special-heading-inner-border{\nborder-color:#ffffff;\n}\n.av-special-heading.av-o3fr9x-46712b9a1f953f46978aaaf6978ce95a .av-subheading{\nfont-size:25px;\n}\n\n@media only screen and (min-width: 480px) and (max-width: 767px){ \n#top #wrap_all .av-special-heading.av-o3fr9x-46712b9a1f953f46978aaaf6978ce95a .av-special-heading-tag{\nfont-size:0.8em;\n}\n}\n\n@media only screen and (max-width: 479px){ \n#top #wrap_all .av-special-heading.av-o3fr9x-46712b9a1f953f46978aaaf6978ce95a .av-special-heading-tag{\nfont-size:0.8em;\n}\n}\n<\/style>\n<div  class='av-special-heading av-o3fr9x-46712b9a1f953f46978aaaf6978ce95a av-special-heading-h1 custom-color-heading blockquote modern-quote modern-centered  avia-builder-el-3  avia-builder-el-no-sibling  av-desktop-hide av-medium-hide av-inherit-size'><div class='av_custom_color av-subheading av-subheading_above'><p>Las Vegas, Nevada<\/p>\n<\/div><h1 class='av-special-heading-tag'  itemprop=\"headline\"  >Inspecciones de recolectores de polvo<\/h1><div class=\"special-heading-border\"><div class=\"special-heading-inner-border\"><\/div><\/div><\/div>\n\n<\/div><\/div><\/div><!-- close content main div --><\/div><\/div><\/div>\n<style type=\"text\/css\" data-created_by=\"avia_inline_auto\" id=\"style-css-av-2a3icl-3876eac65fe5a3e49d5917b95957c7e2\">\n.avia-section.av-2a3icl-3876eac65fe5a3e49d5917b95957c7e2{\nbackground-color:#466bb0;\nbackground-image:unset;\n}\n.avia-section.av-2a3icl-3876eac65fe5a3e49d5917b95957c7e2 .av-section-color-overlay{\nopacity:0.5;\nbackground-color:#466bb0;\n}\n<\/style>\n<div id='av_section_3'  class='avia-section av-2a3icl-3876eac65fe5a3e49d5917b95957c7e2 main_color avia-section-small avia-no-border-styling  avia-builder-el-4  el_after_av_section  el_before_av_section  avia-bg-style-scroll av-section-color-overlay-active container_wrap sidebar_right'  ><div class=\"av-section-color-overlay-wrap\"><div class=\"av-section-color-overlay\"><\/div><div class='container av-section-cont-open' ><div class='template-page content  av-content-small alpha units'><div class='post-entry post-entry-type-page post-entry-2261'><div class='entry-content-wrapper clearfix'>\n<div class='flex_column_table av-kjpmv9-7b58c7a1fe3c5ed473f94219aecef4c5 sc-av_one_half av-equal-height-column-flextable'>\n<style type=\"text\/css\" data-created_by=\"avia_inline_auto\" id=\"style-css-av-kjpmv9-7b58c7a1fe3c5ed473f94219aecef4c5\">\n.flex_column.av-kjpmv9-7b58c7a1fe3c5ed473f94219aecef4c5{\nborder-radius:0px 0px 0px 0px;\npadding:0px 0px 0px 0px;\n}\n<\/style>\n<div  class='flex_column av-kjpmv9-7b58c7a1fe3c5ed473f94219aecef4c5 av_one_half  avia-builder-el-5  el_before_av_one_half  avia-builder-el-first  first flex_column_table_cell av-equal-height-column av-align-middle av-zero-column-padding'     ><style type=\"text\/css\" data-created_by=\"avia_inline_auto\" id=\"style-css-av-jno339-865bf838f0c6050feb87d0fa0003c9a9\">\n#top .av-special-heading.av-jno339-865bf838f0c6050feb87d0fa0003c9a9{\npadding-bottom:0;\ncolor:#ffffff;\n}\nbody .av-special-heading.av-jno339-865bf838f0c6050feb87d0fa0003c9a9 .av-special-heading-tag .heading-char{\nfont-size:25px;\n}\n#top #wrap_all .av-special-heading.av-jno339-865bf838f0c6050feb87d0fa0003c9a9 .av-special-heading-tag{\nfont-size:35px;\n}\n.av-special-heading.av-jno339-865bf838f0c6050feb87d0fa0003c9a9 .special-heading-inner-border{\nborder-color:#ffffff;\n}\n.av-special-heading.av-jno339-865bf838f0c6050feb87d0fa0003c9a9 .av-subheading{\nfont-size:15px;\n}\n<\/style>\n<div  class='av-special-heading av-jno339-865bf838f0c6050feb87d0fa0003c9a9 av-special-heading-h1 custom-color-heading  avia-builder-el-6  avia-builder-el-no-sibling  av-thin-font'><h1 class='av-special-heading-tag'  itemprop=\"headline\"  ><span style=\"font-family:\u2018lato\u2019, sans-serif;font-weight:normal;\">AGENDA UNA <strong>VISITA GRATIS<\/strong> HOY MISMO<\/span><\/h1><div class=\"special-heading-border\"><div class=\"special-heading-inner-border\"><\/div><\/div><\/div><\/div><div class='av-flex-placeholder'><\/div>\n<style type=\"text\/css\" data-created_by=\"avia_inline_auto\" id=\"style-css-av-gwrrsl-bd02c588d616d36b0e251f99f69edd1b\">\n.flex_column.av-gwrrsl-bd02c588d616d36b0e251f99f69edd1b{\nborder-radius:0px 0px 0px 0px;\npadding:0px 0px 0px 0px;\n}\n<\/style>\n<div  class='flex_column av-gwrrsl-bd02c588d616d36b0e251f99f69edd1b av_one_half  avia-builder-el-7  el_after_av_one_half  avia-builder-el-last  flex_column_table_cell av-equal-height-column av-align-middle av-zero-column-padding'     ><div  class='avia-button-wrap avia-button-center  avia-builder-el-8  avia-builder-el-no-sibling'>\n<style type=\"text\/css\" data-created_by=\"avia_inline_auto\" id=\"style-css-av-g1evd1-5bd4cd0d20f6b004b787091c2433946c\">\n#top #wrap_all .avia-button.av-g1evd1-5bd4cd0d20f6b004b787091c2433946c{\nbackground-color:#ffffff;\nborder-color:#ffffff;\ncolor:#486cb0;\ntransition:all 0.4s ease-in-out;\n}\n#top #wrap_all .avia-button.av-g1evd1-5bd4cd0d20f6b004b787091c2433946c:hover{\nbackground-color:#c2d9f9;\ncolor:#ffffff;\ntransition:all 0.4s ease-in-out;\n}\n<\/style>\n<a href='https:\/\/baghouse.com\/es\/contact\/' class='avia-button avia-button-fullwidth av-g1evd1-5bd4cd0d20f6b004b787091c2433946c avia-icon_select-no avia-color-custom'   aria-label=\"&lt;b&gt;CONT&Aacute;CTANOS&lt;\/b&gt;\"><span class='avia_iconbox_title' ><b>CONT\u00c1CTANOS<\/b><\/span><\/a><\/div><\/div><\/div><!--close column table wrapper. Autoclose: 1 -->\n\n<\/div><\/div><\/div><!-- close content main div --><\/div><\/div><\/div><div id='av_section_4'  class='avia-section av-e4nazp-0759cdc1b3be9700afb093ef79aa66d9 main_color avia-section-default avia-no-border-styling  avia-builder-el-9  el_after_av_section  avia-builder-el-last  avia-bg-style-scroll container_wrap sidebar_right'  ><div class='container av-section-cont-open' ><div class='template-page content  av-content-small alpha units'><div class='post-entry post-entry-type-page post-entry-2261'><div class='entry-content-wrapper clearfix'>\n\n<style type=\"text\/css\" data-created_by=\"avia_inline_auto\" id=\"style-css-av-cygqs5-3b34c7dd497fdfdb81b7d4b873818fcf\">\n.flex_column.av-cygqs5-3b34c7dd497fdfdb81b7d4b873818fcf{\nborder-radius:0px 0px 0px 0px;\npadding:0px 0px 0px 0px;\n}\n<\/style>\n<div  class='flex_column av-cygqs5-3b34c7dd497fdfdb81b7d4b873818fcf av_three_fifth  avia-builder-el-10  el_before_av_two_fifth  avia-builder-el-first  first flex_column_div av-zero-column-padding'     ><section  class='av_textblock_section av-b6ikp1-acb8e6f8bfdee9d129d10910417fcbc1'   itemscope=\"itemscope\" itemtype=\"https:\/\/schema.org\/CreativeWork\" ><div class='avia_textblock'  itemprop=\"text\" ><p>\u00bfEst\u00e1s buscando ayuda con tu sistema de recolecci\u00f3n de polvo en el \u00e1rea de Las Vegas? \u00bfQuer\u00e9s aumentar la eficiencia y capacidad de tu colector de polvo sin grandes inversiones de capital? \u00bfTe gustar\u00eda saber m\u00e1s sobre c\u00f3mo operar y mantener tu sistema de recolecci\u00f3n de polvo?<\/p>\n<p>Si te encuentras en el \u00e1rea de Las Vegas, Baghouse.com puede realizar una visita gratuita a tu instalaci\u00f3n para asesorarte. Uno de nuestros ingenieros se encargar\u00e1 de visitar tu instalaci\u00f3n sin costo alguno para revisar contigo algunas formas de mejorar la operaci\u00f3n y reducir los costos.<\/p>\n<p>Contamos con experiencia trabajando con muchas empresas en el \u00e1rea de Las Vegas para mejorar sus sistemas de recolecci\u00f3n de polvo, incluyendo US Ecology Nevada, entre otras.<\/p>\n<h2><b>|<\/b> Inspecciones gratuitas en el \u00e1rea de Las Vegas, Nevada<\/h2>\n<p>Si est\u00e1s interesado en que uno de nuestros ingenieros visite tu instalaci\u00f3n, por favor av\u00edsanos y podemos agendar una visita. Durante nuestra visita, nuestro ingeniero recolectar\u00e1 informaci\u00f3n preliminar sobre los sistemas de la instalaci\u00f3n y luego ofrecer\u00e1 sugerencias sobre \u00e1reas para mejorar la operaci\u00f3n, aumentar la capacidad, reducir emisiones, costos operativos y mejorar la seguridad de la calidad del aire y los peligros de polvo combustible.<\/p>\n<p><strong>Por favor, ll\u00e1manos hoy al (702) 761-3780\u00a0<a title=\"Cont\u00e1ctenos\" href=\"https:\/\/baghouse.com\/es\/contact\/\">o utiliza nuestro formulario de contacto<\/a> para agendar una visita con uno de nuestros ingenieros.<\/strong><\/p>\n<h2><b>|<\/b> Nuestras oficinas<\/h2>\n<p><strong>Baghouse.com \u2013 Oficinas en Las Vegas<\/strong><br \/>\n1930 Village Center Circle #3-5843<br \/>\nLas Vegas, NV 89134<br \/>\n(702) 848-3990<\/p>\n<p>Obtiene m\u00e1s informaci\u00f3n sobre nuestras auditor\u00edas de\u00a0<a title=\"Inspecciones de sistemas\" href=\"https:\/\/baghouse.com\/es\/services\/dust-collection-system-audits\/\">sistemas de recolecci\u00f3n de polvo<\/a>.<\/p>\n<\/div><\/section><\/div>\n<style type=\"text\/css\" data-created_by=\"avia_inline_auto\" id=\"style-css-av-8o6osl-e0eb8423164e3a09c31c8829b1ea615e\">\n.flex_column.av-8o6osl-e0eb8423164e3a09c31c8829b1ea615e{\nborder-radius:0px 0px 0px 0px;\npadding:0px 0px 0px 0px;\n}\n<\/style>\n<div  class='flex_column av-8o6osl-e0eb8423164e3a09c31c8829b1ea615e av_two_fifth  avia-builder-el-12  el_after_av_three_fifth  avia-builder-el-last  flex_column_div av-zero-column-padding'     ><p>\n<style type=\"text\/css\" data-created_by=\"avia_inline_auto\" id=\"style-css-av-pkm6d-653631b22732e8519bab0e5c9f28fd19\">\n.avia-image-container.av-pkm6d-653631b22732e8519bab0e5c9f28fd19 img.avia_image{\nbox-shadow:none;\n}\n.avia-image-container.av-pkm6d-653631b22732e8519bab0e5c9f28fd19 .av-image-caption-overlay-center{\ncolor:#ffffff;\n}\n<\/style>\n<div  class='avia-image-container av-pkm6d-653631b22732e8519bab0e5c9f28fd19 av-styling-no-styling avia-align-center  avia-builder-el-13  el_before_av_hr  avia-builder-el-first'   itemprop=\"image\" itemscope=\"itemscope\" itemtype=\"https:\/\/schema.org\/ImageObject\" ><div class=\"avia-image-container-inner\"><div class=\"avia-image-overlay-wrap\"><img fetchpriority=\"high\" decoding=\"async\" class='wp-image-3911 avia-img-lazy-loading-not-3911 avia_image' src=\"https:\/\/baghouse.com\/wp-content\/uploads\/2018\/02\/employee-1.jpg\" alt='' title='employee-1' height=\"534\" width=\"400\"  itemprop=\"thumbnailUrl\" srcset=\"https:\/\/baghouse.com\/wp-content\/uploads\/2018\/02\/employee-1.jpg 400w, https:\/\/baghouse.com\/wp-content\/uploads\/2018\/02\/employee-1-225x300.jpg 225w\"  sizes=\"(max-width: 400px) 100vw, 400px\" \/><\/div><\/div><\/div><br \/>\n\n<style type=\"text\/css\" data-created_by=\"avia_inline_auto\" id=\"style-css-av-6bg9z9-18ce5592c068e749173f2463705a3c33\">\n#top .hr.av-6bg9z9-18ce5592c068e749173f2463705a3c33{\nmargin-top:15px;\nmargin-bottom:30px;\n}\n.hr.av-6bg9z9-18ce5592c068e749173f2463705a3c33 .hr-inner{\nwidth:300px;\n}\n<\/style>\n<div  class='hr av-6bg9z9-18ce5592c068e749173f2463705a3c33 hr-custom  avia-builder-el-14  el_after_av_image  el_before_av_textblock  hr-center hr-icon-no'><span class='hr-inner inner-border-av-border-thin'><span class=\"hr-inner-style\"><\/span><\/span><\/div><br \/>\n<section  class='av_textblock_section av-4onxph-cc8cf97a9377b98ece12ba2486abc750'   itemscope=\"itemscope\" itemtype=\"https:\/\/schema.org\/CreativeWork\" ><div class='avia_textblock'  itemprop=\"text\" ><h3 style=\"text-align: center; padding: 2% 2% 2% 2%; background-color: #f16925; color: #fff; line-height: 1.4em;\">Consulta m\u00e1s informaci\u00f3n sobre nuestras <a title=\"Inspecciones de sistemas\" href=\"https:\/\/baghouse.com\/es\/services\/dust-collection-system-audits\/\"><b style=\"color: #fff;\"><em>auditor\u00edas de sistemas de recolecci\u00f3n de polvo<\/em><\/b><\/a>.<\/h3>\n<\/div><\/section><br \/>\n\n<style type=\"text\/css\" data-created_by=\"avia_inline_auto\" id=\"style-css-av-bd7ol-64dcd3653f5b96a7281c1c8149077e3a\">\n#top .hr.av-bd7ol-64dcd3653f5b96a7281c1c8149077e3a{\nmargin-top:15px;\nmargin-bottom:30px;\n}\n.hr.av-bd7ol-64dcd3653f5b96a7281c1c8149077e3a .hr-inner{\nwidth:300px;\n}\n<\/style>\n<div  class='hr av-bd7ol-64dcd3653f5b96a7281c1c8149077e3a hr-custom  avia-builder-el-16  el_after_av_textblock  avia-builder-el-last  hr-center hr-icon-no'><span class='hr-inner inner-border-av-border-thin'><span class=\"hr-inner-style\"><\/span><\/span><\/div><\/p><\/div><\/div><\/div><\/div><!-- close content main div --><\/div><\/div><div id='after_section_4'  class='main_color av_default_container_wrap container_wrap sidebar_right'  ><div class='container av-section-cont-open' ><div class='template-page content  av-content-small alpha units'><div class='post-entry post-entry-type-page post-entry-2261'><div class='entry-content-wrapper clearfix'>","protected":false},"excerpt":{"rendered":"","protected":false},"author":1,"featured_media":0,"parent":230,"menu_order":2,"comment_status":"open","ping_status":"open","template":"","meta":{"_acf_changed":false,"footnotes":""},"class_list":["post-2261","page","type-page","status-publish","hentry"],"acf":[],"_links":{"self":[{"href":"https:\/\/baghouse.com\/es\/wp-json\/wp\/v2\/pages\/2261","targetHints":{"allow":["GET"]}}],"collection":[{"href":"https:\/\/baghouse.com\/es\/wp-json\/wp\/v2\/pages"}],"about":[{"href":"https:\/\/baghouse.com\/es\/wp-json\/wp\/v2\/types\/page"}],"author":[{"embeddable":true,"href":"https:\/\/baghouse.com\/es\/wp-json\/wp\/v2\/users\/1"}],"replies":[{"embeddable":true,"href":"https:\/\/baghouse.com\/es\/wp-json\/wp\/v2\/comments?post=2261"}],"version-history":[{"count":0,"href":"https:\/\/baghouse.com\/es\/wp-json\/wp\/v2\/pages\/2261\/revisions"}],"up":[{"embeddable":true,"href":"https:\/\/baghouse.com\/es\/wp-json\/wp\/v2\/pages\/230"}],"wp:attachment":[{"href":"https:\/\/baghouse.com\/es\/wp-json\/wp\/v2\/media?parent=2261"}],"curies":[{"name":"wp","href":"https:\/\/api.w.org\/{rel}","templated":true}]}}