{"id":20754,"date":"2024-02-14T17:29:41","date_gmt":"2024-02-14T17:29:41","guid":{"rendered":"https:\/\/www.baghouse.com\/dashboard\/"},"modified":"2025-01-30T22:55:19","modified_gmt":"2025-01-30T22:55:19","slug":"dashboard","status":"publish","type":"page","link":"https:\/\/baghouse.com\/es\/dashboard\/","title":{"rendered":"Dashboard"},"content":{"rendered":"Por favor <a data-login_url=\"https:\/\/baghouse.com\/wp-login.php?redirect_to=https%3A%2F%2Fbaghouse.com%2Fes%2Fwp-json%2Fwp%2Fv2%2Fpages%2F20754\" href=\"#\" class=\"tutor-open-login-modal\">Inicia sessi\u00f3n<\/a> para ver esta p\u00e1gina","protected":false},"excerpt":{"rendered":"<p>Por favor Inicia sessi\u00f3n para ver esta p\u00e1gina<\/p>","protected":false},"author":102,"featured_media":0,"parent":0,"menu_order":0,"comment_status":"closed","ping_status":"closed","template":"","meta":{"_acf_changed":false,"footnotes":""},"class_list":["post-20754","page","type-page","status-publish","hentry"],"acf":[],"_links":{"self":[{"href":"https:\/\/baghouse.com\/es\/wp-json\/wp\/v2\/pages\/20754","targetHints":{"allow":["GET"]}}],"collection":[{"href":"https:\/\/baghouse.com\/es\/wp-json\/wp\/v2\/pages"}],"about":[{"href":"https:\/\/baghouse.com\/es\/wp-json\/wp\/v2\/types\/page"}],"author":[{"embeddable":true,"href":"https:\/\/baghouse.com\/es\/wp-json\/wp\/v2\/users\/102"}],"replies":[{"embeddable":true,"href":"https:\/\/baghouse.com\/es\/wp-json\/wp\/v2\/comments?post=20754"}],"version-history":[{"count":0,"href":"https:\/\/baghouse.com\/es\/wp-json\/wp\/v2\/pages\/20754\/revisions"}],"wp:attachment":[{"href":"https:\/\/baghouse.com\/es\/wp-json\/wp\/v2\/media?parent=20754"}],"curies":[{"name":"wp","href":"https:\/\/api.w.org\/{rel}","templated":true}]}}