{"id":1146,"date":"2017-09-28T01:22:16","date_gmt":"2017-09-28T01:22:16","guid":{"rendered":"http:\/\/www.baghouse.com\/?page_id=1146"},"modified":"2025-09-30T03:35:43","modified_gmt":"2025-09-30T03:35:43","slug":"products","status":"publish","type":"page","link":"https:\/\/baghouse.com\/es\/products\/","title":{"rendered":"Productos"},"content":{"rendered":"<style type=\"text\/css\" data-created_by=\"avia_inline_auto\" id=\"style-css-av-18hpui2-a31bf86fce104d6192afb01f26c0033e\">\n.avia-section.av-18hpui2-a31bf86fce104d6192afb01f26c0033e{\nbackground-repeat:no-repeat;\nbackground-image:url(https:\/\/baghouse.com\/wp-content\/uploads\/2018\/03\/head-3.jpg);\nbackground-position:50% 50%;\nbackground-attachment:scroll;\n}\n.avia-section.av-18hpui2-a31bf86fce104d6192afb01f26c0033e .av-section-color-overlay{\nopacity:0.5;\nbackground-color:#000000;\n}\n<\/style>\n<div id='av_section_1'  class='avia-section av-18hpui2-a31bf86fce104d6192afb01f26c0033e main_color avia-section-huge avia-no-border-styling  avia-builder-el-0  el_before_av_section  avia-builder-el-first  av-small-hide av-mini-hide avia-full-stretch avia-bg-style-scroll av-section-color-overlay-active av-minimum-height av-minimum-height-custom av-height-custom  container_wrap sidebar_right'  data-section-bg-repeat='stretch' data-av_minimum_height_px='400'><div class=\"av-section-color-overlay-wrap\"><div class=\"av-section-color-overlay\"><\/div><div class='container av-section-cont-open' style='height:400px'><main  role=\"main\" itemprop=\"mainContentOfPage\"  class='template-page content  av-content-small alpha units'><div class='post-entry post-entry-type-page post-entry-1146'><div class='entry-content-wrapper clearfix'>\n\n<style type=\"text\/css\" data-created_by=\"avia_inline_auto\" id=\"style-css-av-164znei-ec86756e16411a00b0a7dd9f3ba89c99\">\n#top .av-special-heading.av-164znei-ec86756e16411a00b0a7dd9f3ba89c99{\npadding-bottom:50px;\ncolor:#ffffff;\nfont-size:80px;\n}\nbody .av-special-heading.av-164znei-ec86756e16411a00b0a7dd9f3ba89c99 .av-special-heading-tag .heading-char{\nfont-size:25px;\n}\n#top #wrap_all .av-special-heading.av-164znei-ec86756e16411a00b0a7dd9f3ba89c99 .av-special-heading-tag{\nfont-size:80px;\n}\n.av-special-heading.av-164znei-ec86756e16411a00b0a7dd9f3ba89c99 .special-heading-inner-border{\nborder-color:#ffffff;\n}\n.av-special-heading.av-164znei-ec86756e16411a00b0a7dd9f3ba89c99 .av-subheading{\nfont-size:15px;\n}\n\n@media only screen and (min-width: 480px) and (max-width: 767px){ \n#top #wrap_all .av-special-heading.av-164znei-ec86756e16411a00b0a7dd9f3ba89c99 .av-special-heading-tag{\nfont-size:0.8em;\n}\n}\n\n@media only screen and (max-width: 479px){ \n#top #wrap_all .av-special-heading.av-164znei-ec86756e16411a00b0a7dd9f3ba89c99 .av-special-heading-tag{\nfont-size:0.8em;\n}\n}\n<\/style>\n<div  class='av-special-heading av-164znei-ec86756e16411a00b0a7dd9f3ba89c99 av-special-heading-h1 custom-color-heading blockquote modern-quote  avia-builder-el-1  avia-builder-el-no-sibling  av-inherit-size'><h1 class='av-special-heading-tag'  itemprop=\"headline\"  >Productos<\/h1><div class=\"special-heading-border\"><div class=\"special-heading-inner-border\"><\/div><\/div><\/div>\n\n<\/div><\/div><\/main><!-- close content main element --><\/div><\/div><\/div>\n<style type=\"text\/css\" data-created_by=\"avia_inline_auto\" id=\"style-css-av-1454uei-8da020d8f536d798dc92c12b796abab0\">\n.avia-section.av-1454uei-8da020d8f536d798dc92c12b796abab0{\nbackground-color:#466bb0;\nbackground-image:unset;\n}\n.avia-section.av-1454uei-8da020d8f536d798dc92c12b796abab0 .av-section-color-overlay{\nopacity:0.6;\nbackground-color:#000000;\nbackground-image:url(https:\/\/baghouse.com\/wp-content\/themes\/enfold\/images\/background-images\/wool-for-dark-background.png);\nbackground-repeat:repeat;\n}\n<\/style>\n<div id='av_section_2'  class='avia-section av-1454uei-8da020d8f536d798dc92c12b796abab0 main_color avia-section-large avia-no-border-styling  avia-builder-el-2  el_after_av_section  el_before_av_section  av-desktop-hide av-medium-hide avia-bg-style-scroll av-section-color-overlay-active av-minimum-height av-minimum-height-25 av-height-25  container_wrap sidebar_right'   data-av_minimum_height_pc='25' data-av_min_height_opt='25'><div class=\"av-section-color-overlay-wrap\"><div class=\"av-section-color-overlay\"><\/div><div class='container av-section-cont-open' ><div class='template-page content  av-content-small alpha units'><div class='post-entry post-entry-type-page post-entry-1146'><div class='entry-content-wrapper clearfix'>\n\n<style type=\"text\/css\" data-created_by=\"avia_inline_auto\" id=\"style-css-av-1291a8a-2ef485b4be76b55dc33cdf5f5b1fd1d7\">\n#top .av-special-heading.av-1291a8a-2ef485b4be76b55dc33cdf5f5b1fd1d7{\npadding-bottom:30px;\ncolor:#ffffff;\nfont-size:55px;\n}\nbody .av-special-heading.av-1291a8a-2ef485b4be76b55dc33cdf5f5b1fd1d7 .av-special-heading-tag .heading-char{\nfont-size:25px;\n}\n#top #wrap_all .av-special-heading.av-1291a8a-2ef485b4be76b55dc33cdf5f5b1fd1d7 .av-special-heading-tag{\nfont-size:55px;\n}\n.av-special-heading.av-1291a8a-2ef485b4be76b55dc33cdf5f5b1fd1d7 .special-heading-inner-border{\nborder-color:#ffffff;\n}\n.av-special-heading.av-1291a8a-2ef485b4be76b55dc33cdf5f5b1fd1d7 .av-subheading{\nfont-size:15px;\n}\n\n@media only screen and (min-width: 480px) and (max-width: 767px){ \n#top #wrap_all .av-special-heading.av-1291a8a-2ef485b4be76b55dc33cdf5f5b1fd1d7 .av-special-heading-tag{\nfont-size:0.8em;\n}\n}\n\n@media only screen and (max-width: 479px){ \n#top #wrap_all .av-special-heading.av-1291a8a-2ef485b4be76b55dc33cdf5f5b1fd1d7 .av-special-heading-tag{\nfont-size:0.8em;\n}\n}\n<\/style>\n<div  class='av-special-heading av-1291a8a-2ef485b4be76b55dc33cdf5f5b1fd1d7 av-special-heading-h1 custom-color-heading blockquote modern-quote modern-centered  avia-builder-el-3  avia-builder-el-no-sibling  av-desktop-hide av-medium-hide av-inherit-size'><h1 class='av-special-heading-tag'  itemprop=\"headline\"  >Productos<\/h1><div class=\"special-heading-border\"><div class=\"special-heading-inner-border\"><\/div><\/div><\/div>\n\n<\/div><\/div><\/div><!-- close content main div --><\/div><\/div><\/div>\n<style type=\"text\/css\" data-created_by=\"avia_inline_auto\" id=\"style-css-av-3qq7d6-cb26ee21eae6aac8a5ce52216e69bc12\">\n.avia-section.av-3qq7d6-cb26ee21eae6aac8a5ce52216e69bc12{\nbackground-color:#466bb0;\nbackground-image:unset;\n}\n.avia-section.av-3qq7d6-cb26ee21eae6aac8a5ce52216e69bc12 .av-section-color-overlay{\nopacity:0.5;\nbackground-color:#466bb0;\n}\n<\/style>\n<div id='av_section_3'  class='avia-section av-3qq7d6-cb26ee21eae6aac8a5ce52216e69bc12 main_color avia-section-small avia-no-border-styling  avia-builder-el-4  el_after_av_section  el_before_av_section  avia-bg-style-scroll av-section-color-overlay-active container_wrap sidebar_right'  ><div class=\"av-section-color-overlay-wrap\"><div class=\"av-section-color-overlay\"><\/div><div class='container av-section-cont-open' ><div class='template-page content  av-content-small alpha units'><div class='post-entry post-entry-type-page post-entry-1146'><div class='entry-content-wrapper clearfix'>\n<div class='flex_column_table av-zm3xje-8cb8684c662ebbc85b7fe9e472ddf07a sc-av_two_third av-equal-height-column-flextable'>\n<style type=\"text\/css\" data-created_by=\"avia_inline_auto\" id=\"style-css-av-zm3xje-8cb8684c662ebbc85b7fe9e472ddf07a\">\n.flex_column.av-zm3xje-8cb8684c662ebbc85b7fe9e472ddf07a{\nborder-radius:0px 0px 0px 0px;\npadding:0px 0px 0px 0px;\n}\n<\/style>\n<div  class='flex_column av-zm3xje-8cb8684c662ebbc85b7fe9e472ddf07a av_two_third  avia-builder-el-5  el_before_av_one_third  avia-builder-el-first  first flex_column_table_cell av-equal-height-column av-align-middle av-zero-column-padding'     ><style type=\"text\/css\" data-created_by=\"avia_inline_auto\" id=\"style-css-av-3e0llm-516dd8e3b7e2ab0ccf9fd2f29b9080ab\">\n#top .av-special-heading.av-3e0llm-516dd8e3b7e2ab0ccf9fd2f29b9080ab{\npadding-bottom:0;\ncolor:#ffffff;\nfont-size:35px;\n}\nbody .av-special-heading.av-3e0llm-516dd8e3b7e2ab0ccf9fd2f29b9080ab .av-special-heading-tag .heading-char{\nfont-size:25px;\n}\n#top #wrap_all .av-special-heading.av-3e0llm-516dd8e3b7e2ab0ccf9fd2f29b9080ab .av-special-heading-tag{\nfont-size:35px;\n}\n.av-special-heading.av-3e0llm-516dd8e3b7e2ab0ccf9fd2f29b9080ab .special-heading-inner-border{\nborder-color:#ffffff;\n}\n.av-special-heading.av-3e0llm-516dd8e3b7e2ab0ccf9fd2f29b9080ab .av-subheading{\nfont-size:15px;\n}\n\n@media only screen and (min-width: 480px) and (max-width: 767px){ \n#top #wrap_all .av-special-heading.av-3e0llm-516dd8e3b7e2ab0ccf9fd2f29b9080ab .av-special-heading-tag{\nfont-size:0.8em;\n}\n}\n\n@media only screen and (max-width: 479px){ \n#top #wrap_all .av-special-heading.av-3e0llm-516dd8e3b7e2ab0ccf9fd2f29b9080ab .av-special-heading-tag{\nfont-size:0.8em;\n}\n}\n<\/style>\n<div  class='av-special-heading av-3e0llm-516dd8e3b7e2ab0ccf9fd2f29b9080ab av-special-heading-h1 custom-color-heading blockquote modern-quote  avia-builder-el-6  avia-builder-el-no-sibling  av-thin-font av-inherit-size'><h1 class='av-special-heading-tag'  itemprop=\"headline\"  ><span style=\"font-family:\u2018lato\u2019, sans-serif;font-weight:normal;\">CONT\u00c1CTANOS AHORA PARA UN <strong>COTIZACI\u00d3N<\/strong><\/span><\/h1><div class=\"special-heading-border\"><div class=\"special-heading-inner-border\"><\/div><\/div><\/div><\/div><div class='av-flex-placeholder'><\/div>\n<style type=\"text\/css\" data-created_by=\"avia_inline_auto\" id=\"style-css-av-wj9g4q-91c6070193546ccd9fae40a5c3c7baf1\">\n.flex_column.av-wj9g4q-91c6070193546ccd9fae40a5c3c7baf1{\nborder-radius:0px 0px 0px 0px;\npadding:0px 0px 0px 0px;\n}\n<\/style>\n<div  class='flex_column av-wj9g4q-91c6070193546ccd9fae40a5c3c7baf1 av_one_third  avia-builder-el-7  el_after_av_two_third  avia-builder-el-last  flex_column_table_cell av-equal-height-column av-align-middle av-zero-column-padding'     ><div  class='avia-button-wrap avia-button-center  avia-builder-el-8  avia-builder-el-no-sibling'>\n<style type=\"text\/css\" data-created_by=\"avia_inline_auto\" id=\"style-css-av-tygm2i-f882ac52bf2bcd388fca01c556386410\">\n#top #wrap_all .avia-button.av-tygm2i-f882ac52bf2bcd388fca01c556386410{\nbackground-color:#ffffff;\nborder-color:#ffffff;\ntransition:all 0.4s ease-in-out;\n}\n#top #wrap_all .avia-button.av-tygm2i-f882ac52bf2bcd388fca01c556386410:hover{\nbackground-color:#c2d9f9;\ncolor:white;\ntransition:all 0.4s ease-in-out;\n}\n<\/style>\n<a href='https:\/\/baghouse.com\/es\/contact\/' class='avia-font-color-theme-color avia-button avia-button-fullwidth av-tygm2i-f882ac52bf2bcd388fca01c556386410 avia-icon_select-no avia-color-custom'   aria-label=\"&lt;strong&gt;CONT&Aacute;CTENOS&lt;\/strong&gt;\"><span class='avia_iconbox_title' ><strong>CONT\u00c1CTENOS<\/strong><\/span><\/a><\/div><\/div><\/div><!--close column table wrapper. Autoclose: 1 -->\n\n<\/div><\/div><\/div><!-- close content main div --><\/div><\/div><\/div><div id='av_section_4'  class='avia-section av-ti2c2i-c2b9302b05e3e066d26aac374028dc53 main_color avia-section-default avia-no-border-styling  avia-builder-el-9  el_after_av_section  avia-builder-el-last  avia-bg-style-scroll container_wrap sidebar_right'  ><div class='container av-section-cont-open' ><div class='template-page content  av-content-small alpha units'><div class='post-entry post-entry-type-page post-entry-1146'><div class='entry-content-wrapper clearfix'>\n\n<style type=\"text\/css\" data-created_by=\"avia_inline_auto\" id=\"style-css-av-rittje-100e40310dfc17d10e246b43eb22231f\">\n.flex_column.av-rittje-100e40310dfc17d10e246b43eb22231f{\nborder-radius:0px 0px 0px 0px;\npadding:0px 0px 0px 0px;\n}\n<\/style>\n<div  class='flex_column av-rittje-100e40310dfc17d10e246b43eb22231f av_one_half  avia-builder-el-10  el_before_av_hr  avia-builder-el-first  first flex_column_div av-zero-column-padding'     ><section  class='av_textblock_section av-p7ma16-d3283640508c5373cd477ab31cd5921a'   itemscope=\"itemscope\" itemtype=\"https:\/\/schema.org\/CreativeWork\" ><div class='avia_textblock'  itemprop=\"text\" ><p>Baghouse.com tiene todo lo necesario para construir su sistema completo de recolecci\u00f3n de polvo. Con nuestra amplia gama de productos, podr\u00e1 obtener todos sus suministros en solo lugar, ahorr\u00e1ndole tiempo y dinero.<\/p>\n<p>Consulte m\u00e1s informaci\u00f3n sobre nuestros diferentes productos.<\/p>\n<\/div><\/section><\/div>\n<style type=\"text\/css\" data-created_by=\"avia_inline_auto\" id=\"style-css-av-opazgq-3b1aa32bd5f4535fab9b8224073246a2\">\n#top .hr.hr-invisible.av-opazgq-3b1aa32bd5f4535fab9b8224073246a2{\nheight:35px;\n}\n<\/style>\n<div  class='hr av-opazgq-3b1aa32bd5f4535fab9b8224073246a2 hr-invisible  avia-builder-el-12  el_after_av_one_half  el_before_av_one_half'><span class='hr-inner'><span class=\"hr-inner-style\"><\/span><\/span><\/div>\n\n<style type=\"text\/css\" data-created_by=\"avia_inline_auto\" id=\"style-css-av-mdpiey-15e0ea5638f5bde4c0bcfb8f7487270c\">\n.flex_column.av-mdpiey-15e0ea5638f5bde4c0bcfb8f7487270c{\nborder-radius:0px 0px 0px 0px;\npadding:0px 0px 0px 0px;\n}\n<\/style>\n<div  class='flex_column av-mdpiey-15e0ea5638f5bde4c0bcfb8f7487270c av_one_half  avia-builder-el-13  el_after_av_hr  el_before_av_one_half  first flex_column_div av-zero-column-padding'     ><p>\n<style type=\"text\/css\" data-created_by=\"avia_inline_auto\" id=\"style-css-av-k8wt3e-0017de668da4855e65192c26fc54a75c\">\n#top .av-special-heading.av-k8wt3e-0017de668da4855e65192c26fc54a75c{\npadding-bottom:10px;\nfont-size:45px;\n}\nbody .av-special-heading.av-k8wt3e-0017de668da4855e65192c26fc54a75c .av-special-heading-tag .heading-char{\nfont-size:25px;\n}\n#top #wrap_all .av-special-heading.av-k8wt3e-0017de668da4855e65192c26fc54a75c .av-special-heading-tag{\nfont-size:45px;\n}\n.av-special-heading.av-k8wt3e-0017de668da4855e65192c26fc54a75c .av-subheading{\nfont-size:18px;\n}\n\n@media only screen and (min-width: 480px) and (max-width: 767px){ \n#top #wrap_all .av-special-heading.av-k8wt3e-0017de668da4855e65192c26fc54a75c .av-special-heading-tag{\nfont-size:0.8em;\n}\n}\n\n@media only screen and (max-width: 479px){ \n#top #wrap_all .av-special-heading.av-k8wt3e-0017de668da4855e65192c26fc54a75c .av-special-heading-tag{\nfont-size:0.8em;\n}\n}\n<\/style>\n<div  class='av-special-heading av-k8wt3e-0017de668da4855e65192c26fc54a75c av-special-heading-h3 blockquote modern-quote  avia-builder-el-14  el_before_av_textblock  avia-builder-el-first  av-inherit-size av-linked-heading'><h3 class='av-special-heading-tag'  itemprop=\"headline\"  ><b>|<\/b> <a href=\"\/es\/dust-collection-systems\/\">Recolectores de polvo<\/a><\/h3><div class=\"special-heading-border\"><div class=\"special-heading-inner-border\"><\/div><\/div><\/div><br \/>\n<section  class='av_textblock_section av-jouaai-2af985ac0908f3f7b69e2ab5ba7a2f90'   itemscope=\"itemscope\" itemtype=\"https:\/\/schema.org\/CreativeWork\" ><div class='avia_textblock'  itemprop=\"text\" ><ul>\n<li><a href=\"https:\/\/baghouse.com\/es\/products\/dust-collection-systems\/what-kind-of-dust-collector-is-right-for-me\/\">\u00bfQu\u00e9 tipo de recolector de polvo necesito?<\/a><\/li>\n<li><a title=\"Nuestros\" href=\"https:\/\/baghouse.com\/es\/products\/dust-collection-systems\/baghouses\/\">Nuestros<\/a><\/li>\n<li><a title=\"Filtros con pliegues\" href=\"https:\/\/baghouse.com\/es\/products\/dust-collector-filters\/pleated-filters\/\">Recolectores con filtro plisado o de pliegues<\/a><\/li>\n<li><a title=\"Colectores con cartuchos\" href=\"https:\/\/baghouse.com\/es\/products\/dust-collection-systems\/cartridge-collectors\/\">Colectores con cartuchos<\/a><\/li>\n<li><a title=\"Recolectores estilo cicl\u00f3n\" href=\"https:\/\/baghouse.com\/es\/products\/dust-collection-systems\/cyclone-collectors\/\">Recolectores estilo cicl\u00f3n<\/a><\/li>\n<\/ul>\n<\/div><\/section><br \/>\n\n<style type=\"text\/css\" data-created_by=\"avia_inline_auto\" id=\"style-css-av-hcedka-a1e31d95083be3d75481973834fe1e92\">\n#top .av-special-heading.av-hcedka-a1e31d95083be3d75481973834fe1e92{\npadding-bottom:10px;\nfont-size:45px;\n}\nbody .av-special-heading.av-hcedka-a1e31d95083be3d75481973834fe1e92 .av-special-heading-tag .heading-char{\nfont-size:25px;\n}\n#top #wrap_all .av-special-heading.av-hcedka-a1e31d95083be3d75481973834fe1e92 .av-special-heading-tag{\nfont-size:45px;\n}\n.av-special-heading.av-hcedka-a1e31d95083be3d75481973834fe1e92 .av-subheading{\nfont-size:18px;\n}\n\n@media only screen and (min-width: 480px) and (max-width: 767px){ \n#top #wrap_all .av-special-heading.av-hcedka-a1e31d95083be3d75481973834fe1e92 .av-special-heading-tag{\nfont-size:0.8em;\n}\n}\n\n@media only screen and (max-width: 479px){ \n#top #wrap_all .av-special-heading.av-hcedka-a1e31d95083be3d75481973834fe1e92 .av-special-heading-tag{\nfont-size:0.8em;\n}\n}\n<\/style>\n<div  class='av-special-heading av-hcedka-a1e31d95083be3d75481973834fe1e92 av-special-heading-h3 blockquote modern-quote  avia-builder-el-16  el_after_av_textblock  el_before_av_textblock  av-inherit-size av-linked-heading'><h3 class='av-special-heading-tag'  itemprop=\"headline\"  ><b>|<\/b> <a href=\"\/es\/dust-collector-filters\/\">Filtros para colectores de polvo<\/a><\/h3><div class=\"special-heading-border\"><div class=\"special-heading-inner-border\"><\/div><\/div><\/div><br \/>\n<section  class='av_textblock_section av-f4ondm-8e2a79ecff96af87097450208edd657e'   itemscope=\"itemscope\" itemtype=\"https:\/\/schema.org\/CreativeWork\" ><div class='avia_textblock'  itemprop=\"text\" ><ul>\n<li><a href=\"https:\/\/baghouse.com\/es\/products\/baghouse-filters\/\">Filtros de manga o bolsa<\/a><\/li>\n<li><a href=\"https:\/\/baghouse.com\/es\/products\/baghouse-filters\/pleated-filters\/\">Filtros con pliegues<\/a><\/li>\n<li><a href=\"https:\/\/baghouse.com\/es\/products\/baghouse-filters\/cartridge-filters\/\">Filtros de cartucho<\/a><\/li>\n<li><a href=\"https:\/\/baghouse.com\/es\/products\/dust-collector-filter-cages\/\">Jaulas<\/a><\/li>\n<li><a href=\"https:\/\/baghouse.com\/es\/products\/baghouse-filters\/filter-hardware\/\">Componentes para filtros (para colectores de aire inverso)<\/a><\/li>\n<\/ul>\n<\/div><\/section><br \/>\n\n<style type=\"text\/css\" data-created_by=\"avia_inline_auto\" id=\"style-css-av-ma7jhf0u-ccc6193528f219eac7048e540bf5ccf9\">\n#top .av-special-heading.av-ma7jhf0u-ccc6193528f219eac7048e540bf5ccf9{\npadding-bottom:10px;\nfont-size:45px;\n}\nbody .av-special-heading.av-ma7jhf0u-ccc6193528f219eac7048e540bf5ccf9 .av-special-heading-tag .heading-char{\nfont-size:25px;\n}\n#top #wrap_all .av-special-heading.av-ma7jhf0u-ccc6193528f219eac7048e540bf5ccf9 .av-special-heading-tag{\nfont-size:45px;\n}\n.av-special-heading.av-ma7jhf0u-ccc6193528f219eac7048e540bf5ccf9 .av-subheading{\nfont-size:18px;\n}\n\n@media only screen and (min-width: 480px) and (max-width: 767px){ \n#top #wrap_all .av-special-heading.av-ma7jhf0u-ccc6193528f219eac7048e540bf5ccf9 .av-special-heading-tag{\nfont-size:0.8em;\n}\n}\n\n@media only screen and (max-width: 479px){ \n#top #wrap_all .av-special-heading.av-ma7jhf0u-ccc6193528f219eac7048e540bf5ccf9 .av-special-heading-tag{\nfont-size:0.8em;\n}\n}\n<\/style>\n<div  class='av-special-heading av-ma7jhf0u-ccc6193528f219eac7048e540bf5ccf9 av-special-heading-h3 blockquote modern-quote  avia-builder-el-18  el_after_av_textblock  el_before_av_textblock  av-inherit-size av-linked-heading'><h3 class='av-special-heading-tag'  itemprop=\"headline\"  ><b>|<\/b> <a href=\"\/es\/precoat_powder\/\">Precoat Powders<\/a><\/h3><div class=\"special-heading-border\"><div class=\"special-heading-inner-border\"><\/div><\/div><\/div><br \/>\n<section  class='av_textblock_section av-ma7jj099-8c84e20a7b8d9c2bdb54d464160b450d'   itemscope=\"itemscope\" itemtype=\"https:\/\/schema.org\/CreativeWork\" ><div class='avia_textblock'  itemprop=\"text\" ><ul>\n<li><a href=\"https:\/\/baghouse.com\/es\/producto\/precoat-powder\/\">Polvo precapa<\/a><\/li>\n<\/ul>\n<\/div><\/section><\/p><\/div>\n<style type=\"text\/css\" data-created_by=\"avia_inline_auto\" id=\"style-css-av-1dqd1m-1370f27bae65f32116146a4e7b04dddf\">\n.flex_column.av-1dqd1m-1370f27bae65f32116146a4e7b04dddf{\nborder-radius:0px 0px 0px 0px;\npadding:0px 0px 0px 0px;\n}\n<\/style>\n<div  class='flex_column av-1dqd1m-1370f27bae65f32116146a4e7b04dddf av_one_half  avia-builder-el-20  el_after_av_one_half  avia-builder-el-last  flex_column_div av-zero-column-padding'     ><p>\n<style type=\"text\/css\" data-created_by=\"avia_inline_auto\" id=\"style-css-av-cd0opm-d54e4aab0b3a4f0273a23b2b1b422d9d\">\n#top .av-special-heading.av-cd0opm-d54e4aab0b3a4f0273a23b2b1b422d9d{\npadding-bottom:10px;\nfont-size:45px;\n}\nbody .av-special-heading.av-cd0opm-d54e4aab0b3a4f0273a23b2b1b422d9d .av-special-heading-tag .heading-char{\nfont-size:25px;\n}\n#top #wrap_all .av-special-heading.av-cd0opm-d54e4aab0b3a4f0273a23b2b1b422d9d .av-special-heading-tag{\nfont-size:45px;\n}\n.av-special-heading.av-cd0opm-d54e4aab0b3a4f0273a23b2b1b422d9d .av-subheading{\nfont-size:18px;\n}\n\n@media only screen and (min-width: 480px) and (max-width: 767px){ \n#top #wrap_all .av-special-heading.av-cd0opm-d54e4aab0b3a4f0273a23b2b1b422d9d .av-special-heading-tag{\nfont-size:0.8em;\n}\n}\n\n@media only screen and (max-width: 479px){ \n#top #wrap_all .av-special-heading.av-cd0opm-d54e4aab0b3a4f0273a23b2b1b422d9d .av-special-heading-tag{\nfont-size:0.8em;\n}\n}\n<\/style>\n<div  class='av-special-heading av-cd0opm-d54e4aab0b3a4f0273a23b2b1b422d9d av-special-heading-h3 blockquote modern-quote  avia-builder-el-21  el_before_av_textblock  avia-builder-el-first  av-inherit-size av-linked-heading'><h3 class='av-special-heading-tag'  itemprop=\"headline\"  ><b>|<\/b> <a href=\"\/es\/baghouse-accessories\/\">Accesorios y repuestos<\/a><\/h3><div class=\"special-heading-border\"><div class=\"special-heading-inner-border\"><\/div><\/div><\/div><br \/>\n<section  class='av_textblock_section av-asr0bu-5ec69b19c5d4f0f59b91830ce08a7336'   itemscope=\"itemscope\" itemtype=\"https:\/\/schema.org\/CreativeWork\" ><div class='avia_textblock'  itemprop=\"text\" ><ul>\n<li><a href=\"https:\/\/baghouse.com\/es\/products\/baghouse-accessories\/solenoid-valves\/\">V\u00e1lvulas solenoides<\/a><\/li>\n<li><a href=\"https:\/\/baghouse.com\/es\/products\/baghouse-accessories\/pressure-gauges\/\">Man\u00f3metros<\/a><\/li>\n<li><a href=\"https:\/\/baghouse.com\/es\/products\/baghouse-accessories\/timer-boards\/\">Controlador de temporizador<\/a><\/li>\n<li><a href=\"https:\/\/baghouse.com\/es\/products\/baghouse-accessories\/air-locks\/\">V\u00e1lvulas de descarga (Airlock)<\/a><\/li>\n<li><a href=\"https:\/\/baghouse.com\/es\/products\/baghouse-accessories\/diaphragm-valves\/\">V\u00e1lvula de diafragma<\/a><\/li>\n<li><a href=\"https:\/\/baghouse.com\/es\/products\/baghouse-accessories\/tensioning-tools\/\">Herramientas de tensi\u00f3n<\/a><\/li>\n<li><a href=\"https:\/\/baghouse.com\/es\/products\/baghouse-accessories\/sonic-horns\/\">Removedores de polvo s\u00f3nicos<\/a><\/li>\n<li><a href=\"https:\/\/baghouse.com\/es\/products\/baghouse-accessories\/explosion-vents\/\">V\u00e1lvulas para explosi\u00f3n<\/a><\/li>\n<li><a href=\"https:\/\/baghouse.com\/es\/products\/baghouse-accessories\/fire-suppression\/\">Sistema extinguidor de fuego<\/a><\/li>\n<\/ul>\n<\/div><\/section><br \/>\n\n<style type=\"text\/css\" data-created_by=\"avia_inline_auto\" id=\"style-css-av-93d7uy-93848937203a7cf549e1dbfe3f1e1b52\">\n#top .av-special-heading.av-93d7uy-93848937203a7cf549e1dbfe3f1e1b52{\npadding-bottom:10px;\nfont-size:45px;\n}\nbody .av-special-heading.av-93d7uy-93848937203a7cf549e1dbfe3f1e1b52 .av-special-heading-tag .heading-char{\nfont-size:25px;\n}\n#top #wrap_all .av-special-heading.av-93d7uy-93848937203a7cf549e1dbfe3f1e1b52 .av-special-heading-tag{\nfont-size:45px;\n}\n.av-special-heading.av-93d7uy-93848937203a7cf549e1dbfe3f1e1b52 .av-subheading{\nfont-size:18px;\n}\n\n@media only screen and (min-width: 480px) and (max-width: 767px){ \n#top #wrap_all .av-special-heading.av-93d7uy-93848937203a7cf549e1dbfe3f1e1b52 .av-special-heading-tag{\nfont-size:0.8em;\n}\n}\n\n@media only screen and (max-width: 479px){ \n#top #wrap_all .av-special-heading.av-93d7uy-93848937203a7cf549e1dbfe3f1e1b52 .av-special-heading-tag{\nfont-size:0.8em;\n}\n}\n<\/style>\n<div  class='av-special-heading av-93d7uy-93848937203a7cf549e1dbfe3f1e1b52 av-special-heading-h3 blockquote modern-quote  avia-builder-el-23  el_after_av_textblock  el_before_av_textblock  av-inherit-size av-linked-heading'><h3 class='av-special-heading-tag'  itemprop=\"headline\"  ><b>|<\/b> <a href=\"\/es\/leak-test-powder\/\">Detecci\u00f3n de fugas<\/a><\/h3><div class=\"special-heading-border\"><div class=\"special-heading-inner-border\"><\/div><\/div><\/div><br \/>\n<section  class='av_textblock_section av-7jq9dm-790e7319b25d9225fae2325748cf0f94'   itemscope=\"itemscope\" itemtype=\"https:\/\/schema.org\/CreativeWork\" ><div class='avia_textblock'  itemprop=\"text\" ><ul>\n<li><a href=\"https:\/\/baghouse.com\/es\/products\/leak-test-powder\/\">Polvo para prueba de fugas<\/a><\/li>\n<\/ul>\n<\/div><\/section><\/p><\/div><\/div><\/div><\/div><!-- close content main div --><\/div><\/div><div id='after_section_4'  class='main_color av_default_container_wrap container_wrap sidebar_right'  ><div class='container av-section-cont-open' ><div class='template-page content  av-content-small alpha units'><div class='post-entry post-entry-type-page post-entry-1146'><div class='entry-content-wrapper clearfix'>","protected":false},"excerpt":{"rendered":"","protected":false},"author":1,"featured_media":0,"parent":0,"menu_order":0,"comment_status":"closed","ping_status":"closed","template":"","meta":{"_acf_changed":false,"footnotes":""},"class_list":["post-1146","page","type-page","status-publish","hentry"],"acf":[],"_links":{"self":[{"href":"https:\/\/baghouse.com\/es\/wp-json\/wp\/v2\/pages\/1146","targetHints":{"allow":["GET"]}}],"collection":[{"href":"https:\/\/baghouse.com\/es\/wp-json\/wp\/v2\/pages"}],"about":[{"href":"https:\/\/baghouse.com\/es\/wp-json\/wp\/v2\/types\/page"}],"author":[{"embeddable":true,"href":"https:\/\/baghouse.com\/es\/wp-json\/wp\/v2\/users\/1"}],"replies":[{"embeddable":true,"href":"https:\/\/baghouse.com\/es\/wp-json\/wp\/v2\/comments?post=1146"}],"version-history":[{"count":2,"href":"https:\/\/baghouse.com\/es\/wp-json\/wp\/v2\/pages\/1146\/revisions"}],"predecessor-version":[{"id":29919,"href":"https:\/\/baghouse.com\/es\/wp-json\/wp\/v2\/pages\/1146\/revisions\/29919"}],"wp:attachment":[{"href":"https:\/\/baghouse.com\/es\/wp-json\/wp\/v2\/media?parent=1146"}],"curies":[{"name":"wp","href":"https:\/\/api.w.org\/{rel}","templated":true}]}}