{"id":43,"date":"2010-12-29T10:21:58","date_gmt":"2010-12-29T15:21:58","guid":{"rendered":"http:\/\/www.baghouse.com\/wordpress"},"modified":"2018-06-18T23:08:25","modified_gmt":"2018-06-18T23:08:25","slug":"the-baghouse-com-brand-advantage","status":"publish","type":"page","link":"http:\/\/baghouse.com\/es\/about\/the-baghouse-com-brand-advantage\/","title":{"rendered":"Las ventajas de trabajar con Baghouse.com"},"content":{"rendered":"<style type=\"text\/css\" data-created_by=\"avia_inline_auto\" id=\"style-css-av-av_section-8bb381a2d58119afd11e036063d0be4d\">\n.avia-section.av-av_section-8bb381a2d58119afd11e036063d0be4d{\nbackground-repeat:no-repeat;\nbackground-image:url(https:\/\/baghouse.com\/wp-content\/uploads\/2018\/03\/baghouse-bg.jpg);\nbackground-position:50% 50%;\nbackground-attachment:scroll;\n}\n.avia-section.av-av_section-8bb381a2d58119afd11e036063d0be4d .av-section-color-overlay{\nopacity:0.6;\nbackground-color:#000000;\n}\n<\/style>\n<div id='av_section_1'  class='avia-section av-av_section-8bb381a2d58119afd11e036063d0be4d main_color avia-section-huge avia-no-border-styling  avia-builder-el-0  el_before_av_section  avia-builder-el-first  avia-full-stretch avia-bg-style-scroll av-section-color-overlay-active av-minimum-height av-minimum-height-custom av-height-custom  container_wrap sidebar_right'  data-section-bg-repeat='stretch' data-av_minimum_height_px='400'><div class=\"av-section-color-overlay-wrap\"><div class=\"av-section-color-overlay\"><\/div><div class='container av-section-cont-open' style='height:400px'><main  role=\"main\" itemprop=\"mainContentOfPage\"  class='template-page content  av-content-small alpha units'><div class='post-entry post-entry-type-page post-entry-43'><div class='entry-content-wrapper clearfix'>\n\n<style type=\"text\/css\" data-created_by=\"avia_inline_auto\" id=\"style-css-av-av_heading-0195480cd2d3aaa8a76f3b3f5731bf7d\">\n#top .av-special-heading.av-av_heading-0195480cd2d3aaa8a76f3b3f5731bf7d{\npadding-bottom:50px;\ncolor:#ffffff;\nfont-size:80px;\n}\nbody .av-special-heading.av-av_heading-0195480cd2d3aaa8a76f3b3f5731bf7d .av-special-heading-tag .heading-char{\nfont-size:25px;\n}\n#top #wrap_all .av-special-heading.av-av_heading-0195480cd2d3aaa8a76f3b3f5731bf7d .av-special-heading-tag{\nfont-size:80px;\n}\n.av-special-heading.av-av_heading-0195480cd2d3aaa8a76f3b3f5731bf7d .special-heading-inner-border{\nborder-color:#ffffff;\n}\n.av-special-heading.av-av_heading-0195480cd2d3aaa8a76f3b3f5731bf7d .av-subheading{\nfont-size:15px;\n}\n\n@media only screen and (min-width: 480px) and (max-width: 767px){ \n#top #wrap_all .av-special-heading.av-av_heading-0195480cd2d3aaa8a76f3b3f5731bf7d .av-special-heading-tag{\nfont-size:0.8em;\n}\n}\n\n@media only screen and (max-width: 479px){ \n#top #wrap_all .av-special-heading.av-av_heading-0195480cd2d3aaa8a76f3b3f5731bf7d .av-special-heading-tag{\nfont-size:0.8em;\n}\n}\n<\/style>\n<div  class='av-special-heading av-av_heading-0195480cd2d3aaa8a76f3b3f5731bf7d av-special-heading-h1 custom-color-heading blockquote modern-quote  avia-builder-el-1  avia-builder-el-no-sibling  av-inherit-size'><h1 class='av-special-heading-tag'  itemprop=\"headline\"  >Las ventajas de trabajar con Baghouse.com<\/h1><div class=\"special-heading-border\"><div class=\"special-heading-inner-border\"><\/div><\/div><\/div>\n\n<\/div><\/div><\/main><!-- close content main element --><\/div><\/div><\/div><div id='av_section_2'  class='avia-section av-av_section-eb89abc38228390982ab77a91969e9e7 main_color avia-section-default avia-no-border-styling  avia-builder-el-2  el_after_av_section  el_before_av_section  avia-bg-style-scroll container_wrap sidebar_right'  ><div class='container av-section-cont-open' ><div class='template-page content  av-content-small alpha units'><div class='post-entry post-entry-type-page post-entry-43'><div class='entry-content-wrapper clearfix'>\n\n<style type=\"text\/css\" data-created_by=\"avia_inline_auto\" id=\"style-css-av-av_three_fifth-15d750bd1b332b34c6e70b077ebbccdf\">\n.flex_column.av-av_three_fifth-15d750bd1b332b34c6e70b077ebbccdf{\nborder-radius:0px 0px 0px 0px;\npadding:0px 0px 0px 0px;\n}\n<\/style>\n<div  class='flex_column av-av_three_fifth-15d750bd1b332b34c6e70b077ebbccdf av_three_fifth  avia-builder-el-3  el_before_av_two_fifth  avia-builder-el-first  first flex_column_div av-zero-column-padding'     ><p>\n<style type=\"text\/css\" data-created_by=\"avia_inline_auto\" id=\"style-css-av-av_heading-f17e2f56b81151c858ea8a4f67d734b4\">\n#top .av-special-heading.av-av_heading-f17e2f56b81151c858ea8a4f67d734b4{\npadding-bottom:25px;\n}\nbody .av-special-heading.av-av_heading-f17e2f56b81151c858ea8a4f67d734b4 .av-special-heading-tag .heading-char{\nfont-size:25px;\n}\n.av-special-heading.av-av_heading-f17e2f56b81151c858ea8a4f67d734b4 .av-subheading{\nfont-size:15px;\n}\n<\/style>\n<div  class='av-special-heading av-av_heading-f17e2f56b81151c858ea8a4f67d734b4 av-special-heading-h2  avia-builder-el-4  el_before_av_textblock  avia-builder-el-first'><h2 class='av-special-heading-tag'  itemprop=\"headline\"  >\u00bfQu\u00e9 hace que los colectores de polvo de Baghouse.com sean superiores a la competencia?<\/h2><div class=\"special-heading-border\"><div class=\"special-heading-inner-border\"><\/div><\/div><\/div><br \/>\n<section  class='av_textblock_section av-av_textblock-2de302bf1aa3cf4c9157dbe6f50ac7eb'   itemscope=\"itemscope\" itemtype=\"https:\/\/schema.org\/CreativeWork\" ><div class='avia_textblock'  itemprop=\"text\" ><p><em><strong>Los construimos<\/strong><\/em>. <a href=\"http:\/\/baghouse.com\/es\/products\/dust-collection-systems\/\"><strong><em>mejor.<\/em> <\/strong><\/a>includes many standard value-added features such as larger inlet diffusers to prevent hopper turbulence, re-entrainment and facilitate material drop-out. An expanded quiescent free-board zone between the inlet and the bottom of the filter bags to reduce unnecessary dust load, filter abrasion and interstitial velocity while further enhancing material drop-out.\u00a0 And a \u201cclean-on-demand\u201d control system complete with integral pressure switches &amp; gauges to initiate the cleaning cycle as required, based on operating differential pressure. This reduces cleaning frequency, compressed air consumption and excess wear to the filters. These are just some of the standard features we include in each Dust Collector we design. All of which help to extend filter life and reduce operating cost.<\/p>\n<p><em><strong>Utilizamos tecnolog\u00eda de vanguardia.<\/strong><\/em> Los colectores de polvo de Baghouse.com est\u00e1n dise\u00f1ados pensando en tu presupuesto. Desarrollados con experiencia, nuestras unidades te ofrecer\u00e1n la tecnolog\u00eda m\u00e1s eficiente a un precio inigualable. Con un bajo precio de compra inicial, mayor vida \u00fatil de los filtros y reducci\u00f3n de costos operativos, los colectores de polvo de la marca Baghouse.com son la mejor opci\u00f3n para tu pr\u00f3ximo proyecto.<\/p>\n<\/div><\/section><br \/>\n\n<style type=\"text\/css\" data-created_by=\"avia_inline_auto\" id=\"style-css-av-av_heading-7dd4065b72f45f38424113bdd3197103\">\n#top .av-special-heading.av-av_heading-7dd4065b72f45f38424113bdd3197103{\npadding-bottom:10px;\n}\nbody .av-special-heading.av-av_heading-7dd4065b72f45f38424113bdd3197103 .av-special-heading-tag .heading-char{\nfont-size:25px;\n}\n.av-special-heading.av-av_heading-7dd4065b72f45f38424113bdd3197103 .av-subheading{\nfont-size:15px;\n}\n<\/style>\n<div  class='av-special-heading av-av_heading-7dd4065b72f45f38424113bdd3197103 av-special-heading-h3 blockquote modern-quote  avia-builder-el-6  el_after_av_textblock  el_before_av_textblock'><h3 class='av-special-heading-tag'  itemprop=\"headline\"  >D\u00e9cadas de experiencia solucionando problemas complejos de ingenier\u00eda<\/h3><div class=\"special-heading-border\"><div class=\"special-heading-inner-border\"><\/div><\/div><\/div><br \/>\n<section  class='av_textblock_section av-av_textblock-2de302bf1aa3cf4c9157dbe6f50ac7eb'   itemscope=\"itemscope\" itemtype=\"https:\/\/schema.org\/CreativeWork\" ><div class='avia_textblock'  itemprop=\"text\" ><p>Baghouse.com ha dise\u00f1ado sistemas de recolecci\u00f3n de polvo durante cuatro d\u00e9cadas, lo cual nos da una ventaja sobre nuestros competidores. \nLos colectores de polvo pueden parecer simples a la hora de construirlos, pero nosotros sabemos que no es as\u00ed. Entendemos mejor que nadie las complejidades involucradas en el dise\u00f1o e instalaci\u00f3n de un sistema de recolecci\u00f3n de polvo. Solo con a\u00f1os de experiencia pr\u00e1ctica en esta industria, superando todos los problemas de ingenier\u00eda asociados con estos sistemas, una empresa puede aprender c\u00f3mo anticiparlos y superarlos.<\/p>\n<\/div><\/section><br \/>\n<div  class='tabcontainer av-av_tab_container-cdfb33d025ccce82e3bec7780d128c1e sidebar_tab sidebar_tab_left  avia-builder-el-8  el_after_av_textblock  el_before_av_textblock  border_tabs'>\n<section class='av_tab_section av_tab_section av-av_tab-910a4c75215f863e83d16fcddd44fbfa'  itemscope=\"itemscope\" itemtype=\"https:\/\/schema.org\/CreativeWork\" ><div id='tab-id-1-tab' class='tab active_tab' role='tab' aria-selected=\"true\" tabindex=\"0\" data-fake-id='#tab-id-1' aria-controls='tab-id-1-content'  itemprop=\"headline\" ><span class='tab_icon' aria-hidden='true' data-av_icon='\ue864' data-av_iconfont='entypo-fontello'><\/span>Primera etapa<\/div><div id='tab-id-1-content' class='tab_content active_tab_content' role='tabpanel' aria-labelledby='tab-id-1-tab' aria-hidden=\"false\"><div class='tab_inner_content invers-color'  itemprop=\"text\" ><p>Comenzamos trabajando contigo para determinar exactamente cu\u00e1les son tus necesidades de recolecci\u00f3n de polvo, las caracter\u00edsticas del polvo, el flujo de aire, la temperatura, la toxicidad, los m\u00e9todos de eliminaci\u00f3n de polvo, etc.<\/p>\n<\/div><\/div><\/section>\n<section class='av_tab_section av_tab_section av-av_tab-5229fe9e8dc5b418d78c11bf322841df'  itemscope=\"itemscope\" itemtype=\"https:\/\/schema.org\/CreativeWork\" ><div id='tab-id-2-tab' class='tab' role='tab' aria-selected=\"false\" tabindex=\"0\" data-fake-id='#tab-id-2' aria-controls='tab-id-2-content'  itemprop=\"headline\" ><span class='tab_icon' aria-hidden='true' data-av_icon='\ue836' data-av_iconfont='entypo-fontello'><\/span>Segunda etapa<\/div><div id='tab-id-2-content' class='tab_content' role='tabpanel' aria-labelledby='tab-id-2-tab' aria-hidden=\"true\"><div class='tab_inner_content invers-color'  itemprop=\"text\" ><p>Nuestros ingenieros comienzan a desarrollar las mejores soluciones para satisfacer sus necesidades. Esto incluye determinar el tipo y tama\u00f1o del\/los colector(es), la red y dise\u00f1o de conductos, el material de los filtros y tratamientos y el dise\u00f1o general del sistema.<\/p>\n<\/div><\/div><\/section>\n<section class='av_tab_section av_tab_section av-av_tab-ab48d8b749593c4691b0f2ebb5e3bd1d'  itemscope=\"itemscope\" itemtype=\"https:\/\/schema.org\/CreativeWork\" ><div id='tab-id-3-tab' class='tab' role='tab' aria-selected=\"false\" tabindex=\"0\" data-fake-id='#tab-id-3' aria-controls='tab-id-3-content'  itemprop=\"headline\" ><span class='tab_icon' aria-hidden='true' data-av_icon='\ue81e' data-av_iconfont='entypo-fontello'><\/span>Tercera etapa<\/div><div id='tab-id-3-content' class='tab_content' role='tabpanel' aria-labelledby='tab-id-3-tab' aria-hidden=\"true\"><div class='tab_inner_content invers-color'  itemprop=\"text\" ><p>Adem\u00e1s, explicamos qu\u00e9 soluci\u00f3n se adapta mejor a su aplicaci\u00f3n en particular, siempre intentando cuidar su presupuesto y que el projecto sea rentable para usted.<\/p>\n<\/div><\/div><\/section>\n<section class='av_tab_section av_tab_section av-av_tab-2429ca7fbf1be7bee9d8963e527eff3a'  itemscope=\"itemscope\" itemtype=\"https:\/\/schema.org\/CreativeWork\" ><div id='tab-id-4-tab' class='tab' role='tab' aria-selected=\"false\" tabindex=\"0\" data-fake-id='#tab-id-4' aria-controls='tab-id-4-content'  itemprop=\"headline\" ><span class='tab_icon' aria-hidden='true' data-av_icon='\ue84b' data-av_iconfont='entypo-fontello'><\/span>Cuarta etapa<\/div><div id='tab-id-4-content' class='tab_content' role='tabpanel' aria-labelledby='tab-id-4-tab' aria-hidden=\"true\"><div class='tab_inner_content invers-color'  itemprop=\"text\" ><p>Por \u00faltimo, le presentamos un plan detallado para su aprobaci\u00f3n inicial. Luego de ponernos de acuerdo en los detalles y ajustes preeliminares, trabajamos en las especificaciones finales antes de la aprobaci\u00f3n definitiva.<\/p>\n<\/div><\/div><\/section>\n<\/div><br \/>\n<section  class='av_textblock_section av-av_textblock-2de302bf1aa3cf4c9157dbe6f50ac7eb'   itemscope=\"itemscope\" itemtype=\"https:\/\/schema.org\/CreativeWork\" ><div class='avia_textblock'  itemprop=\"text\" ><h3>Para obtener m\u00e1s detalles sobre c\u00f3mo los colectores de polvo de Baghouse.com pueden ayudarle a ahorrar dinero...\u00a0<a href=\"http:\/\/baghouse.com\/es\/contact\/\">Cont\u00e1ctenos<\/a>\u00a0hoy!<\/h3>\n<\/div><\/section><\/p><\/div>\n<style type=\"text\/css\" data-created_by=\"avia_inline_auto\" id=\"style-css-av-av_two_fifth-c8fc129dc35fd1ae2a1e410224d39ea8\">\n.flex_column.av-av_two_fifth-c8fc129dc35fd1ae2a1e410224d39ea8{\nborder-radius:0px 0px 0px 0px;\npadding:0px 0px 0px 0px;\n}\n<\/style>\n<div  class='flex_column av-av_two_fifth-c8fc129dc35fd1ae2a1e410224d39ea8 av_two_fifth  avia-builder-el-10  el_after_av_three_fifth  avia-builder-el-last  flex_column_div av-zero-column-padding'     ><p>\n<style type=\"text\/css\" data-created_by=\"avia_inline_auto\" id=\"style-css-av-av_image-65c16a80a954ad1c717c0cf8885f66eb\">\n.avia-image-container.av-av_image-65c16a80a954ad1c717c0cf8885f66eb img.avia_image{\nbox-shadow:none;\n}\n.avia-image-container.av-av_image-65c16a80a954ad1c717c0cf8885f66eb .av-image-caption-overlay-center{\ncolor:#ffffff;\n}\n<\/style>\n<div  class='avia-image-container av-av_image-65c16a80a954ad1c717c0cf8885f66eb av-styling-no-styling avia-align-center  avia-builder-el-11  el_before_av_heading  avia-builder-el-first'   itemprop=\"image\" itemscope=\"itemscope\" itemtype=\"https:\/\/schema.org\/ImageObject\" ><div class=\"avia-image-container-inner\"><div class=\"avia-image-overlay-wrap\"><img fetchpriority=\"high\" decoding=\"async\" class='wp-image-6577 avia-img-lazy-loading-not-6577 avia_image' src=\"https:\/\/baghouse.com\/wp-content\/uploads\/2018\/03\/dust-collection-systems1.jpg\" alt='' title='dust-collection-systems1' height=\"1344\" width=\"1000\"  itemprop=\"thumbnailUrl\" srcset=\"https:\/\/baghouse.com\/wp-content\/uploads\/2018\/03\/dust-collection-systems1.jpg 1000w, https:\/\/baghouse.com\/wp-content\/uploads\/2018\/03\/dust-collection-systems1-223x300.jpg 223w, https:\/\/baghouse.com\/wp-content\/uploads\/2018\/03\/dust-collection-systems1-768x1032.jpg 768w, https:\/\/baghouse.com\/wp-content\/uploads\/2018\/03\/dust-collection-systems1-766x1030.jpg 766w, https:\/\/baghouse.com\/wp-content\/uploads\/2018\/03\/dust-collection-systems1-525x705.jpg 525w, https:\/\/baghouse.com\/wp-content\/uploads\/2018\/03\/dust-collection-systems1-450x605.jpg 450w\"  sizes=\"(max-width: 1000px) 100vw, 1000px\" \/><\/div><\/div><\/div><br \/>\n\n<style type=\"text\/css\" data-created_by=\"avia_inline_auto\" id=\"style-css-av-av_heading-00f7523076518bc900f2de25434bff11\">\n#top .av-special-heading.av-av_heading-00f7523076518bc900f2de25434bff11{\npadding-bottom:10px;\n}\nbody .av-special-heading.av-av_heading-00f7523076518bc900f2de25434bff11 .av-special-heading-tag .heading-char{\nfont-size:25px;\n}\n.av-special-heading.av-av_heading-00f7523076518bc900f2de25434bff11 .av-subheading{\nfont-size:15px;\n}\n<\/style>\n<div  class='av-special-heading av-av_heading-00f7523076518bc900f2de25434bff11 av-special-heading-h3 blockquote modern-quote  avia-builder-el-12  el_after_av_image  el_before_av_textblock'><h3 class='av-special-heading-tag'  itemprop=\"headline\"  >Profesionales expertos<\/h3><div class=\"special-heading-border\"><div class=\"special-heading-inner-border\"><\/div><\/div><\/div><br \/>\n<section  class='av_textblock_section av-av_textblock-2de302bf1aa3cf4c9157dbe6f50ac7eb'   itemscope=\"itemscope\" itemtype=\"https:\/\/schema.org\/CreativeWork\" ><div class='avia_textblock'  itemprop=\"text\" ><p>Al trabajar con nuestro personal de Baghouse.com, siempre recibir\u00e1s un trato profesional y respetuoso. Nuestros especialistas en productos y el equipo de dise\u00f1o y ingenier\u00eda est\u00e1n siempre disponibles para ayudar a nuestros clientes con lo que necesiten. Puedes contar con un liderazgo de calidad que comienza en la cima y se extiende a toda nuestra organizaci\u00f3n.<\/p>\n<\/div><\/section><\/p><\/div>\n\n<\/div><\/div><\/div><!-- close content main div --><\/div><\/div>\n<style type=\"text\/css\" data-created_by=\"avia_inline_auto\" id=\"style-css-av-av_section-172c064ad23d9880362e986e26528d3c\">\n.avia-section.av-av_section-172c064ad23d9880362e986e26528d3c{\nbackground-color:#32456b;\nbackground-image:unset;\n}\n<\/style>\n<div id='av_section_3'  class='avia-section av-av_section-172c064ad23d9880362e986e26528d3c main_color avia-section-default avia-no-border-styling  avia-builder-el-14  el_after_av_section  avia-builder-el-last  avia-bg-style-scroll container_wrap sidebar_right'  ><div class='container av-section-cont-open' ><div class='template-page content  av-content-small alpha units'><div class='post-entry post-entry-type-page post-entry-43'><div class='entry-content-wrapper clearfix'>\n\n<style type=\"text\/css\" data-created_by=\"avia_inline_auto\" id=\"style-css-av-av_two_third-15d750bd1b332b34c6e70b077ebbccdf\">\n.flex_column.av-av_two_third-15d750bd1b332b34c6e70b077ebbccdf{\nborder-radius:0px 0px 0px 0px;\npadding:0px 0px 0px 0px;\n}\n<\/style>\n<div  class='flex_column av-av_two_third-15d750bd1b332b34c6e70b077ebbccdf av_two_third  avia-builder-el-15  el_before_av_one_third  avia-builder-el-first  first flex_column_div av-zero-column-padding'     ><style type=\"text\/css\" data-created_by=\"avia_inline_auto\" id=\"style-css-av-av_heading-e451961ccb10863159ebf4020fbf198b\">\n#top .av-special-heading.av-av_heading-e451961ccb10863159ebf4020fbf198b{\npadding-bottom:0;\ncolor:#ffffff;\n}\nbody .av-special-heading.av-av_heading-e451961ccb10863159ebf4020fbf198b .av-special-heading-tag .heading-char{\nfont-size:25px;\n}\n#top #wrap_all .av-special-heading.av-av_heading-e451961ccb10863159ebf4020fbf198b .av-special-heading-tag{\nfont-size:35px;\n}\n.av-special-heading.av-av_heading-e451961ccb10863159ebf4020fbf198b .special-heading-inner-border{\nborder-color:#ffffff;\n}\n.av-special-heading.av-av_heading-e451961ccb10863159ebf4020fbf198b .av-subheading{\nfont-size:15px;\n}\n<\/style>\n<div  class='av-special-heading av-av_heading-e451961ccb10863159ebf4020fbf198b av-special-heading-h1 custom-color-heading  avia-builder-el-16  avia-builder-el-no-sibling  av-thin-font'><h1 class='av-special-heading-tag'  itemprop=\"headline\"  ><span style=\"font-family: \u2018lato\u2019, sans-serif; font-weight: normal;\">APRENDE M\u00c1S SOBRE C\u00d3MO <strong>BAGHOUSE.COM<\/strong> TE PUEDE AYUDAR<\/span><\/h1><div class=\"special-heading-border\"><div class=\"special-heading-inner-border\"><\/div><\/div><\/div><\/div>\n<style type=\"text\/css\" data-created_by=\"avia_inline_auto\" id=\"style-css-av-av_one_third-c8fc129dc35fd1ae2a1e410224d39ea8\">\n.flex_column.av-av_one_third-c8fc129dc35fd1ae2a1e410224d39ea8{\nborder-radius:0px 0px 0px 0px;\npadding:0px 0px 0px 0px;\n}\n<\/style>\n<div  class='flex_column av-av_one_third-c8fc129dc35fd1ae2a1e410224d39ea8 av_one_third  avia-builder-el-17  el_after_av_two_third  avia-builder-el-last  flex_column_div av-zero-column-padding'     ><div  class='avia-button-wrap avia-button-center  avia-builder-el-18  avia-builder-el-no-sibling'>\n<style type=\"text\/css\" data-created_by=\"avia_inline_auto\" id=\"style-css-av-av_button_big-ee35920a8b5c885ac525fbdd567b73d4\">\n#top #wrap_all .avia-button.av-av_button_big-ee35920a8b5c885ac525fbdd567b73d4{\nbackground-color:#ffffff;\nborder-color:#ffffff;\ncolor:#486cb0;\ntransition:all 0.4s ease-in-out;\n}\n#top #wrap_all .avia-button.av-av_button_big-ee35920a8b5c885ac525fbdd567b73d4:hover{\nbackground-color:#c2d9f9;\ncolor:#ffffff;\ntransition:all 0.4s ease-in-out;\n}\n<\/style>\n<a href='http:\/\/baghouse.com\/es\/contact\/' class='avia-button avia-button-fullwidth av-av_button_big-ee35920a8b5c885ac525fbdd567b73d4 avia-icon_select-no avia-color-custom'   aria-label=\"&lt;b&gt;HABLA CON UN EXPERTO&lt;\/b&gt;\"><span class='avia_iconbox_title' ><b>HABLA CON UN EXPERTO<\/b><\/span><\/a><\/div><\/div><\/div><\/div><\/div><!-- close content main div --><\/div><\/div><div id='after_section_3'  class='main_color av_default_container_wrap container_wrap sidebar_right'  ><div class='container av-section-cont-open' ><div class='template-page content  av-content-small alpha units'><div class='post-entry post-entry-type-page post-entry-43'><div class='entry-content-wrapper clearfix'>","protected":false},"excerpt":{"rendered":"","protected":false},"author":1,"featured_media":0,"parent":2,"menu_order":3,"comment_status":"open","ping_status":"open","template":"","meta":{"_acf_changed":false,"footnotes":""},"class_list":["post-43","page","type-page","status-publish","hentry"],"acf":[],"_links":{"self":[{"href":"http:\/\/baghouse.com\/es\/wp-json\/wp\/v2\/pages\/43","targetHints":{"allow":["GET"]}}],"collection":[{"href":"http:\/\/baghouse.com\/es\/wp-json\/wp\/v2\/pages"}],"about":[{"href":"http:\/\/baghouse.com\/es\/wp-json\/wp\/v2\/types\/page"}],"author":[{"embeddable":true,"href":"http:\/\/baghouse.com\/es\/wp-json\/wp\/v2\/users\/1"}],"replies":[{"embeddable":true,"href":"http:\/\/baghouse.com\/es\/wp-json\/wp\/v2\/comments?post=43"}],"version-history":[{"count":0,"href":"http:\/\/baghouse.com\/es\/wp-json\/wp\/v2\/pages\/43\/revisions"}],"up":[{"embeddable":true,"href":"http:\/\/baghouse.com\/es\/wp-json\/wp\/v2\/pages\/2"}],"wp:attachment":[{"href":"http:\/\/baghouse.com\/es\/wp-json\/wp\/v2\/media?parent=43"}],"curies":[{"name":"wp","href":"https:\/\/api.w.org\/{rel}","templated":true}]}}